{"id":2249,"date":"2016-09-27T12:39:15","date_gmt":"2016-09-27T11:39:15","guid":{"rendered":"http:\/\/barcelona2016.aic-iac.org\/?page_id=2249"},"modified":"2018-09-20T10:28:54","modified_gmt":"2018-09-20T09:28:54","slug":"","status":"publish","type":"page","link":"https:\/\/barcelona2016.aic-iac.org\/ca\/congress-archives-2016\/","title":{"rendered":"","raw":""},"content":{"rendered":"","protected":false,"raw":""},"excerpt":{"rendered":"","protected":false,"raw":""},"author":4,"featured_media":2366,"parent":0,"menu_order":0,"comment_status":"closed","ping_status":"closed","template":"","meta":{"_en_post_content":"<table>\r\n<tbody>\r\n<tr>\r\n<td colspan=\"2\"><img class=\"alignnone size-full wp-image-2366\" src=\"https:\/\/barcelona2016.aic-iac.org\/wp-content\/uploads\/sites\/6\/2016\/09\/IMG_8129.jpg\" alt=\"img_8129\" width=\"3000\" height=\"2000\" \/><\/td>\r\n<\/tr>\r\n<tr>\r\n<td>\u00a0<\/td>\r\n<td>\u00a0<\/td>\r\n<\/tr>\r\n<tr>\r\n<td>From 12 to 16 September about 370 participants attended the IAC Congress in Barcelona. This major event\u00a0 gathered around the issue of Ceramic in Architecture and Public Space, many exhibitions and debates.<\/td>\r\n<td>On the Congress archive page, you can discover or rediscover, what happened during this exciting meeting. Such as the exhibitions, summary of the debates, places visited, and special evenings.\u00a0All the contents will be online soon.<\/td>\r\n<\/tr>\r\n<\/tbody>\r\n<\/table>\r\n<p>&nbsp;<\/p>","_en_post_name":"congress-archives-2016","_en_post_excerpt":"The Congress Barcelona 2016 was held in the Disseny Hub Barcelona in September 2016","_en_post_title":"CONGRESS ARCHIVE 2016","_fr_post_content":"<table>\r\n<tbody>\r\n<tr>\r\n<td colspan=\"2\"><img class=\"alignnone size-full wp-image-2366\" src=\"https:\/\/barcelona2016.aic-iac.org\/wp-content\/uploads\/sites\/6\/2016\/09\/IMG_8129.jpg\" alt=\"img_8129\" width=\"3000\" height=\"2000\" \/><\/td>\r\n<\/tr>\r\n<tr>\r\n<td>\u00a0<\/td>\r\n<td>\u00a0<\/td>\r\n<\/tr>\r\n<tr>\r\n<td>\r\n<p>Du 12 au 16 septembre 2016, 370 participants ont assist\u00e9 au Congr\u00e8s Barcelona 2016. Cet \u00e9v\u00e9nement majeur a r\u00e9uni autour du th\u00e8me de \"la C\u00e9ramique dans l'Architecture et l'Espace Public\", plusieurs expositions et conf\u00e9rences.<\/p>\r\n<\/td>\r\n<td>Les archives du Congr\u00e8s relatent les expositions, les visites, les conf\u00e9rences et les c\u00e9r\u00e9monies de cette rencontre m\u00e9morable. L'enti\u00e8ret\u00e9 des contenus sera mis en ligne au fur et \u00e0 mesure.<\/td>\r\n<\/tr>\r\n<\/tbody>\r\n<\/table>\r\n<p>&nbsp;<\/p>","_fr_post_name":"congress-archives-2016","_fr_post_excerpt":"Le Congr\u00e8s Barcelona 2016 s'est d\u00e9roul\u00e9 au Disseny Hub Barcelona en septembre 2016","_fr_post_title":"Archives du congr\u00e8s","_es_post_content":"","_es_post_name":"","_es_post_excerpt":"","_es_post_title":"","_ca_post_content":"","_ca_post_name":"","_ca_post_excerpt":"","_ca_post_title":"","edit_language":"ca","footnotes":""},"class_list":["post-2249","page","type-page","status-publish","has-post-thumbnail","hentry"],"_links":{"self":[{"href":"https:\/\/barcelona2016.aic-iac.org\/ca\/wp-json\/wp\/v2\/pages\/2249","targetHints":{"allow":["GET"]}}],"collection":[{"href":"https:\/\/barcelona2016.aic-iac.org\/ca\/wp-json\/wp\/v2\/pages"}],"about":[{"href":"https:\/\/barcelona2016.aic-iac.org\/ca\/wp-json\/wp\/v2\/types\/page"}],"author":[{"embeddable":true,"href":"https:\/\/barcelona2016.aic-iac.org\/ca\/wp-json\/wp\/v2\/users\/4"}],"replies":[{"embeddable":true,"href":"https:\/\/barcelona2016.aic-iac.org\/ca\/wp-json\/wp\/v2\/comments?post=2249"}],"version-history":[{"count":19,"href":"https:\/\/barcelona2016.aic-iac.org\/ca\/wp-json\/wp\/v2\/pages\/2249\/revisions"}],"predecessor-version":[{"id":2769,"href":"https:\/\/barcelona2016.aic-iac.org\/ca\/wp-json\/wp\/v2\/pages\/2249\/revisions\/2769"}],"wp:featuredmedia":[{"embeddable":true,"href":"https:\/\/barcelona2016.aic-iac.org\/ca\/wp-json\/wp\/v2\/media\/2366"}],"wp:attachment":[{"href":"https:\/\/barcelona2016.aic-iac.org\/ca\/wp-json\/wp\/v2\/media?parent=2249"}],"curies":[{"name":"wp","href":"https:\/\/api.w.org\/{rel}","templated":true}]}}