{"id":2251,"date":"2016-09-27T12:45:28","date_gmt":"2016-09-27T11:45:28","guid":{"rendered":"http:\/\/barcelona2016.aic-iac.org\/?page_id=2251"},"modified":"2016-10-01T12:15:16","modified_gmt":"2016-10-01T11:15:16","slug":"","status":"publish","type":"page","link":"https:\/\/barcelona2016.aic-iac.org\/ca\/congress-archives-2016\/iac-members-exhibition\/","title":{"rendered":"","raw":""},"content":{"rendered":"","protected":false,"raw":""},"excerpt":{"rendered":"","protected":false,"raw":""},"author":4,"featured_media":2328,"parent":2249,"menu_order":0,"comment_status":"closed","ping_status":"closed","template":"","meta":{"_en_post_content":"<table>\r\n<tbody>\r\n<tr>\r\n<td colspan=\"2\">\r\n[caption id=\"attachment_2328\" align=\"alignnone\" width=\"3000\"]<img class=\"wp-image-2328 size-full\" src=\"https:\/\/barcelona2016.aic-iac.org\/wp-content\/uploads\/sites\/6\/2016\/09\/membersexhibition16.jpg\" alt=\"membersexhibition16\" width=\"3000\" height=\"1976\" \/> IAC Members' Exihbition, Disseny Hub Barcelona[\/caption]\r\n<\/td>\r\n<\/tr>\r\n<tr>\r\n<td colspan=\"2\">\u00a0<\/td>\r\n<\/tr>\r\n<tr>\r\n<td>\r\n<p>Each two years the International Academy of Ceramics (IAC), presents during its General Assembly and Congress the members' exhibition, which is open to all IAC members: artists. This year, more then 70 members have exhibited their works in relation with the congress' theme \u201cCeramics in Architecture and Public Space\u201d .<\/p>\r\n<\/td>\r\n<td>\r\n<p>The show is open from 12th September to the 9th October 2016 in the Design Museum of Barcelona (Design Hub Barcelona), which is the main venue of the Congress.<\/p>\r\n<p>TO ORDER the Members' Exhibition Catalogue bound edition (Euro 25.- ) or digital format (Euro 10.-), <a href=\"https:\/\/www.aic-iac.org\/en\/contact\/\">contact the IAC office, <\/a>before the end of October 2016. Shipping costs are charged to the customer.<\/p>\r\n<\/td>\r\n<\/tr>\r\n<tr>\r\n<td colspan=\"2\"><img class=\"alignnone size-full wp-image-2309\" src=\"https:\/\/barcelona2016.aic-iac.org\/wp-content\/uploads\/sites\/6\/2016\/09\/affiche-expo-membre-copie.jpg\" alt=\"affiche-expo-membre-copie\" width=\"1715\" height=\"3000\" \/><\/td>\r\n<\/tr>\r\n<tr>\r\n<td>\u00a0<\/td>\r\n<td>\u00a0<\/td>\r\n<\/tr>\r\n<tr>\r\n<td colspan=\"2\">\u00a0<\/td>\r\n<\/tr>\r\n<\/tbody>\r\n<\/table>\r\n<p>\u200b<\/p>\r\n<p>&nbsp;<\/p>\r\n<p>[gallery ids=\"2340,2339,2338,2337,2336,2335,2330,2328,2327,2326,2325,2324,2323,2322,2321,2319,2318,2317,2316,2315,2314\"]<\/p>\r\n<table style=\"background-color: #f5f5f5;\">\r\n<tbody>\r\n<tr>\r\n<td><span class=\"caption\">- Photo copyright IAC office, Charlyne Kolly<\/span><span class=\"caption\"><br \/><\/span><\/td>\r\n<td>\u00a0<\/td>\r\n<\/tr>\r\n<\/tbody>\r\n<\/table>\r\n<p>&nbsp;<\/p>","_en_post_name":"iac-members-exhibition","_en_post_excerpt":"The show is open from 12th September to the 9th October 2016 in the Design Museum of Barcelona","_en_post_title":"IAC MEMBERS EXHIBITION","_fr_post_content":"<table>\r\n<tbody>\r\n<tr>\r\n<td colspan=\"2\">\r\n[caption id=\"attachment_2328\" align=\"alignnone\" width=\"3000\"]<img class=\"wp-image-2328 size-full\" src=\"https:\/\/barcelona2016.aic-iac.org\/wp-content\/uploads\/sites\/6\/2016\/09\/membersexhibition16.jpg\" alt=\"membersexhibition16\" width=\"3000\" height=\"1976\" \/> IAC Members' Exihbition, Disseny Hub Barcelona[\/caption]\r\n<\/td>\r\n<\/tr>\r\n<tr>\r\n<td colspan=\"2\">\u00a0<\/td>\r\n<\/tr>\r\n<tr>\r\n<td>\r\n<p><span id=\"result_box\" class=\"\" lang=\"fr\"><span class=\"\">Lors de son Congr\u00e8s et Assembl\u00e9e G\u00e9n\u00e9rale biennale<\/span><span class=\"\">, l'<\/span>Acad\u00e9mie <span class=\"\">Internationale de la C\u00e9ramique<\/span> (AIC) pr\u00e9sente l'exposition des membres de l'AIC, cet \u00e9v\u00e9nement est ouvert \u00e0 tous les membres artistes. Cette ann\u00e9e, plus de 70 membres ont <span class=\"\">expos\u00e9 leurs \u0153uvres<\/span> en relation avec le th\u00e8me du C<span class=\"\">ongr\u00e8s<\/span>\u00a0 la \"C\u00e9ramique dans l'Architecture et <span class=\"\">l'Espace Public<\/span><span class=\"\">\"<\/span><span class=\"\">.<\/span><\/span><\/p>\r\n<\/td>\r\n<td>\r\n<p>L'exposition se tient du 12 septembre au 9 octobre 2016 au Disseny Hub Barcelona, qui a \u00e9t\u00e9 le si\u00e8ge du Congr\u00e8s.<\/p>\r\n<p>POUR COMMANDER le catalogue de l'Exposition des Membres de l'AIC en format num\u00e9rique (Euro 10.-) ou reli\u00e9 (Euro 25.-), merci de <a href=\"https:\/\/www.aic-iac.org\/contacts\/\">contacter le bureau AIC,<\/a> d'ici fin octobre 2016. Les frais de port sont \u00e0 la charge du client.<\/p>\r\n<div class=\"source_url_spacer\">\u00a0<\/div>\r\n<\/td>\r\n<\/tr>\r\n<tr>\r\n<td colspan=\"2\"><img class=\"alignnone size-full wp-image-2309\" src=\"https:\/\/barcelona2016.aic-iac.org\/wp-content\/uploads\/sites\/6\/2016\/09\/affiche-expo-membre-copie.jpg\" alt=\"affiche-expo-membre-copie\" width=\"1715\" height=\"3000\" \/><\/td>\r\n<\/tr>\r\n<tr>\r\n<td>\u00a0<\/td>\r\n<td>\u00a0<\/td>\r\n<\/tr>\r\n<tr>\r\n<td>Des photographies de l'exposition seront ajout\u00e9es prochainement.\u00a0<\/td>\r\n<td>\u00a0<\/td>\r\n<\/tr>\r\n<\/tbody>\r\n<\/table>\r\n<p>\u200b<\/p>\r\n<p>&nbsp;<\/p>\r\n<p>[gallery ids=\"2340,2339,2338,2337,2336,2335,2330,2328,2327,2326,2325,2324,2323,2322,2321,2319,2318,2317,2316,2315,2314\"]<\/p>\r\n<table style=\"background-color: #f5f5f5;\">\r\n<tbody>\r\n<tr>\r\n<td><span class=\"caption\">- Photo copyright IAC office, Charlyne Kolly<\/span><span class=\"caption\"><br \/><\/span><\/td>\r\n<td>\u00a0<\/td>\r\n<\/tr>\r\n<\/tbody>\r\n<\/table>\r\n<p>&nbsp;<\/p>","_fr_post_name":"iac-members-exhibition","_fr_post_excerpt":"L'exposition se tient du 12 septembre au 9 octobre 2016 au Disseny Hub Barcelona.","_fr_post_title":"Exposition des Membres de l'AIC","_es_post_content":"","_es_post_name":"","_es_post_excerpt":"","_es_post_title":"","_ca_post_content":"","_ca_post_name":"","_ca_post_excerpt":"","_ca_post_title":"","edit_language":"ca","footnotes":""},"class_list":["post-2251","page","type-page","status-publish","has-post-thumbnail","hentry"],"_links":{"self":[{"href":"https:\/\/barcelona2016.aic-iac.org\/ca\/wp-json\/wp\/v2\/pages\/2251","targetHints":{"allow":["GET"]}}],"collection":[{"href":"https:\/\/barcelona2016.aic-iac.org\/ca\/wp-json\/wp\/v2\/pages"}],"about":[{"href":"https:\/\/barcelona2016.aic-iac.org\/ca\/wp-json\/wp\/v2\/types\/page"}],"author":[{"embeddable":true,"href":"https:\/\/barcelona2016.aic-iac.org\/ca\/wp-json\/wp\/v2\/users\/4"}],"replies":[{"embeddable":true,"href":"https:\/\/barcelona2016.aic-iac.org\/ca\/wp-json\/wp\/v2\/comments?post=2251"}],"version-history":[{"count":47,"href":"https:\/\/barcelona2016.aic-iac.org\/ca\/wp-json\/wp\/v2\/pages\/2251\/revisions"}],"predecessor-version":[{"id":2635,"href":"https:\/\/barcelona2016.aic-iac.org\/ca\/wp-json\/wp\/v2\/pages\/2251\/revisions\/2635"}],"up":[{"embeddable":true,"href":"https:\/\/barcelona2016.aic-iac.org\/ca\/wp-json\/wp\/v2\/pages\/2249"}],"wp:featuredmedia":[{"embeddable":true,"href":"https:\/\/barcelona2016.aic-iac.org\/ca\/wp-json\/wp\/v2\/media\/2328"}],"wp:attachment":[{"href":"https:\/\/barcelona2016.aic-iac.org\/ca\/wp-json\/wp\/v2\/media?parent=2251"}],"curies":[{"name":"wp","href":"https:\/\/api.w.org\/{rel}","templated":true}]}}