{"id":2387,"date":"2016-09-29T16:54:59","date_gmt":"2016-09-29T15:54:59","guid":{"rendered":"http:\/\/barcelona2016.aic-iac.org\/?page_id=2387"},"modified":"2018-09-22T16:06:26","modified_gmt":"2018-09-22T15:06:26","slug":"","status":"publish","type":"page","link":"https:\/\/barcelona2016.aic-iac.org\/ca\/congress-archives-2016\/conferences\/","title":{"rendered":"","raw":""},"content":{"rendered":"","protected":false,"raw":""},"excerpt":{"rendered":"","protected":false,"raw":""},"author":4,"featured_media":2392,"parent":2249,"menu_order":0,"comment_status":"closed","ping_status":"closed","template":"","meta":{"_en_post_content":"<table>\r\n<tbody>\r\n<tr>\r\n<td colspan=\"2\">\r\n[caption id=\"attachment_2397\" align=\"alignnone\" width=\"2500\"]<img class=\"wp-image-2397 size-full\" src=\"https:\/\/barcelona2016.aic-iac.org\/wp-content\/uploads\/sites\/6\/2016\/09\/IMG_9041small1.jpg\" alt=\"img_9041small\" width=\"2500\" height=\"1667\" \/> Jes\u00fas \u00c0ngel Prieto, Jacques Kaufmann, Sofia Tjernstr\u00f6m, David Tapias Monn\u00e9[\/caption]\r\n<\/td>\r\n<\/tr>\r\n<tr>\r\n<td>\r\n<p>\u00a0<span style=\"text-decoration: underline;\">Debate sessions<\/span><\/p>\r\n<p>Congress theme \"Ceramics in Architecture and Public Space\" has been divided into three parts with one theme devoted to each meeting day. In addition to this program, the first day, Monday 12.09.2016, there has been an opening session with Amanda Levete, Maximiliano Arrocet and Toni Cumella<\/p>\r\n<p>Tuesday :<\/p>\r\n<ul>\r\n<li>Art and nature: Ceramics in Modernist Architecture.<\/li>\r\n<\/ul>\r\n<p>Wednesday:<\/p>\r\n<ul>\r\n<li>Contemporary Architecture and Ceramics: Sustainability.<\/li>\r\n<\/ul>\r\n<p>Thursday:<\/p>\r\n<ul>\r\n<li>Ceramics, Sculpture and Public Spaces: <br \/>Urban, Artistic and Anthropological Visions.<\/li>\r\n<\/ul>\r\n<p>The contents of the debate sessions will be coming soon.<\/p>\r\n<p>&nbsp;<\/p>\r\n<\/td>\r\n<td>\r\n<p><img class=\"alignnone size-full wp-image-2396\" src=\"https:\/\/barcelona2016.aic-iac.org\/wp-content\/uploads\/sites\/6\/2016\/09\/IMG_8190-small.jpg\" alt=\"img_8190-small\" width=\"3000\" height=\"2000\" \/><\/p>\r\n<p><img class=\"alignnone size-full wp-image-2395\" src=\"https:\/\/barcelona2016.aic-iac.org\/wp-content\/uploads\/sites\/6\/2016\/09\/IMG_small.jpg\" alt=\"img_small\" width=\"3000\" height=\"2000\" \/><\/p>\r\n<\/td>\r\n<\/tr>\r\n<tr>\r\n<td><span style=\"text-decoration: underline;\">LECTURES<\/span><\/td>\r\n<td>\u00a0<\/td>\r\n<\/tr>\r\n<\/tbody>\r\n<\/table>\r\n<p>&nbsp;<\/p>","_en_post_name":"conferences","_en_post_excerpt":"Read abstracts of lectures","_en_post_title":"Debate sessions archive","_fr_post_content":"<table>\r\n<tbody>\r\n<tr>\r\n<td colspan=\"2\">\r\n[caption id=\"attachment_2397\" align=\"alignnone\" width=\"2500\"]<img class=\"wp-image-2397 size-full\" src=\"https:\/\/barcelona2016.aic-iac.org\/wp-content\/uploads\/sites\/6\/2016\/09\/IMG_9041small1.jpg\" alt=\"img_9041small\" width=\"2500\" height=\"1667\" \/> Jes\u00fas \u00c0ngel Prieto, Jacques Kaufmann, Sofia Tjernstr\u00f6m, David Tapias Monn\u00e9[\/caption]\r\n<\/td>\r\n<\/tr>\r\n<tr>\r\n<td>\r\n<p><span style=\"text-decoration: underline;\">Sessions de d\u00e9bats<br \/><\/span><\/p>\r\n<p>Le th\u00e8me principal du Congr\u00e8s \"La C\u00e9ramique dans l'Architecture et l'Espace Public\" a \u00e9t\u00e9 divis\u00e9 en trois parties. Chaque session a \u00e9t\u00e9 consacr\u00e9e\u00a0 \u00e0 l'une d\u2019elles. La session d\u2019inauguration qui s'est d\u00e9roul\u00e9e lundi 12 septembre 2016, a \u00e9t\u00e9 pr\u00e9sent\u00e9e par Jes\u00fas\u00a0\u00c0ngel Prieto, Amanda Levete, Maximiliano Arrocet et Toni Cumella.<\/p>\r\n<p>Mardi:<\/p>\r\n<ul>\r\n<li>C\u00e9ramique dans l\u2019architecture et l\u2019espace public aujourd\u2019hui\u00a0<\/li>\r\n<\/ul>\r\n<p>Mercredi:<\/p>\r\n<ul>\r\n<li>Art et nature: La c\u00e9ramique dans l\u2019architecture Moderniste (Art Nouveau)<\/li>\r\n<\/ul>\r\n<p>Jeudi:<\/p>\r\n<ul>\r\n<li>L\u2019architecture contemporaine et la c\u00e9ramique: durabilit\u00e9<\/li>\r\n<\/ul>\r\n<p>Les contenus des conf\u00e9rences seront prochainement disponibles sur cette page.<\/p>\r\n<p>&nbsp;<\/p>\r\n<p>&nbsp;<\/p>\r\n<\/td>\r\n<td>\r\n<p><img class=\"alignnone size-full wp-image-2394\" src=\"https:\/\/barcelona2016.aic-iac.org\/wp-content\/uploads\/sites\/6\/2016\/09\/IMG_7977small.jpg\" alt=\"img_7977small\" width=\"3000\" height=\"2000\" \/><\/p>\r\n<p><img class=\"alignnone size-full wp-image-2396\" src=\"https:\/\/barcelona2016.aic-iac.org\/wp-content\/uploads\/sites\/6\/2016\/09\/IMG_8190-small.jpg\" alt=\"img_8190-small\" width=\"3000\" height=\"2000\" \/><\/p>\r\n<p><img class=\"alignnone size-full wp-image-2395\" src=\"https:\/\/barcelona2016.aic-iac.org\/wp-content\/uploads\/sites\/6\/2016\/09\/IMG_small.jpg\" alt=\"img_small\" width=\"3000\" height=\"2000\" \/><\/p>\r\n<\/td>\r\n<\/tr>\r\n<tr>\r\n<td>\u00a0<\/td>\r\n<td>\u00a0<\/td>\r\n<\/tr>\r\n<\/tbody>\r\n<\/table>\r\n<p>&nbsp;<\/p>","_fr_post_name":"conferences","_fr_post_excerpt":"Les contenus des conf\u00e9rences seront prochainement disponibles sur cette page.","_fr_post_title":"Archives des conf\u00e9rences","_es_post_content":"","_es_post_name":"","_es_post_excerpt":"","_es_post_title":"","_ca_post_content":"","_ca_post_name":"","_ca_post_excerpt":"","_ca_post_title":"","edit_language":"ca","footnotes":""},"class_list":["post-2387","page","type-page","status-publish","has-post-thumbnail","hentry"],"_links":{"self":[{"href":"https:\/\/barcelona2016.aic-iac.org\/ca\/wp-json\/wp\/v2\/pages\/2387","targetHints":{"allow":["GET"]}}],"collection":[{"href":"https:\/\/barcelona2016.aic-iac.org\/ca\/wp-json\/wp\/v2\/pages"}],"about":[{"href":"https:\/\/barcelona2016.aic-iac.org\/ca\/wp-json\/wp\/v2\/types\/page"}],"author":[{"embeddable":true,"href":"https:\/\/barcelona2016.aic-iac.org\/ca\/wp-json\/wp\/v2\/users\/4"}],"replies":[{"embeddable":true,"href":"https:\/\/barcelona2016.aic-iac.org\/ca\/wp-json\/wp\/v2\/comments?post=2387"}],"version-history":[{"count":17,"href":"https:\/\/barcelona2016.aic-iac.org\/ca\/wp-json\/wp\/v2\/pages\/2387\/revisions"}],"predecessor-version":[{"id":2755,"href":"https:\/\/barcelona2016.aic-iac.org\/ca\/wp-json\/wp\/v2\/pages\/2387\/revisions\/2755"}],"up":[{"embeddable":true,"href":"https:\/\/barcelona2016.aic-iac.org\/ca\/wp-json\/wp\/v2\/pages\/2249"}],"wp:featuredmedia":[{"embeddable":true,"href":"https:\/\/barcelona2016.aic-iac.org\/ca\/wp-json\/wp\/v2\/media\/2392"}],"wp:attachment":[{"href":"https:\/\/barcelona2016.aic-iac.org\/ca\/wp-json\/wp\/v2\/media?parent=2387"}],"curies":[{"name":"wp","href":"https:\/\/api.w.org\/{rel}","templated":true}]}}