{"id":713,"date":"2015-12-27T17:11:44","date_gmt":"2015-12-27T16:11:44","guid":{"rendered":"http:\/\/barcelona2016.aic-iac.org\/?page_id=713"},"modified":"2016-05-26T14:43:37","modified_gmt":"2016-05-26T13:43:37","slug":"","status":"publish","type":"page","link":"https:\/\/barcelona2016.aic-iac.org\/ca\/ceramic-tours-and-activities-in-barcelona\/","title":{"rendered":"","raw":""},"content":{"rendered":"","protected":false,"raw":""},"excerpt":{"rendered":"","protected":false,"raw":""},"author":4,"featured_media":499,"parent":0,"menu_order":1,"comment_status":"closed","ping_status":"closed","template":"","meta":{"_en_post_content":"<table>\r\n<tbody>\r\n<tr>\r\n<td>\r\n<p>Every afternoon special tours are arranged to take congress participants to outstanding landmarks of ceramic interest. Visits to buildings, exhibits and special activities (dinners, concerts, performances, activities, etc. will extend to the evening hours as well. All visits will be guided by specialists in ceramics in different languages (English, French, Spanish and Catalan).<\/p>\r\n<\/td>\r\n<td>\r\n[caption id=\"attachment_499\" align=\"alignnone\" width=\"3883\"]<img class=\"wp-image-499 size-full\" src=\"https:\/\/barcelona2016.aic-iac.org\/wp-content\/uploads\/sites\/6\/2015\/09\/F11_Palau_musica.jpg\" alt=\"F11_Palau_musica\" width=\"3883\" height=\"2589\" \/> Palau de la M\u00fasica[\/caption]\r\n<\/td>\r\n<\/tr>\r\n<\/tbody>\r\n<\/table>\r\n<p>&nbsp;<\/p>","_en_post_name":"ceramic-tours-and-activities-in-barcelona","_en_post_excerpt":"Every afternoon special tours are arranged to take congress participants to outstanding landmarks of ceramic interest.","_en_post_title":"CERAMIC TOURS AND ACTIVITIES IN BARCELONA:  VISITING UNIQUE LANDMARKS AND LOCATIONS","_fr_post_content":"<table>\r\n<tbody>\r\n<tr>\r\n<td>\r\n<p><span style=\"color: #000000;\">Tous les apr\u00e8s-midis plusieurs visites de b\u00e2timents, lieux et expositions en lien avec la c\u00e9ramique sont organis\u00e9es. <\/span><\/p>\r\n<p><span style=\"color: #000000;\">Les participant pourront choisir selon leurs envies un des circuits d\u00e9di\u00e9s \u00e0 la c\u00e9ramique. Ces visites seront comment\u00e9es par un sp\u00e9cialiste du domaine en plusieurs langues: anglais, fran\u00e7ais, espagnole et catalan.<\/span><\/p>\r\n<\/td>\r\n<td>\r\n[caption id=\"attachment_499\" align=\"alignnone\" width=\"3883\"]<img class=\"wp-image-499 size-full\" src=\"https:\/\/barcelona2016.aic-iac.org\/wp-content\/uploads\/sites\/6\/2015\/09\/F11_Palau_musica.jpg\" alt=\"F11_Palau_musica\" width=\"3883\" height=\"2589\" \/> Palau de la M\u00fasica[\/caption]\r\n<\/td>\r\n<\/tr>\r\n<\/tbody>\r\n<\/table>\r\n<p>&nbsp;<\/p>","_fr_post_name":"ceramic-tours-and-activities-in-barcelona","_fr_post_excerpt":"Tous les apr\u00e8s-midis plusieurs visites en lien avec la c\u00e9ramique sont organis\u00e9es","_fr_post_title":"apr\u00e8s-midis visites \u00e0 Barcelone","_es_post_content":"<table>\r\n<tbody>\r\n<tr>\r\n<td>\r\n<p>El congreso ofrece, adem\u00e1s de sesiones de debate y Ponencias, visitas a museos, edificios y espacios emblem\u00e1ticos de aplicaci\u00f3n de la cer\u00e1mica en la arquitectura y exposiciones especiales durante las tardes de lunes a mi\u00e9rcoles. El jueves no hay visitas ya que se celebra la segunda parte de la Asamblea General y el viernes se dedicar\u00e1 a hacer un recorrido por los lugares cer\u00e1micos m\u00e1s interesantes de Catalunya.<\/p>\r\n<p>Todas las visitas ser\u00e1n guiadas por especialistas en la cer\u00e1mica en diferentes idiomas.<\/p>\r\n<p>Los participantes deben elegir una de las rutas disponibles. A cada ruta se ha asignado un idioma y los lugares a visitar cada d\u00eda del congreso.<\/p>\r\n<\/td>\r\n<td>\r\n[caption id=\"attachment_499\" align=\"alignnone\" width=\"3883\"]<img class=\"wp-image-499 size-full\" src=\"https:\/\/barcelona2016.aic-iac.org\/wp-content\/uploads\/sites\/6\/2015\/09\/F11_Palau_musica.jpg\" alt=\"F11_Palau_musica\" width=\"3883\" height=\"2589\" \/> Palau de la M\u00fasica[\/caption]\r\n<\/td>\r\n<\/tr>\r\n<\/tbody>\r\n<\/table>\n<br \/>","_es_post_name":"ceramic-tours-and-activities-in-barcelona","_es_post_excerpt":"Todas las visitas ser\u00e1n guiadas por especialistas en la cer\u00e1mica en diferentes idiomas.","_es_post_title":"VISITAS A MUSEOS, EDIFICIOS Y EXPOSICIONES DE INTER\u00c9S CER\u00c1MICO EN BARCELONA","_ca_post_content":"","_ca_post_name":"","_ca_post_excerpt":"","_ca_post_title":"","edit_language":"ca","footnotes":""},"class_list":["post-713","page","type-page","status-publish","has-post-thumbnail","hentry"],"_links":{"self":[{"href":"https:\/\/barcelona2016.aic-iac.org\/ca\/wp-json\/wp\/v2\/pages\/713","targetHints":{"allow":["GET"]}}],"collection":[{"href":"https:\/\/barcelona2016.aic-iac.org\/ca\/wp-json\/wp\/v2\/pages"}],"about":[{"href":"https:\/\/barcelona2016.aic-iac.org\/ca\/wp-json\/wp\/v2\/types\/page"}],"author":[{"embeddable":true,"href":"https:\/\/barcelona2016.aic-iac.org\/ca\/wp-json\/wp\/v2\/users\/4"}],"replies":[{"embeddable":true,"href":"https:\/\/barcelona2016.aic-iac.org\/ca\/wp-json\/wp\/v2\/comments?post=713"}],"version-history":[{"count":10,"href":"https:\/\/barcelona2016.aic-iac.org\/ca\/wp-json\/wp\/v2\/pages\/713\/revisions"}],"predecessor-version":[{"id":1461,"href":"https:\/\/barcelona2016.aic-iac.org\/ca\/wp-json\/wp\/v2\/pages\/713\/revisions\/1461"}],"wp:featuredmedia":[{"embeddable":true,"href":"https:\/\/barcelona2016.aic-iac.org\/ca\/wp-json\/wp\/v2\/media\/499"}],"wp:attachment":[{"href":"https:\/\/barcelona2016.aic-iac.org\/ca\/wp-json\/wp\/v2\/media?parent=713"}],"curies":[{"name":"wp","href":"https:\/\/api.w.org\/{rel}","templated":true}]}}