{"id":755,"date":"2015-12-28T15:20:58","date_gmt":"2015-12-28T14:20:58","guid":{"rendered":"http:\/\/barcelona2016.aic-iac.org\/?page_id=755"},"modified":"2016-04-10T15:05:07","modified_gmt":"2016-04-10T14:05:07","slug":"","status":"publish","type":"page","link":"https:\/\/barcelona2016.aic-iac.org\/ca\/ceramic-tours-and-activities-in-barcelona\/afternoon-15th-september-thursday\/","title":{"rendered":"","raw":""},"content":{"rendered":"","protected":false,"raw":""},"excerpt":{"rendered":"","protected":false,"raw":""},"author":4,"featured_media":498,"parent":713,"menu_order":0,"comment_status":"closed","ping_status":"closed","template":"","meta":{"_en_post_content":"<table>\r\n<tbody>\r\n<tr>\r\n<td>\r\n<p><span style=\"text-decoration: underline;\">Barcelona tour by public ceramics and exhibitions<\/span><strong><br \/><\/strong><\/p>\r\n<p>Every afternoon special tours are arranged to take congress participants to outstanding landmarks of ceramic interest. Thursday 15th September participants must choose one of the three options (A, B or C). This is the same program of Monday 12<sup>th<\/sup> September<\/p>\r\n<p>All visits will be guided by specialists in ceramics in different languages (English, French, Spanish and Catalan).<\/p>\r\n<\/td>\r\n<td><a href=\"https:\/\/barcelona2016.aic-iac.org\/wp-content\/uploads\/sites\/6\/2015\/09\/M2-Barcelona.jpg\"><img class=\"alignnone size-full wp-image-475\" src=\"https:\/\/barcelona2016.aic-iac.org\/wp-content\/uploads\/sites\/6\/2015\/09\/M2-Barcelona-copie2.jpg\" alt=\"M2-Barcelona - copie\" width=\"1915\" height=\"2085\" \/><\/a>\r\n<p><a href=\"https:\/\/barcelona2016.aic-iac.org\/wp-content\/uploads\/sites\/6\/2015\/09\/M2-Barcelona.jpg\">Detail of map situation<\/a><\/p>\r\n<\/td>\r\n<\/tr>\r\n<tr>\r\n<td>\r\n<p><strong>OPTION A: <\/strong><br \/><strong>PICASSO MUSEUM AND PALAU DE LA M\u00d9SICA<\/strong><\/p>\r\n<p>16:00 <br \/>Depart from Llotja Ceramics School (Bus Pickup)<\/p>\r\n<p>&nbsp;<\/p>\r\n<p><strong><span style=\"text-decoration: underline;\">Group A1:<\/span><br \/>Palau de la M\u00fasica and Picasso Museum<\/strong><\/p>\r\n<p>16:30<br \/>Palau de la M\u00fasica Catalana (Concert Hall). Guided tour<\/p>\r\n<p>17:45 <br \/>Picasso Museum (Special rooms for IAC Congress)<\/p>\r\n<p>19:30 <br \/>Depart to La Pedrera, bus pickup <a href=\"https:\/\/barcelona2016.aic-iac.org\/program\/ceramic-evenings-september-12-to-15\/evening-15th-september-thursday\/\">(See details of the evening events)<\/a><\/p>\r\n<p>&nbsp;<\/p>\r\n<p><strong><span style=\"text-decoration: underline;\">Group A2:<\/span> <br \/><\/strong><strong>Picasso Museum and Palau de la M\u00fasica<\/strong><\/p>\r\n<p>16:30<br \/>Picasso Museum (Special rooms for IAC Congress)<\/p>\r\n<p>17:45<br \/>Palau de la M\u00fasica Catalana (Concert Hall). Guided tour<\/p>\r\n<p>19:30<br \/>Depart to La Pedrera, bus pickup <a href=\"https:\/\/barcelona2016.aic-iac.org\/program\/ceramic-evenings-september-12-to-15\/evening-15th-september-thursday\/\">(See details of the evening events)<\/a><\/p>\r\n<p>&nbsp;<\/p>\r\n<p>&nbsp;<\/p>\r\n<\/td>\r\n<td>\r\n<p><strong>OPTION B:<\/strong><br \/><strong>PARK G\u00dcELL<\/strong><\/p>\r\n<p>16:00 <br \/>Depart from DHUB BCN (Bus Pickup)<\/p>\r\n<p>16:30 <br \/>Park G\u00fcell. Special guided visit<\/p>\r\n<p>19:30 <br \/>Depart to La Pedrera, bus pickup <a href=\"https:\/\/barcelona2016.aic-iac.org\/program\/ceramic-evenings-september-12-to-15\/evening-15th-september-thursday\/\">(See details of the evening events)<\/a><\/p>\r\n<p><strong>OPTION C: <\/strong><br \/><strong>CATALAN CERAMICS AND PUBLIC SPACES WALKING TOUR<\/strong><br \/><span style=\"text-decoration: underline;\"><br \/><\/span>16:00<br \/>Depart from DHUB Barcelona (bus)<\/p>\r\n<p>16.30h The following visits will be included:<\/p>\r\n<ul>\r\n<li>\u00a0\u201cThe Kiss\u201d - Ceramic panel by Joan Fontcuberta and Ceramica Cumella<\/li>\r\n<li>CCAM Catalan Crafts Center: Functional ceramics from Catalonia\u00a0<\/li>\r\n<li>Santa Caterina Market \u2013 E. Miralles (architect) Ceramic roof by Cumella<\/li>\r\n<\/ul>\r\n<p>19:30 <br \/>Depart to La Pedrera, bus pickup <a href=\"https:\/\/barcelona2016.aic-iac.org\/program\/ceramic-evenings-september-12-to-15\/evening-15th-september-thursday\/\">(See details of the evening events)<\/a><\/p>\r\n<\/td>\r\n<\/tr>\r\n<tr>\r\n<td colspan=\"2\"><hr \/>\r\n<p>INFORMATION ABOUT PLACES TO BE VISITED THIS DAY:<\/p>\r\n<p>&nbsp;<\/p>\r\n<\/td>\r\n<\/tr>\r\n<tr>\r\n<td><span style=\"text-decoration: underline;\">Picasso Museum<br \/><\/span><a href=\"http:\/\/www.museupicasso.bcn.cat\/en\" target=\"_blank\">www.museupicasso.bcn<\/a>\r\n<p><a href=\"http:\/\/www.museupicasso.bcn.cat\/en\" target=\"_blank\"><br \/><\/a>Guided visit to special rooms of Picasso ceramics prepared for the IAC Congress, photographs of the author making pottery and posters of his ceramics exhibitions in Vallauris (France).<\/p>\r\n<p><span class=\"caption\"><span style=\"text-decoration: underline;\"><img class=\"alignnone size-full wp-image-483\" src=\"https:\/\/barcelona2016.aic-iac.org\/wp-content\/uploads\/sites\/6\/2015\/09\/F2_Psso-Museum.jpg\" alt=\"F2_Psso-Museum\" width=\"1600\" height=\"1200\" \/><\/span>Picasso Museum, Barcelona<\/span><\/p>\r\n<p><span style=\"text-decoration: underline;\">Palau de la M\u00fasica Catalana<br \/><\/span><a href=\"http:\/\/www.palaumusica.cat\/en\" target=\"_blank\">www.palaumusica.cat<\/a><\/p>\r\n<p>1905\u2014Architect: Llu\u00eds Dom\u00e8nech i Montaner (1850-1923).\u00a0Declared World Heritage Site by UNESCO<br \/>Visit to ceramic ressources<\/p>\r\n<p><span class=\"caption\"><img class=\"alignnone size-full wp-image-499\" src=\"https:\/\/barcelona2016.aic-iac.org\/wp-content\/uploads\/sites\/6\/2015\/09\/F11_Palau_musica.jpg\" alt=\"F11_Palau_musica\" width=\"3883\" height=\"2589\" \/>Palau de la Musica<\/span><\/p>\r\n<p><span style=\"text-decoration: underline;\">Barcelona Face<\/span><\/p>\r\n<p>1992 Public sculpture made of ceramics<br \/>Author: Roy Lichtenstein (visit)<\/p>\r\n<p><span class=\"caption\"><img class=\"alignnone size-full wp-image-500\" src=\"https:\/\/barcelona2016.aic-iac.org\/wp-content\/uploads\/sites\/6\/2015\/09\/F13_Lichtenstein_2.jpg\" alt=\"F13_Lichtenstein_2\" width=\"3264\" height=\"2448\" \/>Roy Lichtenstein, Barcelona Face\u00a0<\/span><\/p>\r\n<p><span style=\"text-decoration: underline;\"><span style=\"text-decoration: underline;\">Park G\u00fcell<br \/><\/span><\/span><a href=\"http:\/\/Web site: http:\/\/www.parkguell.cat\/en\/\">Web site: http:\/\/www.parkguell.cat\/en\/<\/a><\/p>\r\n[caption id=\"attachment_1112\" align=\"alignnone\" width=\"1848\"]<img class=\"wp-image-1112 size-full\" src=\"https:\/\/barcelona2016.aic-iac.org\/wp-content\/uploads\/sites\/6\/2015\/12\/Parkguellbanc.jpg\" alt=\"Parkguellbanc\" width=\"1848\" height=\"1443\" \/> Park G\u00fcell[\/caption]\r\n<dl id=\"attachment_493\" class=\"wp-caption alignnone\" style=\"width: 1738px;\">\r\n<dt class=\"wp-caption-dt\"><\/dt>\r\n<\/dl>\r\n<\/td>\r\n<td>\r\n<p><span style=\"text-decoration: underline;\">Association of Catalan Ceramists \u2013ACC<br \/><\/span><a href=\"http:\/\/www.ceramistescat.org\">www.ceramistescat.org<br \/><\/a><\/p>\r\n<p>Exhibition of members of the association<\/p>\r\n<p><span class=\"caption\"><img class=\"alignnone size-full wp-image-496\" src=\"https:\/\/barcelona2016.aic-iac.org\/wp-content\/uploads\/sites\/6\/2015\/09\/F8_ACC_sala_expos-C\u00f2pia.jpg\" alt=\"F8_ACC_sala_expos - C\u00f2pia\" width=\"3648\" height=\"2736\" \/>Exhibitions room of the Catalan Association of Ceramists<\/span><\/p>\r\n<p><span style=\"text-decoration: underline;\">Craft Centre of Catalonia \u2014 Artesania Catalunya<br \/><\/span><a href=\"http:\/\/www.ccam.cat\/ca\/Cos\/areesactuacio:artesania:centreartesaniacatal\" target=\"_blank\">www.ccam.cat<\/a><\/p>\r\n<p>Center of the CCAM (Crafts Consortium) of the Generalitat de Catalunya (Government of Catalonia)<\/p>\r\n<p>Visit to a special double exhibition for the IAC Congress:<br \/>\u2014 Contemporary ceramics of Catalonia<br \/>\u2014 Young Catalan ceramists<\/p>\r\n<p><span class=\"caption\"><img class=\"alignnone size-full wp-image-491\" src=\"https:\/\/barcelona2016.aic-iac.org\/wp-content\/uploads\/sites\/6\/2015\/09\/F5_CraftsCenter.jpg\" alt=\"F5_CraftsCenter\" width=\"1600\" height=\"1200\" \/>Crafts Center of Catalonia, exhibitions room<\/span><\/p>\r\n<p><span style=\"text-decoration: underline;\">Santa Caterina Market<br \/><\/span><a href=\"http:\/\/www.mercatsantacaterina.com\/Index.php\" target=\"_blank\">www.mercatsantacaterina.com<\/a><\/p>\r\n<p>1847, remodelled in 2005 by Enric Miralles.<br \/>Ceramic Roof by Ceramica Cumella <br \/>Special visit for IAC Congress participants.<\/p>\r\n<dl id=\"attachment_498\" class=\"wp-caption alignnone\" style=\"width: 2510px;\">\r\n<dt class=\"wp-caption-dt\">\r\n[caption id=\"attachment_498\" align=\"alignnone\" width=\"2500\"]<img class=\"wp-image-498 size-full\" src=\"https:\/\/barcelona2016.aic-iac.org\/wp-content\/uploads\/sites\/6\/2015\/09\/F10_StaCaterina.jpg\" alt=\"Projekt: Mercado, Barcelona Architekt: Miralles Taliabue\" width=\"2500\" height=\"1128\" \/> Santa Caterina Market[\/caption]\r\n<\/dt>\r\n<\/dl>\r\n<\/td>\r\n<\/tr>\r\n<\/tbody>\r\n<\/table>\r\n<p>&nbsp;<\/p>","_en_post_name":"afternoon-15th-september-thursday","_en_post_excerpt":"Barcelona tour by public ceramics and exhibitions, Participants must choose one of the three options (A, B or C). Option A: Picasso Museum and Palau de la M\u00fasica - Option B: Park G\u00fcell - Option C: Catalan ceramics and public space","_en_post_title":"DAY 4\u2014THURSDAY 15.09.2016, AFTERNOON","_fr_post_content":"<table>\r\n<tbody>\r\n<tr>\r\n<td>\r\n<p><span style=\"text-decoration: underline;\">Parcours c\u00e9ramique \u00e0 Barcelone <\/span><\/p>\r\n<p>Le jeudi 15 septembre,\u00a0 l'apr\u00e8s-midi se d\u00e9roule en deux parties.\u00a0<\/p>\r\n<ul>\r\n<li>de 15:00 \u00e0 17:30 uniquement les membres de l'AIC sont invit\u00e9s \u00e0 participer \u00e0 <a href=\"https:\/\/barcelona2016.aic-iac.org\/fr\/the-general-assembly-of-the-academy-session-2\/\">la deuxi\u00e8me session de l'Assembl\u00e9e G\u00e9n\u00e9rale.<br \/><\/a><\/li>\r\n<li>de 18:00 \u00e0 20:00 des visites \u00e0 choix sont organis\u00e9es pour tous.<\/li>\r\n<\/ul>\r\n<p>&nbsp;<\/p>\r\n<p>&nbsp;<\/p>\r\n<p>&nbsp;<\/p>\r\n<\/td>\r\n<td><a href=\"https:\/\/barcelona2016.aic-iac.org\/wp-content\/uploads\/sites\/6\/2015\/09\/M2-Barcelona.jpg\"><img class=\"alignnone size-full wp-image-475\" src=\"https:\/\/barcelona2016.aic-iac.org\/wp-content\/uploads\/sites\/6\/2015\/09\/M2-Barcelona-copie2.jpg\" alt=\"M2-Barcelona - copie\" width=\"1915\" height=\"2085\" \/><\/a>\r\n<p><a href=\"https:\/\/barcelona2016.aic-iac.org\/wp-content\/uploads\/sites\/6\/2015\/09\/M2-Barcelona.jpg\">D\u00e9tails sur la carte<\/a><\/p>\r\n<\/td>\r\n<\/tr>\r\n<tr>\r\n<td>\r\n<p><span style=\"text-decoration: underline;\">Jeudi 15.09.2016 18:00-20:00h<\/span><\/p>\r\n<p>18.00<br \/><strong>Visites de mus\u00e9es, expositions et b\u00e2timents en lien avec la c\u00e9ramique<\/strong><\/p>\r\n<p>Merci de choisir un des circuits disponibles.<br \/>D\u00e9part en autobus depuis la porte du DHub.<\/p>\r\n<p>Circuit 1:<\/p>\r\n<ul>\r\n<li>Promenade c\u00e9ramique (\u00e0 pied): \u0152uvre Murale Le Baiser- March\u00e9 de Santa Caterina - Expo de C\u00e9ramique Utilitaire Catalane (Salle Artisanat Catalogne - CCAM)<\/li>\r\n<\/ul>\r\n<p>Circuit 2:<\/p>\r\n<ul>\r\n<li>Mus\u00e9e National d\u2019Art de Catalogne (MNAC)<\/li>\r\n<\/ul>\r\n<\/td>\r\n<td>\r\n<p>Circuit 3:<\/p>\r\n<ul>\r\n<li>Park G\u00fcell<\/li>\r\n<\/ul>\r\n<p>Circuit 4:<\/p>\r\n<ul>\r\n<li>Mus\u00e9e. Picasso<\/li>\r\n<\/ul>\r\n<p>Circuit 5:<\/p>\r\n<ul>\r\n<li>Fondation Joan Mir\u00f3<\/li>\r\n<\/ul>\r\n<p>Circuit 6:<\/p>\r\n<ul>\r\n<li>Prix de la Biennale de C\u00e9ramique de El Vendrell \u00e0 La Farinera del Clot<\/li>\r\n<li>Vid\u00e9o et c\u00e9ramique MACBA (Mus\u00e9e d\u2019Art Contemporain de Barcelone)<\/li>\r\n<\/ul>\r\n<\/td>\r\n<\/tr>\r\n<tr>\r\n<td colspan=\"2\">\u00a0<\/td>\r\n<\/tr>\r\n<tr>\r\n<td colspan=\"2\"><hr \/><\/td>\r\n<\/tr>\r\n<tr>\r\n<td colspan=\"2\">\r\n<p>INFORMATIONS CONCERNANT LES VISITES<\/p>\r\n<p>&nbsp;<\/p>\r\n<\/td>\r\n<\/tr>\r\n<tr>\r\n<td><span style=\"text-decoration: underline;\"><a href=\"http:\/\/www.museupicasso.bcn.cat\/enhttp:\/\/www.museupicasso.bcn.cat\/en\">Mus\u00e9e Picasso<\/a><\/span>\r\n<p>Visite guid\u00e9e des salles de c\u00e9ramique Picasso pr\u00e9par\u00e9e pour le Congr\u00e8s AIC, avec des photographies de l'auteur faisant ses poteries et les affiches de ses expositions de c\u00e9ramique \u00e0 Vallauris (France).<\/p>\r\n<p><span class=\"caption\"><span style=\"text-decoration: underline;\"><img class=\"alignnone size-full wp-image-483\" src=\"https:\/\/barcelona2016.aic-iac.org\/wp-content\/uploads\/sites\/6\/2015\/09\/F2_Psso-Museum.jpg\" alt=\"F2_Psso-Museum\" width=\"1600\" height=\"1200\" \/><\/span>Picasso Museum, Barcelona<\/span><\/p>\r\n<p>&nbsp;<\/p>\r\n<p><span style=\"text-decoration: underline;\"><a href=\"http:\/\/www.fmirobcn.org\/enhttp:\/\/www.fmirobcn.org\/en\">Fondation Joan Mir\u00f3<\/a><\/span><\/p>\r\n<p>Visite de la collection permanente, qui inclut quelques \u0153uvres c\u00e9ramique r\u00e9alis\u00e9es par Joan Mir\u00f3 et une exposition sp\u00e9ciale, encore \u00e0 d\u00e9terminer.<span style=\"text-decoration: underline;\"><a href=\"http:\/\/www.fmirobcn.org\/enhttp:\/\/www.fmirobcn.org\/en\"><br \/><\/a><\/span><\/p>\r\n[caption id=\"attachment_484\" align=\"alignnone\" width=\"1772\"]<a href=\"http:\/\/www.fmirobcn.org\/enhttp:\/\/www.fmirobcn.org\/en\"><img class=\"wp-image-484 size-full\" src=\"https:\/\/barcelona2016.aic-iac.org\/wp-content\/uploads\/sites\/6\/2015\/09\/F3_Miro_Foundation-C\u00f2pia.jpg\" alt=\"F3_Miro_Foundation - C\u00f2pia\" width=\"1772\" height=\"1181\" \/><\/a> Fondation Joan Mir\u00f3[\/caption]\r\n<p><span style=\"text-decoration: underline;\"><a href=\"http:\/\/www.palaumusica.cat\">Palau de la M\u00fasica Catalana<\/a><br \/><\/span><br \/>1905\u2014Architecte: Llu\u00eds Dom\u00e8nech i Montaner (1850-1923). Appartient au patrimoine mondial de l'UNESCO<\/p>\r\n<p><span class=\"caption\"><img class=\"alignnone size-full wp-image-499\" src=\"https:\/\/barcelona2016.aic-iac.org\/wp-content\/uploads\/sites\/6\/2015\/09\/F11_Palau_musica.jpg\" alt=\"F11_Palau_musica\" width=\"3883\" height=\"2589\" \/>Palau de la Musica<\/span><\/p>\r\n<p>&nbsp;<\/p>\r\n<p><span style=\"text-decoration: underline;\"><a href=\"http:\/\/Web site: http:\/\/www.parkguell.cat\/en\/\">Park G\u00fcell<\/a><br \/><\/span><\/p>\r\n[caption id=\"attachment_1112\" align=\"alignnone\" width=\"1848\"]<img class=\"wp-image-1112 size-full\" src=\"https:\/\/barcelona2016.aic-iac.org\/wp-content\/uploads\/sites\/6\/2015\/12\/Parkguellbanc.jpg\" alt=\"Parkguellbanc\" width=\"1848\" height=\"1443\" \/> Park G\u00fcell[\/caption]\r\n<p>1900 -1914 \u2013 Antoni Gaud\u00ed (architect)<br \/>Inscrite au Patrimoine Mondial de l\u2019UNESCO<\/p>\r\n<p>S'il existe une \u0153uvre de <strong>Gaud\u00ed<\/strong> o\u00f9 la nature et l'architecture atteignent une identification pleine et surprenante, c'est sans aucun doute le <strong>Park G\u00fcell<\/strong> de Barcelone. Les r\u00e9alisations c\u00e9ramiques du parc sont d\u2019une extraordinaire beaut\u00e9, il s\u2019agit d\u2019un des meilleurs exemples du c\u00e9l\u00e8bre \u00abtrencad\u00eds\u00a0\u00bb catalan (carreaux bris\u00e9s s\u2019adaptant \u00e0 la forme ronde de l\u2019architecture Moderniste et typique de Gaudi).<\/p>\r\n<p>&nbsp;<\/p>\r\n<p><span style=\"text-decoration: underline;\">\u0152uvre Murale Le Bisou<\/span><\/p>\r\n<p><img class=\"alignnone size-full wp-image-256\" src=\"https:\/\/barcelona2016.aic-iac.org\/wp-content\/uploads\/sites\/6\/2015\/09\/I3_TheKiss-copie.jpg\" alt=\"I3_TheKiss - copie\" width=\"1500\" height=\"1125\" \/><\/p>\r\n<p>2014 - Joan Fontcuberta (photographe) - Cer\u00e0mica Cumella (c\u00e9ramiques)<\/p>\r\n<p>\u0152uvre Murale c\u00e9ramique compos\u00e9e de 4.000 carreaux, chacun avec une photographie unique, lesquels forment la grande \u0153uvre murale du Baiser de 8 x 3,8 m\u00e8tres, situ\u00e9e Place Isidre Nonell, pr\u00e8s de la Place de la Cath\u00e9drale.<\/p>\r\n<\/td>\r\n<td>\r\n<p><span style=\"text-decoration: underline;\"><a href=\"http:\/\/www.museunacional.cat\/enhttp:\/\/www.museunacional.cat\/en\">National Art Museum of Catalonia \u2013 MNAC<\/a><\/span><\/p>\r\n[caption id=\"attachment_200\" align=\"alignnone\" width=\"2000\"]<a href=\"http:\/\/www.museunacional.cat\/enhttp:\/\/www.museunacional.cat\/en\"><img class=\"wp-image-200 size-full\" src=\"https:\/\/barcelona2016.aic-iac.org\/wp-content\/uploads\/sites\/6\/2015\/09\/F4_MNAC-Co\u0300pia-copie.jpg\" alt=\"F4_MNAC - Co\u0300pia - copie\" width=\"2000\" height=\"1386\" \/><\/a> MNAC[\/caption]\r\n<p>Visites et activit\u00e9s sp\u00e9ciales, pr\u00e9par\u00e9es pour le Congr\u00e8s AIC :<\/p>\r\n<ul>\r\n<li>Les dialogues de c\u00e9ramique contemporaine et les chefs-d'\u0153uvre classiques du mus\u00e9e. Artistes \u00e0 d\u00e9terminer.<\/li>\r\n<li>La collection permanente avec des pi\u00e8ces c\u00e9ramiques li\u00e9es \u00e0 celles qui apparaissent dans quelques peintures classiques et modernes.<\/li>\r\n<li>Activit\u00e9 sp\u00e9ciale et visite de la grande peinture murale c\u00e9ramique cr\u00e9\u00e9e par Joan Mir\u00f3 et J. Gardy Artigas.<\/li>\r\n<\/ul>\r\n<p>&nbsp;<\/p>\r\n<p><span style=\"text-decoration: underline;\"><a href=\"http:\/\/www.ceramistescat.org\">Association des C\u00e9ramistes de Catalogne \u2013 ACC<\/a><\/span><\/p>\r\n<p>Exposition des membres de l\u2019Association<span style=\"text-decoration: underline;\"><br \/><\/span><\/p>\r\n<p><span class=\"caption\"><img class=\"alignnone size-full wp-image-496\" src=\"https:\/\/barcelona2016.aic-iac.org\/wp-content\/uploads\/sites\/6\/2015\/09\/F8_ACC_sala_expos-C\u00f2pia.jpg\" alt=\"F8_ACC_sala_expos - C\u00f2pia\" width=\"3648\" height=\"2736\" \/>Exhibitions room of the Catalan Association of Ceramists<\/span><\/p>\r\n<p>&nbsp;<\/p>\r\n<p><span style=\"text-decoration: underline;\"><a href=\"http:\/\/www.ccam.cat\/ca\/Cos\/areesactuacio:artesania:centreartesaniacatalhttp:\/\/www.ccam.cat\/ca\/Cos\/areesactuacio:artesania:centreartesaniacatal\">Centre d\u2019Artisanat de Catalogne - Artesania Catalunya \u00daTILMENT<\/a><\/span><\/p>\r\n<p>Centre du CCAM (Consortium d\u2019Artisanat) de Generalitat de Catalunya (Gouvernement de Catalogne) Visite d'une exposition sp\u00e9cialement organis\u00e9e pour le Congr\u00e8s AIC:\u00a0<br \/> C\u00e9ramique fonctionnelle et utilitaire contemporaine. Design et fonctionnalit\u00e9.<\/p>\r\n<p>&nbsp;<\/p>\r\n<p><span class=\"caption\"><img class=\"alignnone size-full wp-image-491\" src=\"https:\/\/barcelona2016.aic-iac.org\/wp-content\/uploads\/sites\/6\/2015\/09\/F5_CraftsCenter.jpg\" alt=\"F5_CraftsCenter\" width=\"1600\" height=\"1200\" \/>Crafts Center of Catalonia, exhibitions room<\/span><\/p>\r\n<p>&nbsp;<\/p>\r\n<p><span style=\"text-decoration: underline;\"><a href=\"http:\/\/www.mercatsantacaterina.com\/Index.php\">March\u00e9 du Santa Caterina<\/a><\/span><\/p>\r\n<p>1847, r\u00e9organis\u00e9 en 2005 par Enric Miralles. <br \/>Toit c\u00e9ramique, par Ceramica Cumella (2005) <br \/>Visite sp\u00e9ciale pour participants du Congr\u00e8s AIC.<\/p>\r\n<dl id=\"attachment_498\" class=\"wp-caption alignnone\" style=\"width: 2510px;\">\r\n<dt class=\"wp-caption-dt\">\r\n[caption id=\"attachment_498\" align=\"alignnone\" width=\"2500\"]<img class=\"wp-image-498 size-full\" src=\"https:\/\/barcelona2016.aic-iac.org\/wp-content\/uploads\/sites\/6\/2015\/09\/F10_StaCaterina.jpg\" alt=\"Projekt: Mercado, Barcelona Architekt: Miralles Taliabue\" width=\"2500\" height=\"1128\" \/> Santa Caterina Market[\/caption]\r\n<\/dt>\r\n<\/dl>\r\n<p>&nbsp;<\/p>\r\n<p><span style=\"text-decoration: underline;\"><a href=\"http:\/\/farinera.org\/\">Centre C\u00edvic La Farinera del Clot<\/a><\/span><\/p>\r\n<p>Exposition des prix de la Biennale de C\u00e9ramique d\u2019El Vendrell.<\/p>\r\n<p>&nbsp;<\/p>\r\n<p><span style=\"text-decoration: underline;\"><a href=\"http:\/\/www.gaudiexperiencia.com\/fr\">Gaud\u00ed Experience<\/a><\/span><\/p>\r\n<p>Vous verrez Gaud\u00ed avec d'autres yeux. Plongez dans l\u2019univers du g\u00e9nie d\u2019une mani\u00e8re interactive et en technologie 4D \u00e0 Gaud\u00ed Experi\u00e8ncia et d\u00e9couvrez les myst\u00e8res et les \u00e9nigmes qui se cachent derri\u00e8re le langage architectural innovateur d'Antoni Gaud\u00ed<\/p>\r\n<\/td>\r\n<\/tr>\r\n<\/tbody>\r\n<\/table>\r\n<p>&nbsp;<\/p>\r\n<p>&nbsp;<\/p>","_fr_post_name":"afternoon-15th-september-thursday","_fr_post_excerpt":"Le jeudi 15 septembre,  l'apr\u00e8s-midi se d\u00e9roule en deux parties. L'Assembl\u00e9e G\u00e9n\u00e9rale uniquement pour les membres qui sera suivie d'une visite \u00e0 choix en fin d'apr\u00e8s-midi. ","_fr_post_title":"jour 4 - jeudi 15.09.2016, apr\u00e8s-midi","_es_post_content":"","_es_post_name":"","_es_post_excerpt":"","_es_post_title":"","_ca_post_content":"","_ca_post_name":"","_ca_post_excerpt":"","_ca_post_title":"","edit_language":"ca","footnotes":""},"class_list":["post-755","page","type-page","status-publish","has-post-thumbnail","hentry"],"_links":{"self":[{"href":"https:\/\/barcelona2016.aic-iac.org\/ca\/wp-json\/wp\/v2\/pages\/755","targetHints":{"allow":["GET"]}}],"collection":[{"href":"https:\/\/barcelona2016.aic-iac.org\/ca\/wp-json\/wp\/v2\/pages"}],"about":[{"href":"https:\/\/barcelona2016.aic-iac.org\/ca\/wp-json\/wp\/v2\/types\/page"}],"author":[{"embeddable":true,"href":"https:\/\/barcelona2016.aic-iac.org\/ca\/wp-json\/wp\/v2\/users\/4"}],"replies":[{"embeddable":true,"href":"https:\/\/barcelona2016.aic-iac.org\/ca\/wp-json\/wp\/v2\/comments?post=755"}],"version-history":[{"count":21,"href":"https:\/\/barcelona2016.aic-iac.org\/ca\/wp-json\/wp\/v2\/pages\/755\/revisions"}],"predecessor-version":[{"id":1345,"href":"https:\/\/barcelona2016.aic-iac.org\/ca\/wp-json\/wp\/v2\/pages\/755\/revisions\/1345"}],"up":[{"embeddable":true,"href":"https:\/\/barcelona2016.aic-iac.org\/ca\/wp-json\/wp\/v2\/pages\/713"}],"wp:featuredmedia":[{"embeddable":true,"href":"https:\/\/barcelona2016.aic-iac.org\/ca\/wp-json\/wp\/v2\/media\/498"}],"wp:attachment":[{"href":"https:\/\/barcelona2016.aic-iac.org\/ca\/wp-json\/wp\/v2\/media?parent=755"}],"curies":[{"name":"wp","href":"https:\/\/api.w.org\/{rel}","templated":true}]}}