{"id":811,"date":"2015-12-28T18:51:07","date_gmt":"2015-12-28T17:51:07","guid":{"rendered":"http:\/\/barcelona2016.aic-iac.org\/?page_id=811"},"modified":"2016-05-26T17:19:54","modified_gmt":"2016-05-26T16:19:54","slug":"","status":"publish","type":"page","link":"https:\/\/barcelona2016.aic-iac.org\/ca\/ceramic-route-september-16\/route-2-esplugues-mataro-argentona\/","title":{"rendered":"","raw":""},"content":{"rendered":"","protected":false,"raw":""},"excerpt":{"rendered":"","protected":false,"raw":""},"author":4,"featured_media":1685,"parent":217,"menu_order":0,"comment_status":"closed","ping_status":"closed","template":"","meta":{"_en_post_content":"<table>\r\n<tbody>\r\n<tr>\r\n<td colspan=\"2\">\r\n<p class=\"size-full wp-image-226\"><img class=\"alignnone size-full wp-image-1685\" src=\"https:\/\/barcelona2016.aic-iac.org\/wp-content\/uploads\/sites\/6\/2015\/12\/M3-RutaCAT2.jpg\" alt=\"Imprimir\" width=\"1559\" height=\"1631\" \/><\/p>\r\n<\/td>\r\n<\/tr>\r\n<tr>\r\n<td>\r\n<p class=\"size-full wp-image-226\">09:00<br \/>Depart from Barcelona to Esplugues de Llobregat<\/p>\r\n<p>09:30<\/p>\r\n<p>Esplugues Visits:<\/p>\r\n<ul>\r\n<li>Old ceramic factory Baronda: exhibition of Angelina Al\u00f3s ceramics and i awarded works of the recent editions of the Esplugues Ceramic Biennial<\/li>\r\n<li>Old tiles factory Pujol i Bausis (La Rajoleta) and experimental firing of ceramic lustre<\/li>\r\n<li>Can Tintur\u00e9 Museum: Exhibition of 18th Esplugues Ceramic Biennial and permanent exhibition of tiles.<\/li>\r\n<li>Montsi\u00f3 Monastery: Gothic cloister and Modernist building.<\/li>\r\n<\/ul>\r\n<p>13:30<br \/>Lunch at Esplugues<\/p>\r\n<p>15:00<br \/>Sant Cugat. Visits:<br \/>Exhibitions and activities around the seminar \"Ceramics: Art and Life\"<\/p>\r\n<\/td>\r\n<td>17:30<br \/>Depart to Matar\u00f3\r\n<p>18:30<br \/>Matar\u00f3. Visita Nau Gaud\u00ed <br \/>(exhibition of WABA brick artists)<\/p>\r\n<p>19:30<br \/>Depart to Argentona<\/p>\r\n<p class=\"size-full wp-image-226\">20:00<br \/>Argentona:<\/p>\r\n<ul>\r\n<li>Visit Pottery Museum C\u00e0ntir<\/li>\r\n<li>Exhibition of ceramics <br \/>of J. Serra and M. Llauder (IAC members)<\/li>\r\n<li>Visit to J. Puig i Cadafalch summer house<\/li>\r\n<\/ul>\r\n<p>21.00<br \/>Argentona<br \/>Church square: Farewell dinner and party<\/p>\r\n<p>23.00<br \/>Return to hotel in Barcelona<\/p>\r\n<p>&nbsp;<\/p>\r\n<\/td>\r\n<\/tr>\r\n<tr>\r\n<td>\r\n<p><span style=\"text-decoration: underline;\">ESPLUGUES DE LLOBREGAT<\/span><\/p>\r\n<p><span style=\"text-decoration: underline;\">Can Tintur\u00e9 Museum<a href=\"http:\/\/www.museus.esplugues.cat\/?lang=en\"><br \/><\/a><\/span><a href=\"http:\/\/www.museus.esplugues.cat\/?lang=en\">www.museus.esplugues.cat<br \/><\/a><a href=\"http:\/\/www.museus.esplugues.cat\/?lang=en\"><br \/><\/a>Collection of preindustrial and industrial tiles (15th-19th centuries)<\/p>\r\n<p><span style=\"text-decoration: underline;\">La Rajoleta Museum (former Pujol i Bausis factory)<\/span><br \/>Old factory that supplied the major Modernist architects with ceramics; important elements have been preserved, particularly the kilns.\u00a0Possible visit to the exhibition of the selected works of the International Biennial of Ceramics Angelina Al\u00f2s.<\/p>\r\n[caption id=\"attachment_226\" align=\"alignnone\" width=\"1589\"]<img class=\"size-full wp-image-226\" src=\"https:\/\/barcelona2016.aic-iac.org\/wp-content\/uploads\/sites\/6\/2015\/09\/H5_esplugues-copie.jpg\" alt=\"La Rajoleta Museum\" width=\"1589\" height=\"2400\" \/> La Rajoleta Museum[\/caption]\r\n<p><span style=\"text-decoration: underline;\">MATARO<\/span><\/p>\r\n<p><span style=\"text-decoration: underline;\">Gaud\u00ed shed (1883)\u00a0<\/span><br \/><a href=\"http:\/\/www.bassatgaudimataro.cat\/en\/\">www.bassatgaudimataro.cat<\/a><\/p>\r\n<p>Architect: Antoni Gaud\u00ed<br \/>First building of Antoni Gaud\u00ed<br \/>Special exhibition of the members of World Association of Brick Artists <a href=\"http:\/\/www.waba-co.com\/\">(WABA)<\/a><\/p>\r\n[caption id=\"attachment_227\" align=\"alignnone\" width=\"300\"]<img class=\"wp-image-227 size-medium\" src=\"https:\/\/barcelona2016.aic-iac.org\/wp-content\/uploads\/sites\/6\/2015\/09\/H8_Argentona_museum-300x193.jpg\" alt=\"H8_Argentona_museum\" width=\"300\" height=\"193\" \/> Ceramics Museum of Argentona[\/caption]\r\n<p>&nbsp;<\/p>\r\n<\/td>\r\n<td>\r\n<p><span style=\"text-decoration: underline;\">ARGENTONA<\/span><\/p>\r\n<p><span style=\"text-decoration: underline;\">Argentona Ceramics Museum (Museu del C\u00e0ntir)<br \/><\/span><a href=\"http:\/\/www.museucantir.org\/enllacos_ang.htm\" target=\"_blank\">www.museucantir.org<\/a><\/p>\r\n<p class=\"wp-image-227 size-medium\">Visit to this museum dedicated to traditional pottery jugs for water and other ceramics. Special exhibitions of contemporary ceramics by Joan Serra and Mia Llauder, members of IAC.<\/p>\r\n<p class=\"wp-image-227 size-medium\"><span style=\"text-decoration: underline;\"><br \/>Casa Puig i Cadafalch<\/span><\/p>\r\n<p>1897-1905,\u00a0Architect Josep Puig i Cadafalch (1867-1956).\u00a0Summer home of this Modernist architect, with many architectural ceramics.<\/p>\r\n[caption id=\"attachment_237\" align=\"alignnone\" width=\"966\"]<img class=\"wp-image-237 size-full\" src=\"https:\/\/barcelona2016.aic-iac.org\/wp-content\/uploads\/sites\/6\/2015\/09\/H9_Puig_house-copie.jpg\" alt=\"H9_Puig_house - copie\" width=\"966\" height=\"882\" \/> Puig I Cadafalch summer house[\/caption]\r\n<p><span style=\"text-decoration: underline;\"><br \/>Casa Gar\u00ed<\/span><\/p>\r\n<p>1898-1900,\u00a0Architect Josep Puig i Cadafalch (1867-1956). Impressive Modernist house and gardens, with important ceramics applied to architecture, gardens and fountains. Farewell dinner in the gardens of Casa Gar\u00ed.<\/p>\r\n[caption id=\"attachment_221\" align=\"alignnone\" width=\"1500\"]<img class=\"wp-image-221 size-full\" src=\"https:\/\/barcelona2016.aic-iac.org\/wp-content\/uploads\/sites\/6\/2015\/09\/H10_Gari-House.jpg\" alt=\"H10_Gari-House\" width=\"1500\" height=\"1000\" \/> Gar\u00ed House[\/caption]\r\n<\/td>\r\n<\/tr>\r\n<\/tbody>\r\n<\/table>\r\n<p>&nbsp;<\/p>","_en_post_name":"route-2-esplugues-mataro-argentona","_en_post_excerpt":"A day full of dicovery ","_en_post_title":"Route 2: Esplugues\u2014 SANT CUGAT\u2014 Matar\u00f3\u2014Argentona","_fr_post_content":"<table>\r\n<tbody>\r\n<tr>\r\n<td colspan=\"2\">\r\n<p class=\"size-full wp-image-226\"><img class=\"alignnone size-full wp-image-1685\" src=\"https:\/\/barcelona2016.aic-iac.org\/wp-content\/uploads\/sites\/6\/2015\/12\/M3-RutaCAT2.jpg\" alt=\"Imprimir\" width=\"1559\" height=\"1631\" \/><\/p>\r\n<\/td>\r\n<\/tr>\r\n<tr>\r\n<td>\r\n<p class=\"size-full wp-image-226\">09:00<br \/> D\u00e9part de Barcelone vers Esplugues de Llobregat<\/p>\r\n<p>09:30<br \/> Esplugues. Visites:<\/p>\r\n<ul>\r\n<li>Ancienne fabrique de c\u00e9ramique Baronda: exposition de c\u00e9ramique d\u2019Angelina et ses travaux r\u00e9compens\u00e9s lors des derni\u00e8res \u00e9ditions de la Biennale de la c\u00e9ramique d\u2019Esplugues\u00a0\u00a0<\/li>\r\n<li>Fabrique de tuiles anciennes Pujol i Bausis (La Rajoleta) et cuisson exp\u00e9rimentale de lustres en c\u00e9ramique<\/li>\r\n<li>Mus\u00e9e Can Tintur\u00e9: Exposition du XVIII\u00e8me si\u00e8cle Biennale de la C\u00e9ramique d\u2019Esplugues et exposition permanente de tuiles.<\/li>\r\n<li>Monast\u00e8re Montsi\u00f3: Cloitre gothique et b\u00e2timent moderniste.<\/li>\r\n<\/ul>\r\n<p>13:30<br \/> D\u00e9jeuner \u00e0 Esplugues<\/p>\r\n<p>15:00<br \/> D\u00e9part pour Sant Cugat<\/p>\r\n<p>15:30<br \/> Sant Cugat. Visites:<\/p>\r\n<ul>\r\n<li>Fondation J. Llorens Artigas<\/li>\r\n<\/ul>\r\n<\/td>\r\n<td>\r\n<p>17:30<br \/>D\u00e9part vers Matar\u00f3<\/p>\r\n<p>18:30<br \/> Visite de la Nau Gaud\u00ed (exposition de WABA brick artists)<\/p>\r\n<p>&nbsp;<\/p>\r\n<p>19:30<br \/> D\u00e9part vers Argentona<\/p>\r\n<p>20:00<\/p>\r\n<p>Argentona. Visites<\/p>\r\n<ul>\r\n<li>Mus\u00e9e de la Poterie \u00ab\u00a0Museu del C\u00e0ntir\u00a0\u00bb<\/li>\r\n<li>Exposition de c\u00e9ramiques de J. Serra et M. Llauder (membres AIC)<\/li>\r\n<li>Maison moderniste de l\u2019architecte J. Puig i Cadafalch<\/li>\r\n<\/ul>\r\n<p>21:00<br \/>Place de l\u2019Eglise. D\u00eener et f\u00eate de cl\u00f4ture du Congr\u00e8s<\/p>\r\n<p>23.00<br \/> Retour \u00e0 l\u2019h\u00f4tel (bus)<\/p>\r\n<p>&nbsp;<\/p>\r\n<\/td>\r\n<\/tr>\r\n<tr>\r\n<td colspan=\"2\"><hr \/>\r\n<p class=\"size-full wp-image-226\">\u00a0INFORMATION SUR LES VISITES<\/p>\r\n<\/td>\r\n<\/tr>\r\n<tr>\r\n<td>\r\n<p><span style=\"text-decoration: underline;\">ESPLUGUES DE LLOBREGAT<\/span><\/p>\r\n<p>Ville de la banlieue de Barcelone o\u00f9 s\u2019install\u00e8rent certaines des plus importantes fabriques de c\u00e9ramique de l\u2019\u00e9poque moderniste, avec des commandes des plus grands architectes de l\u2019\u00e9poque. A noter particuli\u00e8rement, la Fabrique Pujol y Bausis.<\/p>\r\n<p><span style=\"text-decoration: underline;\"><a href=\"http:\/\/www.museus.esplugues.cat\">Mus\u00e9e Can Tintur\u00e9<\/a><a href=\"http:\/\/www.museus.esplugues.cat\/?lang=en\"><br \/><\/a><\/span><a href=\"http:\/\/www.museus.esplugues.cat\/?lang=en\"><br \/><\/a>Collection de tuiles pr\u00e9industrielles et industrielles (XV et XIX\u00e8me si\u00e8cles)<\/p>\r\n[caption id=\"attachment_226\" align=\"alignnone\" width=\"1589\"]<img class=\"size-full wp-image-226\" src=\"https:\/\/barcelona2016.aic-iac.org\/wp-content\/uploads\/sites\/6\/2015\/09\/H5_esplugues-copie.jpg\" alt=\"La Rajoleta Museum\" width=\"1589\" height=\"2400\" \/> La Rajoleta Museum[\/caption]\r\n<p><span style=\"text-decoration: underline;\">Mus\u00e9e La Rajoleta (autrefois fabrique Pujol i Bausis)<\/span><\/p>\r\n<p>Ancienne fabrique qui a fourni en c\u00e9ramique la plus grande partie des architectes Modernistes; d\u2019importants \u00e9l\u00e9ments ont \u00e9t\u00e9 pr\u00e9serv\u00e9s, en particulier les fours.<\/p>\r\n<ul>\r\n<li>Visite de l\u2019exposition des travaux de la <strong>Biennale Internationale de la C\u00e9ramique<\/strong> Angelina Al\u00f2s.<\/li>\r\n<\/ul>\r\n<p>&nbsp;<\/p>\r\n[caption id=\"attachment_227\" align=\"alignnone\" width=\"300\"]<img class=\"wp-image-227 size-medium\" src=\"https:\/\/barcelona2016.aic-iac.org\/wp-content\/uploads\/sites\/6\/2015\/09\/H8_Argentona_museum-300x193.jpg\" alt=\"H8_Argentona_museum\" width=\"300\" height=\"193\" \/> Ceramics Museum of Argentona[\/caption]\r\n<p><span style=\"text-decoration: underline;\">MATARO<\/span><\/p>\r\n<p><a href=\"http:\/\/www.bassatgaudimataro.cat\/en\/http:\/\/\/h\">Le hangar Gaud\u00ed<br \/><\/a>(1883). Architecte: Antoni Gaud\u00ed<br \/>Premier b\u00e2timent d\u2019Antoni Gaud\u00ed. Modeste et g\u00e9nial\u00a0!!<\/p>\r\n<p><a href=\"http:\/\/www.waba-co.com\/http:\/\/\/h\">Exposition sp\u00e9ciale des membres de la World Association of Brick Artists (WABA)<\/a><\/p>\r\n<\/td>\r\n<td>\r\n<p><span style=\"text-decoration: underline;\">ARGENTONA<\/span><\/p>\r\n<p><a href=\"http:\/\/www.museucantir.org\/inici_ang.htm\">Mus\u00e9e de la C\u00e9ramique d\u2019Argentona (Mus\u00e9e du C\u00e0ntir)<\/a><\/p>\r\n<p>Exposition de c\u00e9ramiques contemporaines de Joan Serra et Mia Llauder (membres de l\u2019AIC).<\/p>\r\n[caption id=\"attachment_227\" align=\"alignnone\" width=\"300\"]<img class=\"wp-image-227 size-medium\" src=\"https:\/\/barcelona2016.aic-iac.org\/wp-content\/uploads\/sites\/6\/2015\/09\/H8_Argentona_museum-300x193.jpg\" alt=\"H8_Argentona_museum\" width=\"300\" height=\"193\" \/> Ceramics Museum of Argentona[\/caption]\r\n<p><span style=\"text-decoration: underline;\">Casa Puig i Cadafalch<\/span><\/p>\r\n<p>1897 \u2013 1905 Architecte: Josep Puig i Cadafalch (1867 \u2013 1956) R\u00e9sidence d\u2019\u00e9t\u00e9 de l\u2019architecte Moderniste, comprenant un grand nombre de c\u00e9ramiques architecturales.<\/p>\r\n[caption id=\"attachment_237\" align=\"alignnone\" width=\"966\"]<img class=\"wp-image-237 size-full\" src=\"https:\/\/barcelona2016.aic-iac.org\/wp-content\/uploads\/sites\/6\/2015\/09\/H9_Puig_house-copie.jpg\" alt=\"H9_Puig_house - copie\" width=\"966\" height=\"882\" \/> Puig I Cadafalch summer house[\/caption]\r\n<p>&nbsp;<\/p>\r\n<p><span style=\"text-decoration: underline;\">\u00a0<\/span><\/p>\r\n<\/td>\r\n<\/tr>\r\n<\/tbody>\r\n<\/table>\r\n<p>&nbsp;<\/p>","_fr_post_name":"route-2-esplugues-mataro-argentona","_fr_post_excerpt":"Une journ\u00e9e de visite riche en d\u00e9couverte est pr\u00e9vue et traverse plusieurs villes de Catalogne","_fr_post_title":"circuit 2: ESPLUGUES \u2013 SANT CUGAT - MATAR\u00d3 - ARGENTONA","_es_post_content":"<table>\r\n<tbody>\r\n<tr>\r\n<td colspan=\"2\">\r\n<p class=\"size-full wp-image-226\"><img class=\"alignnone size-full wp-image-1685\" src=\"https:\/\/barcelona2016.aic-iac.org\/wp-content\/uploads\/sites\/6\/2015\/12\/M3-RutaCAT2.jpg\" alt=\"Imprimir\" width=\"1559\" height=\"1631\" \/><\/p>\r\n<\/td>\r\n<\/tr>\r\n<tr>\r\n<td>\r\n<p class=\"size-full wp-image-226\">09:00<br \/>Salida de Barcelona hacia Esplugues<\/p>\r\n<p>09:30<br \/>Esplugues de Llobregat. Visitas:<\/p>\r\n<ul>\r\n<li>Antigua f\u00e1brica de cer\u00e1mica Baronda: exposici\u00f3n de la ceramista Angelina Al\u00f3s y obras\u00a0\u00a0\u00a0\u00a0\u00a0\u00a0 \u00a0\u00a0\u00a0\u00a0\u00a0\u00a0\u00a0\u00a0\u00a0\u00a0\u00a0\u00a0\u00a0\u00a0\u00a0\u00a0\u00a0 premiadas ediciones recientes de la Bienal de Cer\u00e1mica de Esplugues<\/li>\r\n<li>Antigua f\u00e1brica Pujol i Bausis (La Rajoleta) y hornada experimental de reflejo met\u00e1lico<\/li>\r\n<li>Museo de Can Tintur\u00e9: Exposici\u00f3n 18\u00aa Bienal de Cer\u00e1mica de Esplugues y exposici\u00f3n\u00a0\u00a0\u00a0\u00a0\u00a0\u00a0\u00a0\u00a0\u00a0\u00a0 \u00a0\u00a0\u00a0\u00a0\u00a0\u00a0\u00a0\u00a0\u00a0\u00a0\u00a0\u00a0\u00a0\u00a0\u00a0\u00a0\u00a0 permanente de azulejos de muestra<\/li>\r\n<li>Monasterio de Montsi\u00f3: Claustro g\u00f3tico y Modernista<\/li>\r\n<\/ul>\r\n<p>13:30<br \/>Almuerzo en Esplugues<\/p>\r\n<p>15:00<br \/>Salida hacia Sant Cugat<\/p>\r\n<p>15:30<br \/>Sant Cugat del Vall\u00e8s. Visitas:<br \/>Exposiciones y actividades en torno a las jornadas \"Cer\u00e1mica .: Arte y Vida\"<\/p>\r\n<\/td>\r\n<td>\r\n<p>17.30<br \/>Salida hacia Matar\u00f3<\/p>\r\n<p>18:30<br \/>Matar\u00f3. Visitas:<\/p>\r\n<ul>\r\n<li>Nau Gaud\u00ed<\/li>\r\n<li>Exposici\u00f3n Grupo WABA (esculturas con ladrillo)<\/li>\r\n<\/ul>\r\n<p><span style=\"font-family: inherit; line-height: 1.5;\">19:30<br \/><\/span>Salida hacia Argentona<\/p>\r\n<p class=\"size-full wp-image-226\">20:00<br \/>Argentona - Visitas:<\/p>\r\n<ul>\r\n<li>Casa Puig i Cadafalch<\/li>\r\n<li>Museu del C\u00e0ntir<\/li>\r\n<li>Exposiciones de Joan Serra y Mia Llauder<\/li>\r\n<\/ul>\r\n<p class=\"size-full wp-image-226\"><span style=\"font-family: inherit; line-height: 1.5;\">21.00<br \/>Cena y fiesta fin de congreso<\/span><\/p>\r\n<p class=\"size-full wp-image-226\">23.00<br \/>Regreso a Barcelona<\/p>\r\n<\/td>\r\n<\/tr>\r\n<tr>\r\n<td>\r\n<p><span style=\"text-decoration: underline;\">ESPLUGUES DE LLOBREGAT<\/span><\/p>\r\n<p><span style=\"text-decoration: underline;\"><a href=\"http:\/\/www.museus.esplugues.cat\/?lang=es\">Museu Can Tintur\u00e9<\/a><\/span><\/p>\r\n<p>Colecci\u00f3n de azulejos pre-industriales e industriales (15a - 19 siglos)<\/p>\r\n<p><span style=\"text-decoration: underline;\"><a href=\"http:\/\/www.museus.esplugues.cat\/?page_id=4091&amp;lang=es\">Museu La Rajoleta (antigua f\u00e1brica Pujol i Bausis)<\/a><\/span><\/p>\r\n<p>Antigua f\u00e1brica que suministra los principales arquitectos modernistas con la cer\u00e1mica; elementos importantes se han conservado, en especial los hornos.<\/p>\r\n<p>Visita a la exposici\u00f3n de las obras de la Bienal Internacional de Cer\u00e1mica Angelina Al\u00f3s.\u00a0<\/p>\r\n[caption id=\"attachment_226\" align=\"alignnone\" width=\"1589\"]<img class=\"size-full wp-image-226\" src=\"https:\/\/barcelona2016.aic-iac.org\/wp-content\/uploads\/sites\/6\/2015\/09\/H5_esplugues-copie.jpg\" alt=\"La Rajoleta Museum\" width=\"1589\" height=\"2400\" \/> La Rajoleta Museum[\/caption]\r\n<p><span style=\"text-decoration: underline;\">MATARO<\/span><\/p>\r\n<p><span style=\"text-decoration: underline;\">Gaud\u00ed shed (1883)\u00a0<\/span><br \/><a href=\"http:\/\/www.bassatgaudimataro.cat\/en\/\">www.bassatgaudimataro.cat<\/a><\/p>\r\n<p>Architect: Antoni Gaud\u00ed<br \/>First building of Antoni Gaud\u00ed<br \/>Special exhibition of the members of World Association of Brick Artists\u00a0<a href=\"http:\/\/www.waba-co.com\/\">(WABA)<\/a><\/p>\r\n[caption id=\"attachment_227\" align=\"alignnone\" width=\"300\"]<img class=\"wp-image-227 size-medium\" src=\"https:\/\/barcelona2016.aic-iac.org\/wp-content\/uploads\/sites\/6\/2015\/09\/H8_Argentona_museum-300x193.jpg\" alt=\"H8_Argentona_museum\" width=\"300\" height=\"193\" \/> Ceramics Museum of Argentona[\/caption]\r\n<\/td>\r\n<td>\r\n<p><span style=\"text-decoration: underline;\">ARGENTONA<\/span><\/p>\r\n<p><span style=\"text-decoration: underline;\"><a href=\"http:\/\/www.museucantir.org\/inici_cas.htm\">Museo de Cer\u00e1mica \"Museu del C\u00e0ntir\"<\/a><\/span><\/p>\r\n<p>Visita a este museo dedicado a jarras de cer\u00e1mica tradicional para agua y otros materiales cer\u00e1micos. exposiciones especiales de la cer\u00e1mica contempor\u00e1nea de Joan Serra y Mia Llauder, los miembros del IAC.<\/p>\r\n<p><span style=\"text-decoration: underline;\">Casa Puig i Cadafalch<\/span><\/p>\r\n<p>1897 - 1905 Arquitecto: Josep Puig i Cadafalch (1867 - 1956)<\/p>\r\n<p>Casa de verano de este arquitecto modernista, con muchas cer\u00e1mica arquitect\u00f3nica.<\/p>\r\n<p class=\"wp-image-227 size-medium\"><span style=\"text-decoration: underline;\"><img class=\"wp-image-237 size-full\" style=\"font-weight: bold; color: #767676; font-family: inherit; line-height: 1.5;\" src=\"https:\/\/barcelona2016.aic-iac.org\/wp-content\/uploads\/sites\/6\/2015\/09\/H9_Puig_house-copie.jpg\" alt=\"H9_Puig_house - copie\" width=\"966\" height=\"882\" \/><br \/><\/span><\/p>\r\n<p>Puig I Cadafalch summer house<\/p>\r\n<p>&nbsp;<\/p>\r\n<p>&nbsp;<\/p>\r\n<\/td>\r\n<\/tr>\r\n<\/tbody>\r\n<\/table>\r\n<p>&nbsp;<\/p>","_es_post_name":"route-2-esplugues-mataro-argentona","_es_post_excerpt":"Visitas y cena de fin de congreso","_es_post_title":"Ruta 2: Esplugues \u2013 Sant Cugat \u2013 Matar\u00f3 \u2013 Argentona","_ca_post_content":"","_ca_post_name":"","_ca_post_excerpt":"","_ca_post_title":"","edit_language":"ca","footnotes":""},"class_list":["post-811","page","type-page","status-publish","has-post-thumbnail","hentry"],"_links":{"self":[{"href":"https:\/\/barcelona2016.aic-iac.org\/ca\/wp-json\/wp\/v2\/pages\/811","targetHints":{"allow":["GET"]}}],"collection":[{"href":"https:\/\/barcelona2016.aic-iac.org\/ca\/wp-json\/wp\/v2\/pages"}],"about":[{"href":"https:\/\/barcelona2016.aic-iac.org\/ca\/wp-json\/wp\/v2\/types\/page"}],"author":[{"embeddable":true,"href":"https:\/\/barcelona2016.aic-iac.org\/ca\/wp-json\/wp\/v2\/users\/4"}],"replies":[{"embeddable":true,"href":"https:\/\/barcelona2016.aic-iac.org\/ca\/wp-json\/wp\/v2\/comments?post=811"}],"version-history":[{"count":23,"href":"https:\/\/barcelona2016.aic-iac.org\/ca\/wp-json\/wp\/v2\/pages\/811\/revisions"}],"predecessor-version":[{"id":1875,"href":"https:\/\/barcelona2016.aic-iac.org\/ca\/wp-json\/wp\/v2\/pages\/811\/revisions\/1875"}],"up":[{"embeddable":true,"href":"https:\/\/barcelona2016.aic-iac.org\/ca\/wp-json\/wp\/v2\/pages\/217"}],"wp:featuredmedia":[{"embeddable":true,"href":"https:\/\/barcelona2016.aic-iac.org\/ca\/wp-json\/wp\/v2\/media\/1685"}],"wp:attachment":[{"href":"https:\/\/barcelona2016.aic-iac.org\/ca\/wp-json\/wp\/v2\/media?parent=811"}],"curies":[{"name":"wp","href":"https:\/\/api.w.org\/{rel}","templated":true}]}}