{"id":14,"date":"2015-08-14T12:58:57","date_gmt":"2015-08-14T11:58:57","guid":{"rendered":"http:\/\/barcelona2016.aic-iac.org\/?page_id=14"},"modified":"2016-05-26T13:50:49","modified_gmt":"2016-05-26T12:50:49","slug":"speakers","status":"publish","type":"page","link":"https:\/\/barcelona2016.aic-iac.org\/es\/speakers\/","title":{"rendered":"SESIONES DE DEBATE","raw":"SESIONES DE DEBATE"},"content":{"rendered":"<table>\n<tbody>\n<tr>\n<td colspan=\"2\">\n<div id=\"attachment_160\" style=\"width: 2770px\" class=\"wp-caption alignnone\"><img loading=\"lazy\" decoding=\"async\" aria-describedby=\"caption-attachment-160\" class=\"wp-image-160 size-full\" src=\"https:\/\/barcelona2016.aic-iac.org\/wp-content\/uploads\/sites\/6\/2015\/09\/D0_dhub_auditorium.jpg\" alt=\"D0_dhub_auditorium\" width=\"2760\" height=\"1840\" srcset=\"https:\/\/barcelona2016.aic-iac.org\/wp-content\/uploads\/sites\/2\/2015\/09\/D0_dhub_auditorium.jpg 2760w, https:\/\/barcelona2016.aic-iac.org\/wp-content\/uploads\/sites\/2\/2015\/09\/D0_dhub_auditorium-300x200.jpg 300w, https:\/\/barcelona2016.aic-iac.org\/wp-content\/uploads\/sites\/2\/2015\/09\/D0_dhub_auditorium-940x627.jpg 940w\" sizes=\"auto, (max-width: 2760px) 100vw, 2760px\" \/><p id=\"caption-attachment-160\" class=\"wp-caption-text\">Design Hub Barcelona: auditorium<\/p><\/div>\n<\/td>\n<\/tr>\n<tr>\n<td>\n<p>SESIONES DE DEBATE Y PONENCIAS EN TORNO AL TEMA<\/p>\n<p>\u201cLA CER\u00c1MICA EN LA ARQUITECTURA Y EL ESPACIO P\u00daBLICO\u201d<\/p>\n<p>12, 13, 14 &amp; 15 de Septiembre<\/p>\n<p>La presencia de la cer\u00e1mica en la arquitectura ha sido una constante a lo largo de todos los tiempos y en casi todas las culturas y territorios. En efecto, los humanos hemos encontrado en el barro y la tierra cocida un medio para construir y embellecer nuestras casas y otros edificios para los usos m\u00e1s diversos que podamos imaginar, adem\u00e1s de ser tambi\u00e9n un elemento importante en el embellecimiento del espacio p\u00fablico. La evoluci\u00f3n a lo largo de la historia ha sido impresionante, desde las casas hechas de adobe hasta las sofisticadas construcciones con elementos de los ceramistas y arquitectos contempor\u00e1neos m\u00e1s audaces.<\/p>\n<p>&nbsp;<\/p>\n<\/td>\n<td>\n<p>Ante la imposibilidad de hacer un estudio exhaustivo de un tema tan vasto, en el 47\u00ba Congreso de la Academia Internacional de la Cer\u00e1mica nos centraremos en algunos de los hitos m\u00e1s importantes de la presencia de la cer\u00e1mica en la arquitectura y el escultura p\u00fablica y en aquellos momentos de la historia en que Catalunya y, muy especialmente Barcelona, alcanzaron un nivel de excelencia dif\u00edcilmente igualable, como fue el Modernismo.\u00a0Tambi\u00e9n estudiaremos la presencia de la cer\u00e1mica en la escultura contempor\u00e1nea, con muchos y buenos ejemplos de actuaciones de arquitectos como B. Tagliabue, A. Zaera, E. Soria, E. Miralles, O. Tusquets, P. Mangado, Wang Shu, P. Zumthor, R. Piano y otros que han trabajado con algunos de los mejores talleres de cer\u00e1mica. Finalmente, no queremos dejar de estudiar la presencia de la cer\u00e1mica en la escultura p\u00fablica y espacio urbano, aspecto que ha recibido muy poca atenci\u00f3n y en el que hay que profundizar.<\/p>\n<p>Vamos a ver con m\u00e1s detalle las tres partes con las que hemos dividido el temario y al que dedicaremos un d\u00eda de los debates del congreso a cada uno de ellos, adem\u00e1s de la sesi\u00f3n inaugural.<\/p>\n<\/td>\n<\/tr>\n<\/tbody>\n<\/table>\n<p>&nbsp;<\/p>\n","protected":false,"raw":"<table>\r\n<tbody>\r\n<tr>\r\n<td colspan=\"2\">\r\n[caption id=\"attachment_160\" align=\"alignnone\" width=\"2760\"]<img class=\"wp-image-160 size-full\" src=\"https:\/\/barcelona2016.aic-iac.org\/wp-content\/uploads\/sites\/6\/2015\/09\/D0_dhub_auditorium.jpg\" alt=\"D0_dhub_auditorium\" width=\"2760\" height=\"1840\" \/> Design Hub Barcelona: auditorium[\/caption]\r\n<\/td>\r\n<\/tr>\r\n<tr>\r\n<td>\r\n<p>SESIONES DE DEBATE Y PONENCIAS EN TORNO AL TEMA<\/p>\r\n<p>\u201cLA CER\u00c1MICA EN LA ARQUITECTURA Y EL ESPACIO P\u00daBLICO\u201d<\/p>\r\n<p>12, 13, 14 &amp; 15 de Septiembre<\/p>\r\n<p>La presencia de la cer\u00e1mica en la arquitectura ha sido una constante a lo largo de todos los tiempos y en casi todas las culturas y territorios. En efecto, los humanos hemos encontrado en el barro y la tierra cocida un medio para construir y embellecer nuestras casas y otros edificios para los usos m\u00e1s diversos que podamos imaginar, adem\u00e1s de ser tambi\u00e9n un elemento importante en el embellecimiento del espacio p\u00fablico. La evoluci\u00f3n a lo largo de la historia ha sido impresionante, desde las casas hechas de adobe hasta las sofisticadas construcciones con elementos de los ceramistas y arquitectos contempor\u00e1neos m\u00e1s audaces.<\/p>\r\n<p>&nbsp;<\/p>\r\n<\/td>\r\n<td>\r\n<p>Ante la imposibilidad de hacer un estudio exhaustivo de un tema tan vasto, en el 47\u00ba Congreso de la Academia Internacional de la Cer\u00e1mica nos centraremos en algunos de los hitos m\u00e1s importantes de la presencia de la cer\u00e1mica en la arquitectura y el escultura p\u00fablica y en aquellos momentos de la historia en que Catalunya y, muy especialmente Barcelona, alcanzaron un nivel de excelencia dif\u00edcilmente igualable, como fue el Modernismo.\u00a0Tambi\u00e9n estudiaremos la presencia de la cer\u00e1mica en la escultura contempor\u00e1nea, con muchos y buenos ejemplos de actuaciones de arquitectos como B. Tagliabue, A. Zaera, E. Soria, E. Miralles, O. Tusquets, P. Mangado, Wang Shu, P. Zumthor, R. Piano y otros que han trabajado con algunos de los mejores talleres de cer\u00e1mica. Finalmente, no queremos dejar de estudiar la presencia de la cer\u00e1mica en la escultura p\u00fablica y espacio urbano, aspecto que ha recibido muy poca atenci\u00f3n y en el que hay que profundizar.<\/p>\r\n<p>Vamos a ver con m\u00e1s detalle las tres partes con las que hemos dividido el temario y al que dedicaremos un d\u00eda de los debates del congreso a cada uno de ellos, adem\u00e1s de la sesi\u00f3n inaugural.<\/p>\r\n<\/td>\r\n<\/tr>\r\n<\/tbody>\r\n<\/table>\r\n<p>&nbsp;<\/p>"},"excerpt":{"rendered":"<p>12, 13, 14 &#038; 15 de Septiembre<\/p>\n","protected":false,"raw":"12, 13, 14 & 15 de Septiembre"},"author":1,"featured_media":160,"parent":0,"menu_order":23,"comment_status":"closed","ping_status":"closed","template":"","meta":{"_en_post_content":"<table>\r\n<tbody>\r\n<tr>\r\n<td colspan=\"2\">\r\n[caption id=\"attachment_160\" align=\"alignnone\" width=\"2760\"]<img class=\"wp-image-160 size-full\" src=\"https:\/\/barcelona2016.aic-iac.org\/wp-content\/uploads\/sites\/6\/2015\/09\/D0_dhub_auditorium.jpg\" alt=\"D0_dhub_auditorium\" width=\"2760\" height=\"1840\" \/> Design Hub Barcelona: auditorium[\/caption]\r\n<\/td>\r\n<\/tr>\r\n<tr>\r\n<td>\r\n<p>The congress IAC Barcelona 2016 will focus on specific content that will give meaning to the meeting of the Academy, related to what Catalonia and the city of Barcelona can best contribute to the members of the IAC and which has been chosen as the theme for this event: Ceramics in Architecture and Public Spaces.<\/p>\r\n<p>The presence of ceramics in architecture has been a constant throughout time and can be found in virtually all cultures and territories. Indeed, humans have found in terracotta a means to build and beautify homes and buildings for the most diverse uses imaginable. including important design elements that beautify public spaces. This evolution has been impressive, from houses made of adobe to sophisticated constructions with elements by the most audacious contemporary ceramists and architects.<\/p>\r\n<\/td>\r\n<td>\r\n<p>Congress theme has been divided into three parts with one theme devoted to each meeting day.<\/p>\r\n<ul>\r\n<li>Art and nature: Ceramics in Modernist Architecture. Tuesday 13<\/li>\r\n<li>Contemporary Architecture and Ceramics: Sustainability. Wednesday 14<\/li>\r\n<li>Ceramics, Sculpture and Public Spaces: <br \/>Urban, Artistic and Anthropological Visions. <br \/>Thursday 15<\/li>\r\n<\/ul>\r\n<p>The morning of the first day Monday 12 will be the General Assembly of IAC and the opening session with Wang Shu and Toni Cumella. Each afternoon will be dedicated to a ceramic tour to different places of Catalonia.<\/p>\r\n<\/td>\r\n<\/tr>\r\n<\/tbody>\r\n<\/table>\r\n<p>&nbsp;<\/p>","_en_post_name":"speakers","_en_post_excerpt":"Congress theme has been divided into three parts with one theme devoted to each meeting day.","_en_post_title":"DEBATE SESSIONS","_fr_post_content":"<table>\r\n<tbody>\r\n<tr>\r\n<td colspan=\"2\">\r\n[caption id=\"attachment_160\" align=\"alignnone\" width=\"2760\"]<img class=\"wp-image-160 size-full\" src=\"https:\/\/barcelona2016.aic-iac.org\/wp-content\/uploads\/sites\/6\/2015\/09\/D0_dhub_auditorium.jpg\" alt=\"D0_dhub_auditorium\" width=\"2760\" height=\"1840\" \/> Design Hub Barcelona: auditorium[\/caption]\r\n<\/td>\r\n<\/tr>\r\n<tr>\r\n<td>\r\n<p>Le Congr\u00e8s de Barcelone 2016 porte principalement sur des contenus sp\u00e9cifiques qui donnent un sens \u00e0 la rencontre de l\u2019Acad\u00e9mie, en rapport avec tout ce que la Catalogne et la ville de Barcelone peuvent apporter de mieux aux membres de l\u2019AIC, et qui se trouve \u00eatre le th\u00e8me choisi pour cet \u00e9v\u00e9nement: la c\u00e9ramique dans l\u2019architecture et l\u2019espace public.<\/p>\r\n<p>La pr\u00e9sence de la c\u00e9ramique dans l\u2019architecture a \u00e9t\u00e9 un \u00e9l\u00e9ment constant dans presque toutes les cultures \u00e0 travers les temps. On a trouv\u00e9 dans la terre cuite un moyen de construire nos maisons et \u00e9difices, mais elle repr\u00e9sente \u00e9galement un \u00e9l\u00e9ment important de l\u2019embellissement de l\u2019espace priv\u00e9 et public. Cette \u00e9volution a \u00e9t\u00e9 impressionnante tout au long de l\u2019histoire, depuis les maisons r\u00e9alis\u00e9es en \u201cadobe\u201d jusqu\u2019aux constructions sophistiqu\u00e9es constitu\u00e9es d\u2019\u00e9l\u00e9ments imagin\u00e9s par les c\u00e9ramistes et architectes contemporains les plus audacieux.<\/p>\r\n<\/td>\r\n<td>\r\n<p>Le th\u00e8me principal du Congr\u00e8s a \u00e9t\u00e9 divis\u00e9 en trois parties. Nous consacrerons une journ\u00e9e de d\u00e9bats pour chacune d\u2019entres elles:<\/p>\r\n<p>&nbsp;<\/p>\r\n<ul>\r\n<li>C\u00e9ramique dans l\u2019architecture et l\u2019espace public aujourd\u2019hui\u00a0<\/li>\r\n<li>Art et nature: La c\u00e9ramique dans l\u2019architecture Moderniste (Art Nouveau)<\/li>\r\n<li>L\u2019architecture contemporaine et la c\u00e9ramique: durabilit\u00e9<\/li>\r\n<\/ul>\r\n<p>&nbsp;<\/p>\r\n<\/td>\r\n<\/tr>\r\n<\/tbody>\r\n<\/table>\r\n<p>&nbsp;<\/p>","_fr_post_name":"speakers","_fr_post_excerpt":"Le th\u00e8me du Congr\u00e8s de l'AIC est la c\u00e9ramique dans l\u2019architecture et l\u2019espace public.","_fr_post_title":"SESSIONS DE D\u00c9BATS","_es_post_content":"<table>\r\n<tbody>\r\n<tr>\r\n<td colspan=\"2\">\r\n[caption id=\"attachment_160\" align=\"alignnone\" width=\"2760\"]<img class=\"wp-image-160 size-full\" src=\"https:\/\/barcelona2016.aic-iac.org\/wp-content\/uploads\/sites\/6\/2015\/09\/D0_dhub_auditorium.jpg\" alt=\"D0_dhub_auditorium\" width=\"2760\" height=\"1840\" \/> Design Hub Barcelona: auditorium[\/caption]\r\n<\/td>\r\n<\/tr>\r\n<tr>\r\n<td>\r\n<p>SESIONES DE DEBATE Y PONENCIAS EN TORNO AL TEMA<\/p>\r\n<p>\u201cLA CER\u00c1MICA EN LA ARQUITECTURA Y EL ESPACIO P\u00daBLICO\u201d<\/p>\r\n<p>12, 13, 14 &amp; 15 de Septiembre<\/p>\r\n<p>La presencia de la cer\u00e1mica en la arquitectura ha sido una constante a lo largo de todos los tiempos y en casi todas las culturas y territorios. En efecto, los humanos hemos encontrado en el barro y la tierra cocida un medio para construir y embellecer nuestras casas y otros edificios para los usos m\u00e1s diversos que podamos imaginar, adem\u00e1s de ser tambi\u00e9n un elemento importante en el embellecimiento del espacio p\u00fablico. La evoluci\u00f3n a lo largo de la historia ha sido impresionante, desde las casas hechas de adobe hasta las sofisticadas construcciones con elementos de los ceramistas y arquitectos contempor\u00e1neos m\u00e1s audaces.<\/p>\r\n<p>&nbsp;<\/p>\r\n<\/td>\r\n<td>\r\n<p>Ante la imposibilidad de hacer un estudio exhaustivo de un tema tan vasto, en el 47\u00ba Congreso de la Academia Internacional de la Cer\u00e1mica nos centraremos en algunos de los hitos m\u00e1s importantes de la presencia de la cer\u00e1mica en la arquitectura y el escultura p\u00fablica y en aquellos momentos de la historia en que Catalunya y, muy especialmente Barcelona, alcanzaron un nivel de excelencia dif\u00edcilmente igualable, como fue el Modernismo.\u00a0Tambi\u00e9n estudiaremos la presencia de la cer\u00e1mica en la escultura contempor\u00e1nea, con muchos y buenos ejemplos de actuaciones de arquitectos como B. Tagliabue, A. Zaera, E. Soria, E. Miralles, O. Tusquets, P. Mangado, Wang Shu, P. Zumthor, R. Piano y otros que han trabajado con algunos de los mejores talleres de cer\u00e1mica. Finalmente, no queremos dejar de estudiar la presencia de la cer\u00e1mica en la escultura p\u00fablica y espacio urbano, aspecto que ha recibido muy poca atenci\u00f3n y en el que hay que profundizar.<\/p>\r\n<p>Vamos a ver con m\u00e1s detalle las tres partes con las que hemos dividido el temario y al que dedicaremos un d\u00eda de los debates del congreso a cada uno de ellos, adem\u00e1s de la sesi\u00f3n inaugural.<\/p>\r\n<\/td>\r\n<\/tr>\r\n<\/tbody>\r\n<\/table>\r\n<p>&nbsp;<\/p>","_es_post_name":"speakers","_es_post_excerpt":"12, 13, 14 & 15 de Septiembre","_es_post_title":"SESIONES DE DEBATE","_ca_post_content":"","_ca_post_name":"","_ca_post_excerpt":"","_ca_post_title":"","edit_language":"es","footnotes":""},"class_list":["post-14","page","type-page","status-publish","has-post-thumbnail","hentry"],"_links":{"self":[{"href":"https:\/\/barcelona2016.aic-iac.org\/es\/wp-json\/wp\/v2\/pages\/14","targetHints":{"allow":["GET"]}}],"collection":[{"href":"https:\/\/barcelona2016.aic-iac.org\/es\/wp-json\/wp\/v2\/pages"}],"about":[{"href":"https:\/\/barcelona2016.aic-iac.org\/es\/wp-json\/wp\/v2\/types\/page"}],"author":[{"embeddable":true,"href":"https:\/\/barcelona2016.aic-iac.org\/es\/wp-json\/wp\/v2\/users\/1"}],"replies":[{"embeddable":true,"href":"https:\/\/barcelona2016.aic-iac.org\/es\/wp-json\/wp\/v2\/comments?post=14"}],"version-history":[{"count":16,"href":"https:\/\/barcelona2016.aic-iac.org\/es\/wp-json\/wp\/v2\/pages\/14\/revisions"}],"predecessor-version":[{"id":1794,"href":"https:\/\/barcelona2016.aic-iac.org\/es\/wp-json\/wp\/v2\/pages\/14\/revisions\/1794"}],"wp:featuredmedia":[{"embeddable":true,"href":"https:\/\/barcelona2016.aic-iac.org\/es\/wp-json\/wp\/v2\/media\/160"}],"wp:attachment":[{"href":"https:\/\/barcelona2016.aic-iac.org\/es\/wp-json\/wp\/v2\/media?parent=14"}],"curies":[{"name":"wp","href":"https:\/\/api.w.org\/{rel}","templated":true}]}}