{"id":146,"date":"2015-09-08T17:25:28","date_gmt":"2015-09-08T16:25:28","guid":{"rendered":"http:\/\/barcelona2016.aic-iac.org\/?page_id=146"},"modified":"2016-05-26T15:51:56","modified_gmt":"2016-05-26T14:51:56","slug":"ceramic-evenings-september-12-to-15","status":"publish","type":"page","link":"https:\/\/barcelona2016.aic-iac.org\/es\/program\/ceramic-evenings-september-12-to-15\/","title":{"rendered":"VELADAS CER\u00c1MICAS EN EDIFICIOS SINGULARES","raw":"VELADAS CER\u00c1MICAS EN EDIFICIOS SINGULARES"},"content":{"rendered":"<table>\n<tbody>\n<tr>\n<td colspan=\"2\">\n<p><img loading=\"lazy\" decoding=\"async\" class=\"alignnone size-full wp-image-783\" src=\"https:\/\/barcelona2016.aic-iac.org\/wp-content\/uploads\/sites\/6\/2015\/09\/8417300835_e8334aba2c_b.jpg\" alt=\"8417300835_e8334aba2c_b\" width=\"1024\" height=\"576\" srcset=\"https:\/\/barcelona2016.aic-iac.org\/wp-content\/uploads\/sites\/2\/2015\/09\/8417300835_e8334aba2c_b.jpg 1024w, https:\/\/barcelona2016.aic-iac.org\/wp-content\/uploads\/sites\/2\/2015\/09\/8417300835_e8334aba2c_b-300x169.jpg 300w, https:\/\/barcelona2016.aic-iac.org\/wp-content\/uploads\/sites\/2\/2015\/09\/8417300835_e8334aba2c_b-940x529.jpg 940w\" sizes=\"auto, (max-width: 1024px) 100vw, 1024px\" \/><\/p>\n<\/td>\n<\/tr>\n<tr>\n<td>\n<p><span style=\"text-decoration: underline;\">12, 13, 14, 15 y 16 de Septiembre (noche)<\/span><\/p>\n<p>Las noches en Barcelona tendr\u00e1n un sabor muy especial: Habr\u00e1 cenas con actividades y visitas en espacios muy singulares y emblem\u00e1ticos de la ciudad, algunos de ellos declarados patrimonio de la Humanidad por la Unesco. Algunas de las actividades ser\u00e1n la presentaci\u00f3n de los nuevos miembros de la Academia, la inauguraci\u00f3n de la gran exposici\u00f3n anual del Museo del Dise\u00f1o, una noche dedicada a la Unesco (la AIC es el \u00f3rgano de referencia en cer\u00e1mica para la Unesco), la presentaci\u00f3n de las futuras reuniones de la Academia y, por supuesto, la fiesta de fin de congreso.<\/p>\n<\/td>\n<td>\u00a0<\/p>\n<\/td>\n<\/tr>\n<\/tbody>\n<\/table>\n<p><\/p>\n","protected":false,"raw":"<table>\r\n<tbody>\r\n<tr>\r\n<td colspan=\"2\">\r\n<p><img class=\"alignnone size-full wp-image-783\" src=\"https:\/\/barcelona2016.aic-iac.org\/wp-content\/uploads\/sites\/6\/2015\/09\/8417300835_e8334aba2c_b.jpg\" alt=\"8417300835_e8334aba2c_b\" width=\"1024\" height=\"576\" \/><\/p>\r\n<\/td>\r\n<\/tr>\r\n<tr>\r\n<td>\r\n<p><span style=\"text-decoration: underline;\">12, 13, 14, 15 y 16 de Septiembre (noche)<\/span><\/p>\r\n<p>Las noches en Barcelona tendr\u00e1n un sabor muy especial: Habr\u00e1 cenas con actividades y visitas en espacios muy singulares y emblem\u00e1ticos de la ciudad, algunos de ellos declarados patrimonio de la Humanidad por la Unesco. Algunas de las actividades ser\u00e1n la presentaci\u00f3n de los nuevos miembros de la Academia, la inauguraci\u00f3n de la gran exposici\u00f3n anual del Museo del Dise\u00f1o, una noche dedicada a la Unesco (la AIC es el \u00f3rgano de referencia en cer\u00e1mica para la Unesco), la presentaci\u00f3n de las futuras reuniones de la Academia y, por supuesto, la fiesta de fin de congreso.<\/p>\r\n<\/td>\r\n<td>\u00a0<br \/><br \/><\/td>\r\n<\/tr>\r\n<\/tbody>\r\n<\/table>\n<br \/>"},"excerpt":{"rendered":"<p>Las noches en Barcelona tendr\u00e1n un sabor muy especial.<\/p>\n","protected":false,"raw":"Las noches en Barcelona tendr\u00e1n un sabor muy especial."},"author":4,"featured_media":783,"parent":12,"menu_order":11,"comment_status":"closed","ping_status":"closed","template":"","meta":{"_en_post_content":"<table>\r\n<tbody>\r\n<tr>\r\n<td colspan=\"2\">\r\n<p><img class=\"alignnone size-full wp-image-783\" src=\"https:\/\/barcelona2016.aic-iac.org\/wp-content\/uploads\/sites\/6\/2015\/09\/8417300835_e8334aba2c_b.jpg\" alt=\"8417300835_e8334aba2c_b\" width=\"1024\" height=\"576\" \/><\/p>\r\n<\/td>\r\n<\/tr>\r\n<tr>\r\n<td>\r\n<p>The evenings in Barcelona will have a very special flavour: There will be special activities, such as concerts with instruments made of clay, performances and fire activities, among others during the dinners. These ceramic soir\u00e9es will be held in emblematic buildings, some of them protected as World Heritage by UNESCO, which may also be visited with guides.\u00a0<\/p>\r\n<p>&nbsp;<\/p>\r\n<\/td>\r\n<td>\u00a0<\/td>\r\n<\/tr>\r\n<\/tbody>\r\n<\/table>\r\n<p>&nbsp;<\/p>","_en_post_name":"ceramic-evenings-september-12-to-15","_en_post_excerpt":"These ceramic \"soir\u00e9es\" will be held in emblematic buildings","_en_post_title":"CERAMIC EVENINGS IN UNIQUE BUILDINGS","_fr_post_content":"<table>\r\n<tbody>\r\n<tr>\r\n<td colspan=\"2\">\r\n<p><img class=\"alignnone size-full wp-image-783\" src=\"https:\/\/barcelona2016.aic-iac.org\/wp-content\/uploads\/sites\/6\/2015\/09\/8417300835_e8334aba2c_b.jpg\" alt=\"8417300835_e8334aba2c_b\" width=\"1024\" height=\"576\" \/><\/p>\r\n<\/td>\r\n<\/tr>\r\n<tr>\r\n<td>\r\n<p><span style=\"text-decoration: underline;\">Les 12, 13, 14, 15 et 16 septembre de 20:00 \u00e0 23:00<\/span><\/p>\r\n<p>Les nuits de Barcelone auront un go\u00fbt unique...<\/p>\r\n<p>Vous pourrez participer \u00e0 des d\u00eeners, des activit\u00e9s et des visites de lieux uniques et embl\u00e9matiques de la ville, dont certains sont inscrits au Patrimoine Mondial de l\u2019Unesco. Parmi les activit\u00e9s, il y aura la pr\u00e9sentation des nouveaux membres de l\u2019Acad\u00e9mie, l\u2019inauguration de la grande exposition annuelle du Mus\u00e9e du Design, une nuit consacr\u00e9e \u00e0 l\u2019Unesco (l\u2019AIC est l\u2019organe de r\u00e9f\u00e9rence pour la c\u00e9ramique au sein de l\u2019Unesco), la pr\u00e9sentation de la prochaine r\u00e9union de l\u2019Acad\u00e9mie en 2018 (New Taipei City, Yingge 2018) et bien s\u00fbr, la soir\u00e9e de cl\u00f4ture du Congr\u00e8s.<\/p>\r\n<\/td>\r\n<td>\u00a0<\/td>\r\n<\/tr>\r\n<\/tbody>\r\n<\/table>\r\n<p>&nbsp;<\/p>","_fr_post_name":"ceramic-evenings-september-12-to-15","_fr_post_excerpt":"Les nuits de Barcelone auront un go\u00fbt unique... ","_fr_post_title":"SOIR\u00c9ES DANS DES ENDROITS UNIQUES","_es_post_content":"<table>\r\n<tbody>\r\n<tr>\r\n<td colspan=\"2\">\r\n<p><img class=\"alignnone size-full wp-image-783\" src=\"https:\/\/barcelona2016.aic-iac.org\/wp-content\/uploads\/sites\/6\/2015\/09\/8417300835_e8334aba2c_b.jpg\" alt=\"8417300835_e8334aba2c_b\" width=\"1024\" height=\"576\" \/><\/p>\r\n<\/td>\r\n<\/tr>\r\n<tr>\r\n<td>\r\n<p><span style=\"text-decoration: underline;\">12, 13, 14, 15 y 16 de Septiembre (noche)<\/span><\/p>\r\n<p>Las noches en Barcelona tendr\u00e1n un sabor muy especial: Habr\u00e1 cenas con actividades y visitas en espacios muy singulares y emblem\u00e1ticos de la ciudad, algunos de ellos declarados patrimonio de la Humanidad por la Unesco. Algunas de las actividades ser\u00e1n la presentaci\u00f3n de los nuevos miembros de la Academia, la inauguraci\u00f3n de la gran exposici\u00f3n anual del Museo del Dise\u00f1o, una noche dedicada a la Unesco (la AIC es el \u00f3rgano de referencia en cer\u00e1mica para la Unesco), la presentaci\u00f3n de las futuras reuniones de la Academia y, por supuesto, la fiesta de fin de congreso.<\/p>\r\n<\/td>\r\n<td>\u00a0<br \/><br \/><\/td>\r\n<\/tr>\r\n<\/tbody>\r\n<\/table>\n<br \/>","_es_post_name":"ceramic-evenings-september-12-to-15","_es_post_excerpt":"Las noches en Barcelona tendr\u00e1n un sabor muy especial.","_es_post_title":"VELADAS CER\u00c1MICAS EN EDIFICIOS SINGULARES","_ca_post_content":"","_ca_post_name":"","_ca_post_excerpt":"","_ca_post_title":"","edit_language":"es","footnotes":""},"class_list":["post-146","page","type-page","status-publish","has-post-thumbnail","hentry"],"_links":{"self":[{"href":"https:\/\/barcelona2016.aic-iac.org\/es\/wp-json\/wp\/v2\/pages\/146","targetHints":{"allow":["GET"]}}],"collection":[{"href":"https:\/\/barcelona2016.aic-iac.org\/es\/wp-json\/wp\/v2\/pages"}],"about":[{"href":"https:\/\/barcelona2016.aic-iac.org\/es\/wp-json\/wp\/v2\/types\/page"}],"author":[{"embeddable":true,"href":"https:\/\/barcelona2016.aic-iac.org\/es\/wp-json\/wp\/v2\/users\/4"}],"replies":[{"embeddable":true,"href":"https:\/\/barcelona2016.aic-iac.org\/es\/wp-json\/wp\/v2\/comments?post=146"}],"version-history":[{"count":31,"href":"https:\/\/barcelona2016.aic-iac.org\/es\/wp-json\/wp\/v2\/pages\/146\/revisions"}],"predecessor-version":[{"id":154,"href":"https:\/\/barcelona2016.aic-iac.org\/es\/wp-json\/wp\/v2\/pages\/146\/revisions\/154"}],"up":[{"embeddable":true,"href":"https:\/\/barcelona2016.aic-iac.org\/es\/wp-json\/wp\/v2\/pages\/12"}],"wp:featuredmedia":[{"embeddable":true,"href":"https:\/\/barcelona2016.aic-iac.org\/es\/wp-json\/wp\/v2\/media\/783"}],"wp:attachment":[{"href":"https:\/\/barcelona2016.aic-iac.org\/es\/wp-json\/wp\/v2\/media?parent=146"}],"curies":[{"name":"wp","href":"https:\/\/api.w.org\/{rel}","templated":true}]}}