{"id":16,"date":"2015-08-14T12:59:20","date_gmt":"2015-08-14T11:59:20","guid":{"rendered":"http:\/\/barcelona2016.aic-iac.org\/?page_id=16"},"modified":"2016-05-27T16:13:17","modified_gmt":"2016-05-27T15:13:17","slug":"exhibition","status":"publish","type":"page","link":"https:\/\/barcelona2016.aic-iac.org\/es\/exhibition\/","title":{"rendered":"EXPOSICIONES","raw":"EXPOSICIONES"},"content":{"rendered":"<table>\n<tbody>\n<tr>\n<td colspan=\"2\">\n<div id=\"attachment_1641\" style=\"width: 810px\" class=\"wp-caption alignnone\"><img loading=\"lazy\" decoding=\"async\" aria-describedby=\"caption-attachment-1641\" class=\"wp-image-1641 size-full\" src=\"https:\/\/barcelona2016.aic-iac.org\/wp-content\/uploads\/sites\/6\/2015\/08\/I1_Kaufmann_sus_brick.jpg\" alt=\"I1_Kaufmann_sus_brick\" width=\"800\" height=\"600\" srcset=\"https:\/\/barcelona2016.aic-iac.org\/wp-content\/uploads\/sites\/2\/2015\/08\/I1_Kaufmann_sus_brick.jpg 800w, https:\/\/barcelona2016.aic-iac.org\/wp-content\/uploads\/sites\/2\/2015\/08\/I1_Kaufmann_sus_brick-300x225.jpg 300w\" sizes=\"auto, (max-width: 800px) 100vw, 800px\" \/><p id=\"caption-attachment-1641\" class=\"wp-caption-text\">Sustainable brick. Author: Jacques Kaufmann<\/p><\/div><\/p>\n<p>&nbsp;<\/p>\n<\/td>\n<\/tr>\n<tr>\n<td>\n<p>EXPOSICI\u00d3N DE LOS MIEMBROS DE LA ACADEMIA<\/p>\n<p>Museu del Disseny de Barcelona<br \/>Del 12 septiembre al 9 octubre 2016<\/p>\n<p>La Academia Internacional de Cer\u00e1mica (IAC), en colaboraci\u00f3n con la organizaci\u00f3n del Congreso AIC en Barcelona propone una exposici\u00f3n abierta a todos los miembros de la Academia en el Museu del Disseny de Barcelona (Edifcio Disseny Hub Barcelona), sede principal de la reuni\u00f3n de la Academia.<\/p>\n<p>\u00a0El tema del Congreso y el t\u00edtulo de la exposici\u00f3n es:<\/p>\n<p>&#8220;Cer\u00e1mica en la arquitectura y el espacio p\u00fablico&#8221;.<\/p>\n<p>&nbsp;<\/p>\n<\/td>\n<td>La AIC pidi\u00f3 a sus miembros que desearan participar en esta exposici\u00f3n en Barcelona, \u200b\u200bla preparaci\u00f3n de una obra relacionada con este tema y bajo este t\u00edtulo. Cada miembro puede elegir el tratamiento del tema y el t\u00edtulo, y se pueden presentar en las siguientes formas:<\/p>\n<ul>\n<li>Elementos arquitect\u00f3nicos<\/li>\n<li>Escultura p\u00fablica<\/li>\n<li>Objeto<\/li>\n<li>Paisaje urbano<\/li>\n<li>Mural<\/li>\n<li>Intervenciones en el espacio. instalaciones,<\/li>\n<li>Performances<\/li>\n<li>Otros<\/li>\n<\/ul>\n<p>Dependiendo de la propuesta, las presentaciones pueden ser en forma de im\u00e1genes, video, maquetas, etc &#8230; y, por supuesto, cer\u00e1mica.<\/p>\n<p><span style=\"text-decoration: underline;\">Catalogo<\/span><\/p>\n<p>Se editar\u00e1 un cat\u00e1logo digital e impreso, que incluir\u00e1 una imagen de las obras seleccionadas y una breve informaci\u00f3n sobre el autor y la obra.<\/p>\n<\/td>\n<\/tr>\n<\/tbody>\n<\/table>\n<p>\u200b<\/p>\n<p>&nbsp;<\/p>\n<p>&nbsp;<\/p>\n","protected":false,"raw":"<table>\r\n<tbody>\r\n<tr>\r\n<td colspan=\"2\">\r\n[caption id=\"attachment_1641\" align=\"alignnone\" width=\"800\"]<img class=\"wp-image-1641 size-full\" src=\"https:\/\/barcelona2016.aic-iac.org\/wp-content\/uploads\/sites\/6\/2015\/08\/I1_Kaufmann_sus_brick.jpg\" alt=\"I1_Kaufmann_sus_brick\" width=\"800\" height=\"600\" \/> Sustainable brick. Author: Jacques Kaufmann[\/caption]\r\n<p>&nbsp;<\/p>\r\n<\/td>\r\n<\/tr>\r\n<tr>\r\n<td>\r\n<p>EXPOSICI\u00d3N DE LOS MIEMBROS DE LA ACADEMIA<\/p>\r\n<p>Museu del Disseny de Barcelona<br \/>Del 12 septiembre al 9 octubre 2016<\/p>\r\n<p>La Academia Internacional de Cer\u00e1mica (IAC), en colaboraci\u00f3n con la organizaci\u00f3n del Congreso AIC en Barcelona propone una exposici\u00f3n abierta a todos los miembros de la Academia en el Museu del Disseny de Barcelona (Edifcio Disseny Hub Barcelona), sede principal de la reuni\u00f3n de la Academia.<\/p>\r\n<p>\u00a0El tema del Congreso y el t\u00edtulo de la exposici\u00f3n es:<\/p>\r\n<p>\"Cer\u00e1mica en la arquitectura y el espacio p\u00fablico\".<\/p>\r\n<p>&nbsp;<\/p>\r\n<\/td>\r\n<td>La AIC pidi\u00f3 a sus miembros que desearan participar en esta exposici\u00f3n en Barcelona, \u200b\u200bla preparaci\u00f3n de una obra relacionada con este tema y bajo este t\u00edtulo. Cada miembro puede elegir el tratamiento del tema y el t\u00edtulo, y se pueden presentar en las siguientes formas:\r\n<ul>\r\n<li>Elementos arquitect\u00f3nicos<\/li>\r\n<li>Escultura p\u00fablica<\/li>\r\n<li>Objeto<\/li>\r\n<li>Paisaje urbano<\/li>\r\n<li>Mural<\/li>\r\n<li>Intervenciones en el espacio. instalaciones,<\/li>\r\n<li>Performances<\/li>\r\n<li>Otros<\/li>\r\n<\/ul>\r\n<p>Dependiendo de la propuesta, las presentaciones pueden ser en forma de im\u00e1genes, video, maquetas, etc ... y, por supuesto, cer\u00e1mica.<\/p>\r\n<p><span style=\"text-decoration: underline;\">Catalogo<\/span><\/p>\r\n<p>Se editar\u00e1 un cat\u00e1logo digital e impreso, que incluir\u00e1 una imagen de las obras seleccionadas y una breve informaci\u00f3n sobre el autor y la obra.<\/p>\r\n<\/td>\r\n<\/tr>\r\n<\/tbody>\r\n<\/table>\r\n<p>\u200b<\/p>\r\n<p>&nbsp;<\/p>\r\n<p>&nbsp;<\/p>"},"excerpt":{"rendered":"<p>El tema del Congreso y el t\u00edtulo de la exposici\u00f3n es: &#8220;Cer\u00e1mica en la arquitectura y el espacio p\u00fablico&#8221;.<\/p>\n","protected":false,"raw":"El tema del Congreso y el t\u00edtulo de la exposici\u00f3n es: \"Cer\u00e1mica en la arquitectura y el espacio p\u00fablico\"."},"author":1,"featured_media":1641,"parent":0,"menu_order":16,"comment_status":"closed","ping_status":"closed","template":"","meta":{"_en_post_content":"<table>\r\n<tbody>\r\n<tr>\r\n<td colspan=\"2\">\r\n[caption id=\"attachment_1641\" align=\"alignnone\" width=\"800\"]<img class=\"wp-image-1641 size-full\" src=\"https:\/\/barcelona2016.aic-iac.org\/wp-content\/uploads\/sites\/6\/2015\/08\/I1_Kaufmann_sus_brick.jpg\" alt=\"I1_Kaufmann_sus_brick\" width=\"800\" height=\"600\" \/> Sustainable brick. Author: Jacques Kaufmann[\/caption]\r\n<p>&nbsp;<\/p>\r\n<\/td>\r\n<\/tr>\r\n<tr>\r\n<td>\r\n<p><span style=\"text-decoration: underline;\">IAC Members exhibition<\/span><\/p>\r\n<p>Museum of Design of Barcelona<br \/>12 September to 9 October 2016<\/p>\r\n<p>The International Academy of Ceramics (IAC), in collaboration with the organization of the IAC Congress in Barcelona in 2016, proposes the creation of an exhibition open to all IAC members at the Design Museum of Barcelona (Design Hub Barcelona building), main venue of the meeting.<\/p>\r\n<\/td>\r\n<td>\r\n<p>&nbsp;<\/p>\r\n<p>The topic of the Congress and the title of the exhibition is:\u00a0\u201cCeramics in Architecture and Public Spaces\u201d \/ IAC members\u2019 exhibition.<\/p>\r\n<\/td>\r\n<\/tr>\r\n<tr>\r\n<td>\r\n<p><span style=\"text-decoration: underline;\">Ceramics in Architecture and Public Spaces<\/span><\/p>\r\n<p>IAC asked to its members to participate in this exhibition of the IAC, in Barcelona in 2016, preparing a work related to this subject and under this title. Each member could choose the treatment of theme and title, and may develop it in the following ways:<\/p>\r\n<ul>\r\n<li>Architectural elements<\/li>\r\n<li>\u00a0Public Sculpture<\/li>\r\n<li>\u00a0Object<\/li>\r\n<li>\u00a0Urban landscape<\/li>\r\n<li>\u00a0Mural<\/li>\r\n<li>Interventions in space. Installations,<br \/>(Indoor, outdoor)<\/li>\r\n<li>Action, performance<\/li>\r\n<li>Other<\/li>\r\n<\/ul>\r\n<\/td>\r\n<td>\r\n<p>&nbsp;<\/p>\r\n<p>Whatever orientation the member chooses for his\/her work, it will be accompanied by a short statement, which will be included in the exhibition and in the catalogue.<\/p>\r\n<p>Depending on the proposal, submissions may be in the form of images, video, models, etc\u2026 and ceramic of course, in order to realize the intentions of the project or the realization of the work.<\/p>\r\n<p><u>Catalogue<\/u><\/p>\r\n<p>A digital and printed catalogue will be produced. It will include a picture of the selected works and some brief information about the author and the piece. The authors\u2019 statement will be published in one of the 4 languages of the Congress.<\/p>\r\n<\/td>\r\n<\/tr>\r\n<\/tbody>\r\n<\/table>\r\n<p>\u200b<\/p>\r\n<p>&nbsp;<\/p>\r\n<p>&nbsp;<\/p>","_en_post_name":"exhibition","_en_post_excerpt":"IAC Members' Exhibition at the Design Museum of Barcelona - DHUB","_en_post_title":"EXHIBITIONS","_fr_post_content":"<table>\r\n<tbody>\r\n<tr>\r\n<td colspan=\"2\">\r\n[caption id=\"attachment_1641\" align=\"alignnone\" width=\"800\"]<img class=\"wp-image-1641 size-full\" src=\"https:\/\/barcelona2016.aic-iac.org\/wp-content\/uploads\/sites\/6\/2015\/08\/I1_Kaufmann_sus_brick.jpg\" alt=\"I1_Kaufmann_sus_brick\" width=\"800\" height=\"600\" \/> Sustainable brick. Author: Jacques Kaufmann[\/caption]\r\n<\/td>\r\n<\/tr>\r\n<tr>\r\n<td>\r\n<p><span style=\"text-decoration: underline;\">Exposition des membres de l'Acad\u00e9mie<br \/><br \/><\/span><\/p>\r\n<p>Disseny Hub Barcelona \u2013 Mus\u00e9e du Design. Salle B<br \/>Du 13 Septembre au 9 Octobre<\/p>\r\n<p><span style=\"text-decoration: underline;\">\u00a0<\/span><\/p>\r\n<p>L'Acad\u00e9mie Internationale de la C\u00e9ramique, en collaboration avec le Comit\u00e9 d\u2019organisation du Congr\u00e8s Barcelona 2016 proposent aux membres de l\u2019AIC de participer \u00e0 une exposition dans le cadre prestigieux du nouveau Mus\u00e9e du Design-DHUB de cette ville qui est \u00e9galement le lieu de rencontre du Congr\u00e8s.<\/p>\r\n<p>Th\u00e8me du Congr\u00e8s et titre de l\u2019exposition:<br \/>\"La c\u00e9ramique dans l'architecture et l'espace public\" \/ exposition des membres AIC<\/p>\r\n<p>Nous demandons aux membres qui souhaitent participer \u00e0 cette exposition de proposer un travail en lien symbolique, imaginaire, po\u00e9tique ou tr\u00e8s concret avec le th\u00e8me propos\u00e9.<\/p>\r\n<\/td>\r\n<td>\r\n<p>Le th\u00e8me peut \u00eatre trait\u00e9 de fa\u00e7on personnelle et se mat\u00e9rialiser dans l'un des domaines suivants:<\/p>\r\n<p>\u2014 \u00a0 \u00c9l\u00e9ments architecturaux<br \/>\u2014 \u00a0 Sculpture publique<br \/>\u2014 \u00a0 Objet<br \/>\u2014 \u00a0 Paysage urbain<br \/>\u2014 \u00a0 Intervention murale<br \/>\u2014 \u00a0 Interventions dans l'espace, installations,<br \/>\u00a0\u00a0 \u00a0\u00a0\u00a0 (int\u00e9rieur, ext\u00e9rieur)<br \/>\u2014 \u00a0 Action, performance<br \/>\u2014 \u00a0 Autres<\/p>\r\n<p>Selon le cas, d'autres m\u00e9diums peuvent compl\u00e9ter la pr\u00e9sentation, tels que: images, vid\u00e9o, maquettes, etc... , afin de rendre visibles les intentions, projets ou r\u00e9alisations de l\u2019auteur.<\/p>\r\n<p><span style=\"text-decoration: underline;\">Catalogue<\/span><\/p>\r\n<p>Un catalogue num\u00e9rique et papier (sur demande) sera r\u00e9alis\u00e9. Il comportera des photos des travaux s\u00e9lectionn\u00e9s ainsi que des informations sur l\u2019auteur et sur l\u2019\u0153uvre. Le texte des auteurs sera publi\u00e9 dans une des 4 langues du Congr\u00e8s.<\/p>\r\n<\/td>\r\n<\/tr>\r\n<\/tbody>\r\n<\/table>\r\n<p>&nbsp;<\/p>","_fr_post_name":"exhibition","_fr_post_excerpt":"L'exposition des membres de l'AIC a lieu dans le cadre prestigieux du nouveau Mus\u00e9e du Design-DHUB","_fr_post_title":"EXPOSITIONS","_es_post_content":"<table>\r\n<tbody>\r\n<tr>\r\n<td colspan=\"2\">\r\n[caption id=\"attachment_1641\" align=\"alignnone\" width=\"800\"]<img class=\"wp-image-1641 size-full\" src=\"https:\/\/barcelona2016.aic-iac.org\/wp-content\/uploads\/sites\/6\/2015\/08\/I1_Kaufmann_sus_brick.jpg\" alt=\"I1_Kaufmann_sus_brick\" width=\"800\" height=\"600\" \/> Sustainable brick. Author: Jacques Kaufmann[\/caption]\r\n<p>&nbsp;<\/p>\r\n<\/td>\r\n<\/tr>\r\n<tr>\r\n<td>\r\n<p>EXPOSICI\u00d3N DE LOS MIEMBROS DE LA ACADEMIA<\/p>\r\n<p>Museu del Disseny de Barcelona<br \/>Del 12 septiembre al 9 octubre 2016<\/p>\r\n<p>La Academia Internacional de Cer\u00e1mica (IAC), en colaboraci\u00f3n con la organizaci\u00f3n del Congreso AIC en Barcelona propone una exposici\u00f3n abierta a todos los miembros de la Academia en el Museu del Disseny de Barcelona (Edifcio Disseny Hub Barcelona), sede principal de la reuni\u00f3n de la Academia.<\/p>\r\n<p>\u00a0El tema del Congreso y el t\u00edtulo de la exposici\u00f3n es:<\/p>\r\n<p>\"Cer\u00e1mica en la arquitectura y el espacio p\u00fablico\".<\/p>\r\n<p>&nbsp;<\/p>\r\n<\/td>\r\n<td>La AIC pidi\u00f3 a sus miembros que desearan participar en esta exposici\u00f3n en Barcelona, \u200b\u200bla preparaci\u00f3n de una obra relacionada con este tema y bajo este t\u00edtulo. Cada miembro puede elegir el tratamiento del tema y el t\u00edtulo, y se pueden presentar en las siguientes formas:\r\n<ul>\r\n<li>Elementos arquitect\u00f3nicos<\/li>\r\n<li>Escultura p\u00fablica<\/li>\r\n<li>Objeto<\/li>\r\n<li>Paisaje urbano<\/li>\r\n<li>Mural<\/li>\r\n<li>Intervenciones en el espacio. instalaciones,<\/li>\r\n<li>Performances<\/li>\r\n<li>Otros<\/li>\r\n<\/ul>\r\n<p>Dependiendo de la propuesta, las presentaciones pueden ser en forma de im\u00e1genes, video, maquetas, etc ... y, por supuesto, cer\u00e1mica.<\/p>\r\n<p><span style=\"text-decoration: underline;\">Catalogo<\/span><\/p>\r\n<p>Se editar\u00e1 un cat\u00e1logo digital e impreso, que incluir\u00e1 una imagen de las obras seleccionadas y una breve informaci\u00f3n sobre el autor y la obra.<\/p>\r\n<\/td>\r\n<\/tr>\r\n<\/tbody>\r\n<\/table>\r\n<p>\u200b<\/p>\r\n<p>&nbsp;<\/p>\r\n<p>&nbsp;<\/p>","_es_post_name":"exhibition","_es_post_excerpt":"El tema del Congreso y el t\u00edtulo de la exposici\u00f3n es: \"Cer\u00e1mica en la arquitectura y el espacio p\u00fablico\".","_es_post_title":"EXPOSICIONES","_ca_post_content":"","_ca_post_name":"","_ca_post_excerpt":"","_ca_post_title":"","edit_language":"es","footnotes":""},"class_list":["post-16","page","type-page","status-publish","has-post-thumbnail","hentry"],"_links":{"self":[{"href":"https:\/\/barcelona2016.aic-iac.org\/es\/wp-json\/wp\/v2\/pages\/16","targetHints":{"allow":["GET"]}}],"collection":[{"href":"https:\/\/barcelona2016.aic-iac.org\/es\/wp-json\/wp\/v2\/pages"}],"about":[{"href":"https:\/\/barcelona2016.aic-iac.org\/es\/wp-json\/wp\/v2\/types\/page"}],"author":[{"embeddable":true,"href":"https:\/\/barcelona2016.aic-iac.org\/es\/wp-json\/wp\/v2\/users\/1"}],"replies":[{"embeddable":true,"href":"https:\/\/barcelona2016.aic-iac.org\/es\/wp-json\/wp\/v2\/comments?post=16"}],"version-history":[{"count":40,"href":"https:\/\/barcelona2016.aic-iac.org\/es\/wp-json\/wp\/v2\/pages\/16\/revisions"}],"predecessor-version":[{"id":1880,"href":"https:\/\/barcelona2016.aic-iac.org\/es\/wp-json\/wp\/v2\/pages\/16\/revisions\/1880"}],"wp:featuredmedia":[{"embeddable":true,"href":"https:\/\/barcelona2016.aic-iac.org\/es\/wp-json\/wp\/v2\/media\/1641"}],"wp:attachment":[{"href":"https:\/\/barcelona2016.aic-iac.org\/es\/wp-json\/wp\/v2\/media?parent=16"}],"curies":[{"name":"wp","href":"https:\/\/api.w.org\/{rel}","templated":true}]}}