{"id":217,"date":"2015-09-10T15:11:09","date_gmt":"2015-09-10T14:11:09","guid":{"rendered":"http:\/\/barcelona2016.aic-iac.org\/?page_id=217"},"modified":"2016-05-26T16:37:24","modified_gmt":"2016-05-26T15:37:24","slug":"ceramic-route-september-16","status":"publish","type":"page","link":"https:\/\/barcelona2016.aic-iac.org\/es\/ceramic-route-september-16\/","title":{"rendered":"D\u00cdA 5 - VIERNES 16.09.2016, Visitas","raw":"D\u00cdA 5 - VIERNES 16.09.2016, Visitas"},"content":{"rendered":"<table>\n<tbody>\n<tr>\n<td>\n<p><span style=\"text-decoration: underline;\">Rutas por la cer\u00e1mica catalana<\/span><\/p>\n<p>Visitas a museos, talleres y exposiciones en Catalunya<\/p>\n<p>Estas rutas permitir\u00e1n a los participantes conocer algunos lugares de inter\u00e9s cer\u00e1mico en Catalu\u00f1a, como Esplugues, La Bisbal, Quart, Sant Cugat, Argentona, la exposici\u00f3n del grupo WABA en Matar\u00f3, algunos talleres de cer\u00e1mica o la Fundaci\u00f3 Llorens Artigas. Al final de la ruta, todos los participantes participar\u00e1n en la cena de despedida.<\/p>\n<p>Los participantes deben elegir una entre las tres rutas ofrecidas, que se realizar\u00e1n en autob\u00fas el viernes 16, cuando se realice la inscripci\u00f3n en el Congreso.<\/p>\n<p>Estas rutas est\u00e1n incluidas en el precio del congreso, incluyendo el transporte en autob\u00fas y todas las comidas.<\/p>\n<\/td>\n<td>\n<div id=\"attachment_226\" style=\"width: 1599px\" class=\"wp-caption alignnone\"><img loading=\"lazy\" decoding=\"async\" aria-describedby=\"caption-attachment-226\" class=\"wp-image-226 size-full\" src=\"https:\/\/barcelona2016.aic-iac.org\/wp-content\/uploads\/sites\/6\/2015\/09\/H5_esplugues-copie.jpg\" alt=\"La Rajoleta Museum\" width=\"1589\" height=\"2400\" srcset=\"https:\/\/barcelona2016.aic-iac.org\/wp-content\/uploads\/sites\/2\/2015\/09\/H5_esplugues-copie.jpg 1589w, https:\/\/barcelona2016.aic-iac.org\/wp-content\/uploads\/sites\/2\/2015\/09\/H5_esplugues-copie-300x453.jpg 300w, https:\/\/barcelona2016.aic-iac.org\/wp-content\/uploads\/sites\/2\/2015\/09\/H5_esplugues-copie-940x1420.jpg 940w\" sizes=\"auto, (max-width: 1589px) 100vw, 1589px\" \/><p id=\"caption-attachment-226\" class=\"wp-caption-text\">La Rajoleta Museum<\/p><\/div>\n<\/td>\n<\/tr>\n<\/tbody>\n<\/table>\n<dl id=\"attachment_226\" class=\"wp-caption alignnone\" style=\"width: 1599px;\">\n<dt class=\"wp-caption-dt\"><\/dt>\n<dd class=\"wp-caption-dd\"><\/dd>\n<\/dl>\n<p>\u200b<\/p>\n","protected":false,"raw":"<table>\r\n<tbody>\r\n<tr>\r\n<td>\r\n<p><span style=\"text-decoration: underline;\">Rutas por la cer\u00e1mica catalana<\/span><\/p>\r\n<p>Visitas a museos, talleres y exposiciones en Catalunya<\/p>\r\n<p>Estas rutas permitir\u00e1n a los participantes conocer algunos lugares de inter\u00e9s cer\u00e1mico en Catalu\u00f1a, como Esplugues, La Bisbal, Quart, Sant Cugat, Argentona, la exposici\u00f3n del grupo WABA en Matar\u00f3, algunos talleres de cer\u00e1mica o la Fundaci\u00f3 Llorens Artigas. Al final de la ruta, todos los participantes participar\u00e1n en la cena de despedida.<\/p>\r\n<p>Los participantes deben elegir una entre las tres rutas ofrecidas, que se realizar\u00e1n en autob\u00fas el viernes 16, cuando se realice la inscripci\u00f3n en el Congreso.<\/p>\r\n<p>Estas rutas est\u00e1n incluidas en el precio del congreso, incluyendo el transporte en autob\u00fas y todas las comidas.<\/p>\r\n<\/td>\r\n<td>\r\n[caption id=\"attachment_226\" align=\"alignnone\" width=\"1589\"]<img class=\"wp-image-226 size-full\" src=\"https:\/\/barcelona2016.aic-iac.org\/wp-content\/uploads\/sites\/6\/2015\/09\/H5_esplugues-copie.jpg\" alt=\"La Rajoleta Museum\" width=\"1589\" height=\"2400\" \/> La Rajoleta Museum[\/caption]\r\n<\/td>\r\n<\/tr>\r\n<\/tbody>\r\n<\/table>\r\n<dl id=\"attachment_226\" class=\"wp-caption alignnone\" style=\"width: 1599px;\">\r\n<dt class=\"wp-caption-dt\"><\/dt>\r\n<dd class=\"wp-caption-dd\"><\/dd>\r\n<\/dl>\r\n<p>\u200b<\/p>"},"excerpt":{"rendered":"<p>Rutas por la cer\u00e1mica catalana : Visitas a museos, talleres y exposiciones en Catalunya<\/p>\n","protected":false,"raw":"Rutas por la cer\u00e1mica catalana : Visitas a museos, talleres y exposiciones en Catalunya"},"author":4,"featured_media":226,"parent":0,"menu_order":13,"comment_status":"closed","ping_status":"closed","template":"","meta":{"_en_post_content":"<table>\r\n<tbody>\r\n<tr>\r\n<td>\r\n<p><span style=\"text-decoration: underline;\">Catalan ceramic route: visits to ceramic buildings and spaces in Catalonia<\/span><\/p>\r\n<p>These routes will allow participants to learn about the territorial places of ceramic interest around Barcelona and Catalonia, such as Esplugues, La Bisbal, Quart, Argentona, WABA exhibition in Matar\u00f3, some interesting pottery workshops or Llorens Artigas Foundation. At the end of the route, all participants will participate at the IAC farewell dinner and party.<\/p>\r\n<p>Participants must choose one between three different routes by bus around Catalonia for Friday 16<sup>th<\/sup> when applying to the Congress.<\/p>\r\n<p>This routes are included in the basic price of the conference, including transportation by bus and all meals.<\/p>\r\n<\/td>\r\n<td>\r\n[caption id=\"attachment_226\" align=\"alignnone\" width=\"1589\"]<img class=\"wp-image-226 size-full\" src=\"https:\/\/barcelona2016.aic-iac.org\/wp-content\/uploads\/sites\/6\/2015\/09\/H5_esplugues-copie.jpg\" alt=\"La Rajoleta Museum\" width=\"1589\" height=\"2400\" \/> La Rajoleta Museum[\/caption]\r\n<\/td>\r\n<\/tr>\r\n<\/tbody>\r\n<\/table>\r\n<dl id=\"attachment_226\" class=\"wp-caption alignnone\" style=\"width: 1599px;\">\r\n<dt class=\"wp-caption-dt\"><\/dt>\r\n<dd class=\"wp-caption-dd\"><\/dd>\r\n<\/dl>\r\n<p>\u200b<\/p>","_en_post_name":"ceramic-route-september-16","_en_post_excerpt":"Visits to Ceramics Buildings and Spaces in Catalonia. Participants must choose between three different routes around Catalonia.","_en_post_title":"DAY 5\u2014FRIDAY 16.09.2016, DAILY PROGRAM LAST DAY","_fr_post_content":"<table>\r\n<tbody>\r\n<tr>\r\n<td>\r\n<p><span style=\"text-decoration: underline;\">Circuits de c\u00e9ramiques catalanes<\/span><\/p>\r\n<p>Visites des b\u00e2timents et espaces d\u00e9di\u00e9s \u00e0 la c\u00e9ramiques en Catalogne. Les participants devront choisir l\u2019un des trois circuits c\u00e9ramiques propos\u00e9s.<\/p>\r\n<p>Les circuits commencent \u00e0\u00a0 9:00 au d\u00e9part depuis le DHub de Barcelone et se terminent \u00e0 19:30 pour le d\u00eener et \u00e0 la soir\u00e9e de fin de congr\u00e8s.<\/p>\r\n<\/td>\r\n<td>\r\n[caption id=\"attachment_226\" align=\"alignnone\" width=\"1589\"]<img class=\"wp-image-226 size-full\" src=\"https:\/\/barcelona2016.aic-iac.org\/wp-content\/uploads\/sites\/6\/2015\/09\/H5_esplugues-copie.jpg\" alt=\"La Rajoleta Museum\" width=\"1589\" height=\"2400\" \/> La Rajoleta Museum[\/caption]\r\n<\/td>\r\n<\/tr>\r\n<\/tbody>\r\n<\/table>\r\n<p>\u200b<\/p>","_fr_post_name":"ceramic-route-september-16","_fr_post_excerpt":"Visites des b\u00e2timents et espaces d\u00e9di\u00e9s \u00e0 la c\u00e9ramiques en Catalogne. ","_fr_post_title":"Jour 5 - vendredi 15.09.2016, visite toute la journ\u00e9e","_es_post_content":"<table>\r\n<tbody>\r\n<tr>\r\n<td>\r\n<p><span style=\"text-decoration: underline;\">Rutas por la cer\u00e1mica catalana<\/span><\/p>\r\n<p>Visitas a museos, talleres y exposiciones en Catalunya<\/p>\r\n<p>Estas rutas permitir\u00e1n a los participantes conocer algunos lugares de inter\u00e9s cer\u00e1mico en Catalu\u00f1a, como Esplugues, La Bisbal, Quart, Sant Cugat, Argentona, la exposici\u00f3n del grupo WABA en Matar\u00f3, algunos talleres de cer\u00e1mica o la Fundaci\u00f3 Llorens Artigas. Al final de la ruta, todos los participantes participar\u00e1n en la cena de despedida.<\/p>\r\n<p>Los participantes deben elegir una entre las tres rutas ofrecidas, que se realizar\u00e1n en autob\u00fas el viernes 16, cuando se realice la inscripci\u00f3n en el Congreso.<\/p>\r\n<p>Estas rutas est\u00e1n incluidas en el precio del congreso, incluyendo el transporte en autob\u00fas y todas las comidas.<\/p>\r\n<\/td>\r\n<td>\r\n[caption id=\"attachment_226\" align=\"alignnone\" width=\"1589\"]<img class=\"wp-image-226 size-full\" src=\"https:\/\/barcelona2016.aic-iac.org\/wp-content\/uploads\/sites\/6\/2015\/09\/H5_esplugues-copie.jpg\" alt=\"La Rajoleta Museum\" width=\"1589\" height=\"2400\" \/> La Rajoleta Museum[\/caption]\r\n<\/td>\r\n<\/tr>\r\n<\/tbody>\r\n<\/table>\r\n<dl id=\"attachment_226\" class=\"wp-caption alignnone\" style=\"width: 1599px;\">\r\n<dt class=\"wp-caption-dt\"><\/dt>\r\n<dd class=\"wp-caption-dd\"><\/dd>\r\n<\/dl>\r\n<p>\u200b<\/p>","_es_post_name":"ceramic-route-september-16","_es_post_excerpt":"Rutas por la cer\u00e1mica catalana : Visitas a museos, talleres y exposiciones en Catalunya","_es_post_title":"D\u00cdA 5 - VIERNES 16.09.2016, Visitas","_ca_post_content":"","_ca_post_name":"","_ca_post_excerpt":"","_ca_post_title":"","edit_language":"es","footnotes":""},"class_list":["post-217","page","type-page","status-publish","has-post-thumbnail","hentry"],"_links":{"self":[{"href":"https:\/\/barcelona2016.aic-iac.org\/es\/wp-json\/wp\/v2\/pages\/217","targetHints":{"allow":["GET"]}}],"collection":[{"href":"https:\/\/barcelona2016.aic-iac.org\/es\/wp-json\/wp\/v2\/pages"}],"about":[{"href":"https:\/\/barcelona2016.aic-iac.org\/es\/wp-json\/wp\/v2\/types\/page"}],"author":[{"embeddable":true,"href":"https:\/\/barcelona2016.aic-iac.org\/es\/wp-json\/wp\/v2\/users\/4"}],"replies":[{"embeddable":true,"href":"https:\/\/barcelona2016.aic-iac.org\/es\/wp-json\/wp\/v2\/comments?post=217"}],"version-history":[{"count":52,"href":"https:\/\/barcelona2016.aic-iac.org\/es\/wp-json\/wp\/v2\/pages\/217\/revisions"}],"predecessor-version":[{"id":817,"href":"https:\/\/barcelona2016.aic-iac.org\/es\/wp-json\/wp\/v2\/pages\/217\/revisions\/817"}],"wp:featuredmedia":[{"embeddable":true,"href":"https:\/\/barcelona2016.aic-iac.org\/es\/wp-json\/wp\/v2\/media\/226"}],"wp:attachment":[{"href":"https:\/\/barcelona2016.aic-iac.org\/es\/wp-json\/wp\/v2\/media?parent=217"}],"curies":[{"name":"wp","href":"https:\/\/api.w.org\/{rel}","templated":true}]}}