{"id":2675,"date":"2018-09-20T13:48:07","date_gmt":"2018-09-20T12:48:07","guid":{"rendered":"http:\/\/barcelona2016.aic-iac.org\/?page_id=2675"},"modified":"2018-09-21T19:32:49","modified_gmt":"2018-09-21T18:32:49","slug":"","status":"publish","type":"page","link":"https:\/\/barcelona2016.aic-iac.org\/es\/carmen-riu\/","title":{"rendered":"","raw":""},"content":{"rendered":"","protected":false,"raw":""},"excerpt":{"rendered":"","protected":false,"raw":""},"author":1291,"featured_media":2729,"parent":0,"menu_order":0,"comment_status":"closed","ping_status":"closed","template":"","meta":{"_en_post_content":"<table>\r\n<tbody>\r\n<tr>\r\n<td>\r\n<p>Carmen Riu studied Philosophy at the University of Barcelona (1976-81) and Ceramics at Escola Massana (1976- 81) in Barcelona. She was awarded a Ph.D in Philosophy (Aesthetics, 1990) and studied Art History at University of Barcelona (1983-88).<br \/>As a researcher, she has published numerous contributions and articles in the field of contemporary ceramics (Butlleti informatiu de ceramica, Revistart,\u00a0Publicaci\u00f3 de l\u2019ACC,\u00a0Ceramica,\u00a0Terrart, among others) and medieval artisanal works. \u00a0\u00a0<\/p>\r\n<p>Beyond her practice as curator of collective and solo exhibitions, she teaches ceramics technology and decoration.<\/p>\r\n<\/td>\r\n<td><img class=\"alignnone size-full wp-image-2739\" src=\"https:\/\/barcelona2016.aic-iac.org\/wp-content\/uploads\/sites\/2\/2018\/09\/riu.png\" alt=\"\" width=\"1124\" height=\"1478\" \/><\/td>\r\n<\/tr>\r\n<\/tbody>\r\n<\/table>\r\n<table>\r\n<tbody>\r\n<tr>\r\n<td>\u00a0<\/td>\r\n<\/tr>\r\n<tr>\r\n<td>\r\n<p>LLU\u00cdS DOM\u00c8NECH i MONTANER: NATURE AND HISTORY IN HIS BARCELONA WORKS<\/p>\r\n<p>by M. CARMEN RIU DE MART\u00cdN\u00a0|\u00a0Art historian, Collaborator at Universitat de Barcelona (Spain)<br \/><br \/>&gt;&gt; Click <a href=\"https:\/\/barcelona2016.aic-iac.org\/wp-content\/uploads\/sites\/2\/2018\/09\/M.-Carmen-Riu-de-Mart\u00edn-LLU\u00cdS-DOM\u00c8NECH-i-MONTANER-NATURE-AND-HISTORY-IN-HIS-BARCELONA-WORKS.pdf\">here to read Carmen Riu's presentation<\/a>.<\/p>\r\n<p>&nbsp;<\/p>\r\n[caption id=\"attachment_2729\" align=\"alignnone\" width=\"940\"]<img class=\"wp-image-2729 size-large\" src=\"https:\/\/barcelona2016.aic-iac.org\/wp-content\/uploads\/sites\/2\/2018\/09\/Castell-dels-Tres-Dragons-Frieze-details-with-original-shields-and-ceramic-battlements-Photo-Albert-Manent-940x698.jpg\" alt=\"\" width=\"940\" height=\"698\" \/> Castell dels Tres Dragons - Frieze details with original shields and ceramic battlements - Photo Albert Manent[\/caption]\r\n[caption id=\"attachment_2728\" align=\"alignnone\" width=\"940\"]<img class=\"wp-image-2728 size-large\" src=\"https:\/\/barcelona2016.aic-iac.org\/wp-content\/uploads\/sites\/2\/2018\/09\/Fonda-Espa\u00f1a-Mosaic-Photo-Melba-Levick-940x618.jpg\" alt=\"\" width=\"940\" height=\"618\" \/> Fonda Espa\u00f1a - Mosaic - Photo Melba Levick[\/caption]\r\n[caption id=\"attachment_2727\" align=\"alignnone\" width=\"940\"]<img class=\"wp-image-2727 size-large\" src=\"https:\/\/barcelona2016.aic-iac.org\/wp-content\/uploads\/sites\/2\/2018\/09\/Palau-de-la-M\u00fasica-main-fa\u00e7ade-Photo-Fotoscop-940x938.jpg\" alt=\"\" width=\"940\" height=\"938\" \/> Palau de la M\u00fasica - Main fa\u00e7ade - Photo Fotoscop[\/caption]\r\n[caption id=\"attachment_2726\" align=\"alignnone\" width=\"940\"]<img class=\"wp-image-2726 size-large\" src=\"https:\/\/barcelona2016.aic-iac.org\/wp-content\/uploads\/sites\/2\/2018\/09\/Palau-de-la-M\u00fasica-Mosaic-columns-Photo-Melba-Levick-940x641.jpg\" alt=\"\" width=\"940\" height=\"641\" \/> Palau de la M\u00fasica - Mosaic columns - Photo Melba Levick[\/caption]\r\n[caption id=\"attachment_2725\" align=\"alignnone\" width=\"940\"]<img class=\"wp-image-2725 size-large\" src=\"https:\/\/barcelona2016.aic-iac.org\/wp-content\/uploads\/sites\/2\/2018\/09\/Hospital-de-Sant-Pau-Administration-Pavilion-Ceiling-with-coat-of-arms-of-Catalonia-and-Hospital-Cross-Photo-Carme-Riu-940x947.jpg\" alt=\"\" width=\"940\" height=\"947\" \/> Hospital de Sant Pau - Administration Pavilion - Ceiling with coat of arms of Catalonia and Hospital Cross - Photo Carme Riu[\/caption]\r\n[caption id=\"attachment_2723\" align=\"alignnone\" width=\"2152\"]<img class=\"wp-image-2723 size-full\" src=\"https:\/\/barcelona2016.aic-iac.org\/wp-content\/uploads\/sites\/2\/2018\/09\/Hospital-de-Sant-Pau-Administration-Pavilion-Ceramic-detail-Photo-Melba-Levick.jpg\" alt=\"\" width=\"2152\" height=\"1468\" \/> Hospital de Sant Pau - Administration Pavilion - Ceramic detail - Photo Melba Levick[\/caption]\r\n<\/td>\r\n<\/tr>\r\n<\/tbody>\r\n<\/table>\r\n<table>\r\n<tbody>\r\n<tr>\r\n<td><br \/><br \/><br \/><\/td>\r\n<td>\r\n<p>&nbsp;<\/p>\r\n<\/td>\r\n<\/tr>\r\n<\/tbody>\r\n<\/table>\r\n<p>&nbsp;<\/p>","_en_post_name":"carmen-riu","_en_post_excerpt":"Carmen Riu studied Philosophy at the University of Barcelona (1976-81) and Ceramics at Escola Massana (1976- 81) in Barcelona.","_en_post_title":"Carmen Riu","_fr_post_content":"","_fr_post_name":"","_fr_post_excerpt":"","_fr_post_title":"","_es_post_content":"","_es_post_name":"","_es_post_excerpt":"","_es_post_title":"","_ca_post_content":"","_ca_post_name":"","_ca_post_excerpt":"","_ca_post_title":"","edit_language":"es","footnotes":""},"class_list":["post-2675","page","type-page","status-publish","has-post-thumbnail","hentry"],"_links":{"self":[{"href":"https:\/\/barcelona2016.aic-iac.org\/es\/wp-json\/wp\/v2\/pages\/2675","targetHints":{"allow":["GET"]}}],"collection":[{"href":"https:\/\/barcelona2016.aic-iac.org\/es\/wp-json\/wp\/v2\/pages"}],"about":[{"href":"https:\/\/barcelona2016.aic-iac.org\/es\/wp-json\/wp\/v2\/types\/page"}],"author":[{"embeddable":true,"href":"https:\/\/barcelona2016.aic-iac.org\/es\/wp-json\/wp\/v2\/users\/1291"}],"replies":[{"embeddable":true,"href":"https:\/\/barcelona2016.aic-iac.org\/es\/wp-json\/wp\/v2\/comments?post=2675"}],"version-history":[{"count":20,"href":"https:\/\/barcelona2016.aic-iac.org\/es\/wp-json\/wp\/v2\/pages\/2675\/revisions"}],"predecessor-version":[{"id":2742,"href":"https:\/\/barcelona2016.aic-iac.org\/es\/wp-json\/wp\/v2\/pages\/2675\/revisions\/2742"}],"wp:featuredmedia":[{"embeddable":true,"href":"https:\/\/barcelona2016.aic-iac.org\/es\/wp-json\/wp\/v2\/media\/2729"}],"wp:attachment":[{"href":"https:\/\/barcelona2016.aic-iac.org\/es\/wp-json\/wp\/v2\/media?parent=2675"}],"curies":[{"name":"wp","href":"https:\/\/api.w.org\/{rel}","templated":true}]}}