{"id":694,"date":"2015-12-26T18:29:06","date_gmt":"2015-12-26T17:29:06","guid":{"rendered":"http:\/\/barcelona2016.aic-iac.org\/?page_id=694"},"modified":"2016-09-06T09:55:55","modified_gmt":"2016-09-06T08:55:55","slug":"14th-september-wednesday-09-00-14-00h","status":"publish","type":"page","link":"https:\/\/barcelona2016.aic-iac.org\/es\/speakers\/14th-september-wednesday-09-00-14-00h\/","title":{"rendered":"SESIONE DE DEBATE 3 - 14.09.2016","raw":"SESIONE DE DEBATE 3 - 14.09.2016"},"content":{"rendered":"<table>\n<tbody>\n<tr>\n<td colspan=\"2\">\n<div id=\"attachment_129\" style=\"width: 2510px\" class=\"wp-caption alignnone\"><img loading=\"lazy\" decoding=\"async\" aria-describedby=\"caption-attachment-129\" class=\"wp-image-129 size-full\" src=\"https:\/\/barcelona2016.aic-iac.org\/wp-content\/uploads\/sites\/6\/2015\/09\/F9b-Sta_caterina.jpg\" alt=\"Projekt: Mercado, Barcelona Architekt: Miralles Taliabue\" width=\"2500\" height=\"1128\" srcset=\"https:\/\/barcelona2016.aic-iac.org\/wp-content\/uploads\/sites\/2\/2015\/09\/F9b-Sta_caterina.jpg 2500w, https:\/\/barcelona2016.aic-iac.org\/wp-content\/uploads\/sites\/2\/2015\/09\/F9b-Sta_caterina-300x135.jpg 300w, https:\/\/barcelona2016.aic-iac.org\/wp-content\/uploads\/sites\/2\/2015\/09\/F9b-Sta_caterina-940x424.jpg 940w\" sizes=\"auto, (max-width: 2500px) 100vw, 2500px\" \/><p id=\"caption-attachment-129\" class=\"wp-caption-text\">Santa Caterina Market<\/p><\/div>\n<\/td>\n<\/tr>\n<tr>\n<td>\n<p><span style=\"text-decoration: underline;\">La arquitectura moderna y cer\u00e1mica: Sostenibilidad<\/span><\/p>\n<p>Hay que reconocer que en la arquitectura contempor\u00e1nea la presencia de la cer\u00e1mica no ha sido todo lo destacable que quisi\u00e9ramos, pero sobre todo en los \u00faltimos 20 a\u00f1os ha habido un resurgimiento importante en este sentido, con interesantes realizaciones que hay que dar a conocer. Este \u00e1mbito nos aportar\u00e1 mucha informaci\u00f3n de c\u00f3mo pueden interactuar arquitectura y cer\u00e1mica en el momento actual, abriendo los ceramistas contempor\u00e1neos posibilidades insospechadas de c\u00f3mo integrar su creatividad en el mundo arquitect\u00f3nico. En un momento de grandes dificultades para la cer\u00e1mica de autor, esta puede ser una posible alternativa para trabajar en lo que nuestros ceramistas mejor saben hacer.<\/p>\n<\/td>\n<td>\n<p>Hay un acercamiento entre los dos mundos, ya que sospechamos que a menudo los arquitectos desconocen que la cer\u00e1mica puede ser una buena soluci\u00f3n a muchos de los problemas planteados en sus edificaciones, dadas las grandes propiedades de la cer\u00e1mica, como el aislamiento t\u00e9rmico, la durabilidad, impermeabilidad y, como no, una est\u00e9tica que no podr\u00e1n obtener con otros materiales.<\/p>\n<p>En este apartado queremos mencionar la valiente apuesta hecha por varios arquitectos a favor de la cer\u00e1mica, como Alejandro Zaera (Pabell\u00f3n Espa\u00f1ol en la Exposici\u00f3n Universal de Aich\u00ed, Jap\u00f3n), Jos\u00e9 Ignacio Linazasoro, Jos\u00e9 Duant, Joan Tarr\u00fas, Enrique Soria, Jaume Bach, Enric Miralles, Cristian Cirici, Josep M. Botey, Xavier Busquets, Oscar Tusquets, Nieto Sobejano (Palacio de Congresos de Zaragoza), Patxi Mangado (Pabell\u00f3n de Espa\u00f1a en la Exposici\u00f3n de Zaragoza 2004), Enric Miralles y Benedetta Tagliabue (Mercado de Santa Caterina en Barcelona), Enric Ruiz Geli (Villa Nurbs, Empuriabrava, Girona), Wnag Shu en China o Peter Zumthor en Suiza.<\/p>\n<\/td>\n<\/tr>\n<tr>\n<td><span style=\"text-decoration: underline;\">Programa:<\/span><\/p>\n<p>09.00 Panel y debate<\/p>\n<p>Tema: &#8220;La arquitectura moderna y cer\u00e1mica: Sostenibilidad&#8221;<\/p>\n<p>10.30h Pausa &#8211; caf\u00e9<\/p>\n<p>11.00h Ponencias<\/p>\n<p>13.00h Almuerzo buffet en el foyer del auditorio del DHub<\/p>\n<\/td>\n<td>\n<p><span style=\"text-decoration: underline;\">Participantes:<\/span><\/p>\n<p>Sofia Tjernstr\u00f6m,\u00a0<br \/>urbanista, arquitecto y ceramista<\/p>\n<p><a href=\"https:\/\/www.aic-iac.org\/en\/member\/jacques-kaufmann\/\">Jacques Kaufmann<\/a>,\u00a0<br \/>ceramista que participan en la aplicaci\u00f3n de la cer\u00e1mica en la arquitectura y la sostenibilidad. El presidente de la AIC y miembro del grupo de WABA.<\/p>\n<p><a href=\"http:\/\/urv.academia.edu\/DavidTapiasMonn%C3%A9\">David Tapias Monn\u00e9<\/a>\u00a0&#8211;\u00a0<a href=\"http:\/\/www.aixopluc.net\/\">Aixopluc architectes<\/a>,\u00a0<br \/>un grupo de arquitectos j\u00f3venes con una visi\u00f3n coherente y radical en la sostenibilidad.<\/p>\n<p><span style=\"text-decoration: underline;\">Moderador:<\/span><\/p>\n<p>Jes\u00fas \u00c0ngel Prieto,\u00a0<br \/>profesor de la Escola d\u2019Art i Disseny Massana de Barcelona<\/p>\n<p><span style=\"text-decoration: underline;\">Ponencias:<\/span><\/p>\n<p>I Chi Hsu<br \/>\u201c The Brick architecture of FLICAM\u201d<\/p>\n<p>Robert Harrison<br \/>\u201cSustenaible ceramics ?\u201d<\/p>\n<p>Ramon Vicente Diaz del Campo<br \/>\u201cLa cer\u00e1mica en la obra de Miguel Fisac. De lo artesanal a la modernidad\u201d<\/p>\n<p>Hanna Novotna<br \/>\u201cThe current role of ceramic and porcelain in the contemporary modern Czech architecture and public space; its potential, trends and future visions of possible interactions\u201d<\/p>\n<\/td>\n<\/tr>\n<\/tbody>\n<\/table>\n<p>&nbsp;<\/p>\n","protected":false,"raw":"<table>\r\n<tbody>\r\n<tr>\r\n<td colspan=\"2\">\r\n[caption id=\"attachment_129\" align=\"alignnone\" width=\"2500\"]<img class=\"wp-image-129 size-full\" src=\"https:\/\/barcelona2016.aic-iac.org\/wp-content\/uploads\/sites\/6\/2015\/09\/F9b-Sta_caterina.jpg\" alt=\"Projekt: Mercado, Barcelona Architekt: Miralles Taliabue\" width=\"2500\" height=\"1128\" \/> Santa Caterina Market[\/caption]\r\n<\/td>\r\n<\/tr>\r\n<tr>\r\n<td>\r\n<p><span style=\"text-decoration: underline;\">La arquitectura moderna y cer\u00e1mica: Sostenibilidad<\/span><\/p>\r\n<p>Hay que reconocer que en la arquitectura contempor\u00e1nea la presencia de la cer\u00e1mica no ha sido todo lo destacable que quisi\u00e9ramos, pero sobre todo en los \u00faltimos 20 a\u00f1os ha habido un resurgimiento importante en este sentido, con interesantes realizaciones que hay que dar a conocer. Este \u00e1mbito nos aportar\u00e1 mucha informaci\u00f3n de c\u00f3mo pueden interactuar arquitectura y cer\u00e1mica en el momento actual, abriendo los ceramistas contempor\u00e1neos posibilidades insospechadas de c\u00f3mo integrar su creatividad en el mundo arquitect\u00f3nico. En un momento de grandes dificultades para la cer\u00e1mica de autor, esta puede ser una posible alternativa para trabajar en lo que nuestros ceramistas mejor saben hacer.<\/p>\r\n<\/td>\r\n<td>\r\n<p>Hay un acercamiento entre los dos mundos, ya que sospechamos que a menudo los arquitectos desconocen que la cer\u00e1mica puede ser una buena soluci\u00f3n a muchos de los problemas planteados en sus edificaciones, dadas las grandes propiedades de la cer\u00e1mica, como el aislamiento t\u00e9rmico, la durabilidad, impermeabilidad y, como no, una est\u00e9tica que no podr\u00e1n obtener con otros materiales.<\/p>\r\n<p>En este apartado queremos mencionar la valiente apuesta hecha por varios arquitectos a favor de la cer\u00e1mica, como Alejandro Zaera (Pabell\u00f3n Espa\u00f1ol en la Exposici\u00f3n Universal de Aich\u00ed, Jap\u00f3n), Jos\u00e9 Ignacio Linazasoro, Jos\u00e9 Duant, Joan Tarr\u00fas, Enrique Soria, Jaume Bach, Enric Miralles, Cristian Cirici, Josep M. Botey, Xavier Busquets, Oscar Tusquets, Nieto Sobejano (Palacio de Congresos de Zaragoza), Patxi Mangado (Pabell\u00f3n de Espa\u00f1a en la Exposici\u00f3n de Zaragoza 2004), Enric Miralles y Benedetta Tagliabue (Mercado de Santa Caterina en Barcelona), Enric Ruiz Geli (Villa Nurbs, Empuriabrava, Girona), Wnag Shu en China o Peter Zumthor en Suiza.<\/p>\r\n<\/td>\r\n<\/tr>\r\n<tr>\r\n<td><span style=\"text-decoration: underline;\">Programa:<\/span>\r\n<p>09.00 Panel y debate<\/p>\r\n<p>Tema: \"La arquitectura moderna y cer\u00e1mica: Sostenibilidad\"<\/p>\r\n<p>10.30h Pausa - caf\u00e9<\/p>\r\n<p>11.00h Ponencias<\/p>\r\n<p>13.00h Almuerzo buffet en el foyer del auditorio del DHub<\/p>\r\n<\/td>\r\n<td>\r\n<p><span style=\"text-decoration: underline;\">Participantes:<\/span><\/p>\r\n<p>Sofia Tjernstr\u00f6m,\u00a0<br \/>urbanista, arquitecto y ceramista<\/p>\r\n<p><a href=\"https:\/\/www.aic-iac.org\/en\/member\/jacques-kaufmann\/\">Jacques Kaufmann<\/a>,\u00a0<br \/>ceramista que participan en la aplicaci\u00f3n de la cer\u00e1mica en la arquitectura y la sostenibilidad. El presidente de la AIC y miembro del grupo de WABA.<\/p>\r\n<p><a href=\"http:\/\/urv.academia.edu\/DavidTapiasMonn%C3%A9\">David Tapias Monn\u00e9<\/a>\u00a0-\u00a0<a href=\"http:\/\/www.aixopluc.net\/\">Aixopluc architectes<\/a>,\u00a0<br \/>un grupo de arquitectos j\u00f3venes con una visi\u00f3n coherente y radical en la sostenibilidad.<\/p>\r\n<p><span style=\"text-decoration: underline;\">Moderador:<\/span><\/p>\r\n<p>Jes\u00fas \u00c0ngel Prieto,\u00a0<br \/>profesor de la Escola d\u2019Art i Disseny Massana de Barcelona<\/p>\r\n<p><span style=\"text-decoration: underline;\">Ponencias:<\/span><\/p>\r\n<p>I Chi Hsu<br \/>\u201c The Brick architecture of FLICAM\u201d<\/p>\r\n<p>Robert Harrison<br \/>\u201cSustenaible ceramics ?\u201d<\/p>\r\n<p>Ramon Vicente Diaz del Campo<br \/>\u201cLa cer\u00e1mica en la obra de Miguel Fisac. De lo artesanal a la modernidad\u201d<\/p>\r\n<p>Hanna Novotna<br \/>\u201cThe current role of ceramic and porcelain in the contemporary modern Czech architecture and public space; its potential, trends and future visions of possible interactions\u201d<\/p>\r\n<\/td>\r\n<\/tr>\r\n<\/tbody>\r\n<\/table>\r\n<p>&nbsp;<\/p>"},"excerpt":{"rendered":"<p>Sesione de debate: &#8220;La arquitectura moderna y cer\u00e1mica: Sostenibilidad&#8221;<\/p>\n","protected":false,"raw":"Sesione de debate: \"La arquitectura moderna y cer\u00e1mica: Sostenibilidad\""},"author":4,"featured_media":498,"parent":14,"menu_order":0,"comment_status":"closed","ping_status":"closed","template":"","meta":{"_en_post_content":"<table>\r\n<tbody>\r\n<tr>\r\n<td colspan=\"2\">\r\n[caption id=\"attachment_129\" align=\"alignnone\" width=\"2500\"]<img class=\"wp-image-129 size-full\" src=\"https:\/\/barcelona2016.aic-iac.org\/wp-content\/uploads\/sites\/6\/2015\/09\/F9b-Sta_caterina.jpg\" alt=\"Projekt: Mercado, Barcelona Architekt: Miralles Taliabue\" width=\"2500\" height=\"1128\" \/> Santa Caterina Market[\/caption]\r\n<\/td>\r\n<\/tr>\r\n<tr>\r\n<td>\r\n<p><span style=\"text-decoration: underline;\">Contemporary Architecture and Ceramics: Sustainability<\/span><\/p>\r\n<p>The presence of ceramics in contemporary architecture has not been particularly noteworthy<span style=\"text-decoration: line-through;\">,<\/span> but in the past 20 years, there has been a significant resurgence<span style=\"text-decoration: line-through;\">,<\/span> with interesting achievements to be viewed and evaluated. This session will focus upon how architecture and ceramics currently interact, opening up unexpected possibilities to contemporary ceramists and specifically on how to integrate their creativity in the architectural world. Perhaps this avenue of expression might be an alternative means of influence and ownership as opposed to creating \u201csignature\u201d work.<\/p>\r\n<p>&nbsp;<\/p>\r\n<\/td>\r\n<td>\r\n<p>A rapprochement between the two worlds is necessary, as we suspect that architects are often unaware that ceramics may be a good solution to many of the problems posed in their buildings, given the excellent properties of ceramics, such as thermal insulation, durability, impermeability and, of course, an aesthetic that cannot be achieved with other materials.<\/p>\r\n<p>In this session we want to mention the courageous commitment of many architects to ceramics, such as Renzo Piano, Alejandro Zaera (Spanish Pavilion at the World Expo in Aichi, Japan), Nieto Sobejano (Zaragoza Conference Centre), Patxi Mangado (Spanish Pavilion at Expo Zaragoza 2004), Enric Miralles and Benedetta Tagliabue (Santa Caterina Market in Barcelona).<\/p>\r\n<p>&nbsp;<\/p>\r\n<\/td>\r\n<\/tr>\r\n<tr>\r\n<td><span style=\"text-decoration: underline;\"><span style=\"text-decoration: underline;\">Program:<\/span><\/span>\r\n<p><strong><br \/><\/strong>09:00\u00a0<br \/>Panel and Discussion Topic:\u00a0\u201cContemporary Architecture and Ceramics: Sustainability\" opening by the speakers.<strong> \u00a0\u00a0\u00a0\u00a0\u00a0 <\/strong><\/p>\r\n<p>10:30\u00a0<br \/>Pause - coffee break<\/p>\r\n<p>11:00<br \/>Papers<\/p>\r\n<p>13:00<br \/>Lunch in the foyer of the conference room<\/p>\r\n<\/td>\r\n<td>\r\n<p><span style=\"text-decoration: underline;\">Speakers:<\/span><\/p>\r\n<p>Sofia Tjernstr\u00f6m, <br \/>Urban planner, architect and ceramist<\/p>\r\n<p><a href=\"https:\/\/www.aic-iac.org\/en\/member\/jacques-kaufmann\/\">Jacques Kaufmann<\/a>, <br \/>ceramist who worked on \u201csustainable bricks\u201d, member of the World Association of Brick Artists (WABA) and president of the International Academy of Ceramics (IAC)<\/p>\r\n<p><a href=\"http:\/\/urv.academia.edu\/DavidTapiasMonn%C3%A9\">David Tapias Monn\u00e9<\/a> - <a href=\"http:\/\/www.aixopluc.net\/\">Aixopluc architectes<\/a>, <br \/>a group of young architects with a coherent and radical vision on sustainability.<\/p>\r\n<p><span style=\"text-decoration: underline;\">Moderator:<\/span><\/p>\r\n<p>Jes\u00fas \u00c0ngel Prieto, <br \/>Professor of Escola Massana Design and Crafts Center in Barcelona<\/p>\r\n<p><span style=\"text-decoration: underline;\">Papers presented by:<\/span><\/p>\r\n<p>I Chi Hsu<br \/> \u201c The Brick architecture of FLICAM\u201d<\/p>\r\n<p>Robert Harrison<br \/> \u201cSustenaible ceramics ?\u201d<\/p>\r\n<p>Ramon Vicente Diaz del Campo<br \/>\u201cLa cer\u00e1mica en la obra de Miguel Fisac. De lo artesanal a la modernidad\u201d<\/p>\r\n<p>Hanna Novotna<br \/> \u201cThe current role of ceramic and porcelain in the contemporary modern Czech architecture and public space; its potential, trends and future visions of possible interactions\u201d<\/p>\r\n<\/td>\r\n<\/tr>\r\n<\/tbody>\r\n<\/table>\r\n<p>&nbsp;<\/p>","_en_post_name":"14th-september-wednesday-09-00-14-00h","_en_post_excerpt":"Debate session: \u201cContemporary Architecture and Ceramics: Sustainability\" ","_en_post_title":"DEBATE SESSION 3\u2014WEDNESDAY 14.09.2016","_fr_post_content":"<table>\r\n<tbody>\r\n<tr>\r\n<td colspan=\"2\">\r\n[caption id=\"attachment_129\" align=\"alignnone\" width=\"2500\"]<img class=\"wp-image-129 size-full\" src=\"https:\/\/barcelona2016.aic-iac.org\/wp-content\/uploads\/sites\/6\/2015\/09\/F9b-Sta_caterina.jpg\" alt=\"Projekt: Mercado, Barcelona Architekt: Miralles Taliabue\" width=\"2500\" height=\"1128\" \/> Santa Caterina Market[\/caption]\r\n<\/td>\r\n<\/tr>\r\n<tr>\r\n<td>\r\n<p><span style=\"text-decoration: underline;\">L\u2019architecture contemporaine et la c\u00e9ramique: durabilit\u00e9<\/span><\/p>\r\n<p>(Description seulement en anglais)<\/p>\r\n<p>The presence of ceramics in contemporary architecture has not been particularly noteworthy<span style=\"text-decoration: line-through;\">,<\/span> but in the past 20 years, there has been a significant resurgence<span style=\"text-decoration: line-through;\">,<\/span> with interesting achievements to be viewed and evaluated. This session will focus upon how architecture and ceramics currently interact, opening up unexpected possibilities to contemporary ceramists and specifically on how to integrate their creativity in the architectural world. Perhaps this avenue of expression might be an alternative means of influence and ownership as opposed to creating \u201csignature\u201d work.<\/p>\r\n<p>&nbsp;<\/p>\r\n<\/td>\r\n<td>\r\n<p>A rapprochement between the two worlds is necessary, as we suspect that architects are often unaware that ceramics may be a good solution to many of the problems posed in their buildings, given the excellent properties of ceramics, such as thermal insulation, durability, impermeability and, of course, an aesthetic that cannot be achieved with other materials.<\/p>\r\n<p>In this session we want to mention the courageous commitment of many architects to ceramics, such as Renzo Piano, Alejandro Zaera (Spanish Pavilion at the World Expo in Aichi, Japan), Nieto Sobejano (Zaragoza Conference Centre), Patxi Mangado (Spanish Pavilion at Expo Zaragoza 2004), Enric Miralles and Benedetta Tagliabue (Santa Caterina Market in Barcelona).<\/p>\r\n<p>&nbsp;<\/p>\r\n<\/td>\r\n<\/tr>\r\n<tr>\r\n<td><span style=\"text-decoration: underline;\">Programme:<\/span>\r\n<p><strong><br \/><\/strong>09:00\u00a0<br \/>Table ronde et d\u00e9bats: \"L\u2019architecture moderne et la c\u00e9ramique\u00a0: durabilit\u00e9\" Ouverture de la session par les conf\u00e9renciers-\u00e8res. \u00a0\u00a0<\/p>\r\n<p>10:30\u00a0<br \/>Pause caf\u00e9<\/p>\r\n<p>11:00<br \/>Session ouverte aux contributions s\u00e9lectionn\u00e9es autour du th\u00e8me \"L\u2019architecture moderne et la c\u00e9ramique\u00a0: durabilit\u00e9\".<\/p>\r\n<p>13:00<br \/>D\u00e9jeuner dans le hall de la salle de conf\u00e9rences<\/p>\r\n<\/td>\r\n<td>\r\n<p><span style=\"text-decoration: underline;\">Conf\u00e9renciers-\u00e8res: <\/span><\/p>\r\n<p>Sofia Tjernstr\u00f6m, <br \/>urbaniste, architecte et c\u00e9ramiste<\/p>\r\n<p><a href=\"https:\/\/www.aic-iac.org\/en\/member\/jacques-kaufmann\/\">Jacques Kaufmann<\/a>, <br \/>c\u00e9ramiste, impliqu\u00e9 dans l\u2019application de la c\u00e9ramique dans l\u2019architecture et la durabilit\u00e9. Pr\u00e9sident de l\u2019AIC et membre du groupe WABA.<\/p>\r\n<p><a href=\"http:\/\/urv.academia.edu\/DavidTapiasMonn%C3%A9\">David Tapias Monn\u00e9<\/a> - <a href=\"http:\/\/www.aixopluc.net\/\">Aixopluc architectes<\/a>, <br \/>groupe de jeunes architectes avec une vision coh\u00e9rente et radicale de la durabilit\u00e9.<\/p>\r\n<p><span style=\"text-decoration: underline;\">Moderateur:<\/span><\/p>\r\n<p>Jes\u00fas \u00c0ngel Prieto, <br \/>professeur de <em>Escola d\u2019Art i Disseny Massana<\/em> de Barcelone<\/p>\r\n<p><span style=\"text-decoration: underline;\">Contributeurs-trices au d\u00e9bat:<\/span><\/p>\r\n<p>I Chi Hsu<br \/> \u201c The Brick architecture of FLICAM\u201d<\/p>\r\n<p>Robert Harrison<br \/> \u201cSustenaible ceramics ?\u201d<\/p>\r\n<p>Ramon Vicente Diaz del Campo<br \/>\u201cLa cer\u00e1mica en la obra de Miguel Fisac. De lo artesanal a la modernidad\u201d<\/p>\r\n<p>Hanna Novotna<br \/> \u201cThe current role of ceramic and porcelain in the contemporary modern Czech architecture and public space; its potential, trends and future visions of possible interactions\u201d<\/p>\r\n<\/td>\r\n<\/tr>\r\n<\/tbody>\r\n<\/table>\r\n<p>&nbsp;<\/p>","_fr_post_name":"14th-september-wednesday-09-00-14-00h","_fr_post_excerpt":"L\u2019architecture moderne et la c\u00e9ramique : durabilit\u00e9","_fr_post_title":"Session de d\u00e9bats 3 - Mercredi 14.09.2016","_es_post_content":"<table>\r\n<tbody>\r\n<tr>\r\n<td colspan=\"2\">\r\n[caption id=\"attachment_129\" align=\"alignnone\" width=\"2500\"]<img class=\"wp-image-129 size-full\" src=\"https:\/\/barcelona2016.aic-iac.org\/wp-content\/uploads\/sites\/6\/2015\/09\/F9b-Sta_caterina.jpg\" alt=\"Projekt: Mercado, Barcelona Architekt: Miralles Taliabue\" width=\"2500\" height=\"1128\" \/> Santa Caterina Market[\/caption]\r\n<\/td>\r\n<\/tr>\r\n<tr>\r\n<td>\r\n<p><span style=\"text-decoration: underline;\">La arquitectura moderna y cer\u00e1mica: Sostenibilidad<\/span><\/p>\r\n<p>Hay que reconocer que en la arquitectura contempor\u00e1nea la presencia de la cer\u00e1mica no ha sido todo lo destacable que quisi\u00e9ramos, pero sobre todo en los \u00faltimos 20 a\u00f1os ha habido un resurgimiento importante en este sentido, con interesantes realizaciones que hay que dar a conocer. Este \u00e1mbito nos aportar\u00e1 mucha informaci\u00f3n de c\u00f3mo pueden interactuar arquitectura y cer\u00e1mica en el momento actual, abriendo los ceramistas contempor\u00e1neos posibilidades insospechadas de c\u00f3mo integrar su creatividad en el mundo arquitect\u00f3nico. En un momento de grandes dificultades para la cer\u00e1mica de autor, esta puede ser una posible alternativa para trabajar en lo que nuestros ceramistas mejor saben hacer.<\/p>\r\n<\/td>\r\n<td>\r\n<p>Hay un acercamiento entre los dos mundos, ya que sospechamos que a menudo los arquitectos desconocen que la cer\u00e1mica puede ser una buena soluci\u00f3n a muchos de los problemas planteados en sus edificaciones, dadas las grandes propiedades de la cer\u00e1mica, como el aislamiento t\u00e9rmico, la durabilidad, impermeabilidad y, como no, una est\u00e9tica que no podr\u00e1n obtener con otros materiales.<\/p>\r\n<p>En este apartado queremos mencionar la valiente apuesta hecha por varios arquitectos a favor de la cer\u00e1mica, como Alejandro Zaera (Pabell\u00f3n Espa\u00f1ol en la Exposici\u00f3n Universal de Aich\u00ed, Jap\u00f3n), Jos\u00e9 Ignacio Linazasoro, Jos\u00e9 Duant, Joan Tarr\u00fas, Enrique Soria, Jaume Bach, Enric Miralles, Cristian Cirici, Josep M. Botey, Xavier Busquets, Oscar Tusquets, Nieto Sobejano (Palacio de Congresos de Zaragoza), Patxi Mangado (Pabell\u00f3n de Espa\u00f1a en la Exposici\u00f3n de Zaragoza 2004), Enric Miralles y Benedetta Tagliabue (Mercado de Santa Caterina en Barcelona), Enric Ruiz Geli (Villa Nurbs, Empuriabrava, Girona), Wnag Shu en China o Peter Zumthor en Suiza.<\/p>\r\n<\/td>\r\n<\/tr>\r\n<tr>\r\n<td><span style=\"text-decoration: underline;\">Programa:<\/span>\r\n<p>09.00 Panel y debate<\/p>\r\n<p>Tema: \"La arquitectura moderna y cer\u00e1mica: Sostenibilidad\"<\/p>\r\n<p>10.30h Pausa - caf\u00e9<\/p>\r\n<p>11.00h Ponencias<\/p>\r\n<p>13.00h Almuerzo buffet en el foyer del auditorio del DHub<\/p>\r\n<\/td>\r\n<td>\r\n<p><span style=\"text-decoration: underline;\">Participantes:<\/span><\/p>\r\n<p>Sofia Tjernstr\u00f6m,\u00a0<br \/>urbanista, arquitecto y ceramista<\/p>\r\n<p><a href=\"https:\/\/www.aic-iac.org\/en\/member\/jacques-kaufmann\/\">Jacques Kaufmann<\/a>,\u00a0<br \/>ceramista que participan en la aplicaci\u00f3n de la cer\u00e1mica en la arquitectura y la sostenibilidad. El presidente de la AIC y miembro del grupo de WABA.<\/p>\r\n<p><a href=\"http:\/\/urv.academia.edu\/DavidTapiasMonn%C3%A9\">David Tapias Monn\u00e9<\/a>\u00a0-\u00a0<a href=\"http:\/\/www.aixopluc.net\/\">Aixopluc architectes<\/a>,\u00a0<br \/>un grupo de arquitectos j\u00f3venes con una visi\u00f3n coherente y radical en la sostenibilidad.<\/p>\r\n<p><span style=\"text-decoration: underline;\">Moderador:<\/span><\/p>\r\n<p>Jes\u00fas \u00c0ngel Prieto,\u00a0<br \/>profesor de la Escola d\u2019Art i Disseny Massana de Barcelona<\/p>\r\n<p><span style=\"text-decoration: underline;\">Ponencias:<\/span><\/p>\r\n<p>I Chi Hsu<br \/>\u201c The Brick architecture of FLICAM\u201d<\/p>\r\n<p>Robert Harrison<br \/>\u201cSustenaible ceramics ?\u201d<\/p>\r\n<p>Ramon Vicente Diaz del Campo<br \/>\u201cLa cer\u00e1mica en la obra de Miguel Fisac. De lo artesanal a la modernidad\u201d<\/p>\r\n<p>Hanna Novotna<br \/>\u201cThe current role of ceramic and porcelain in the contemporary modern Czech architecture and public space; its potential, trends and future visions of possible interactions\u201d<\/p>\r\n<\/td>\r\n<\/tr>\r\n<\/tbody>\r\n<\/table>\r\n<p>&nbsp;<\/p>","_es_post_name":"14th-september-wednesday-09-00-14-00h","_es_post_excerpt":"Sesione de debate: \"La arquitectura moderna y cer\u00e1mica: Sostenibilidad\"","_es_post_title":"SESIONE DE DEBATE 3 - 14.09.2016","_ca_post_content":"","_ca_post_name":"","_ca_post_excerpt":"","_ca_post_title":"","edit_language":"es","footnotes":""},"class_list":["post-694","page","type-page","status-publish","has-post-thumbnail","hentry"],"_links":{"self":[{"href":"https:\/\/barcelona2016.aic-iac.org\/es\/wp-json\/wp\/v2\/pages\/694","targetHints":{"allow":["GET"]}}],"collection":[{"href":"https:\/\/barcelona2016.aic-iac.org\/es\/wp-json\/wp\/v2\/pages"}],"about":[{"href":"https:\/\/barcelona2016.aic-iac.org\/es\/wp-json\/wp\/v2\/types\/page"}],"author":[{"embeddable":true,"href":"https:\/\/barcelona2016.aic-iac.org\/es\/wp-json\/wp\/v2\/users\/4"}],"replies":[{"embeddable":true,"href":"https:\/\/barcelona2016.aic-iac.org\/es\/wp-json\/wp\/v2\/comments?post=694"}],"version-history":[{"count":24,"href":"https:\/\/barcelona2016.aic-iac.org\/es\/wp-json\/wp\/v2\/pages\/694\/revisions"}],"predecessor-version":[{"id":2107,"href":"https:\/\/barcelona2016.aic-iac.org\/es\/wp-json\/wp\/v2\/pages\/694\/revisions\/2107"}],"up":[{"embeddable":true,"href":"https:\/\/barcelona2016.aic-iac.org\/es\/wp-json\/wp\/v2\/pages\/14"}],"wp:featuredmedia":[{"embeddable":true,"href":"https:\/\/barcelona2016.aic-iac.org\/es\/wp-json\/wp\/v2\/media\/498"}],"wp:attachment":[{"href":"https:\/\/barcelona2016.aic-iac.org\/es\/wp-json\/wp\/v2\/media?parent=694"}],"curies":[{"name":"wp","href":"https:\/\/api.w.org\/{rel}","templated":true}]}}