{"id":700,"date":"2015-12-26T18:41:15","date_gmt":"2015-12-26T17:41:15","guid":{"rendered":"http:\/\/barcelona2016.aic-iac.org\/?page_id=700"},"modified":"2016-09-06T09:58:09","modified_gmt":"2016-09-06T08:58:09","slug":"15th-september-thursday-11-14-00h","status":"publish","type":"page","link":"https:\/\/barcelona2016.aic-iac.org\/es\/speakers\/15th-september-thursday-11-14-00h\/","title":{"rendered":"SESIONE DE DEBATE 4 - 15.09.2016","raw":"SESIONE DE DEBATE 4 - 15.09.2016"},"content":{"rendered":"<table>\n<tbody>\n<tr>\n<td colspan=\"2\">\n<div id=\"attachment_1104\" style=\"width: 1700px\" class=\"wp-caption alignnone\"><img loading=\"lazy\" decoding=\"async\" aria-describedby=\"caption-attachment-1104\" class=\"wp-image-1104 size-full\" src=\"https:\/\/barcelona2016.aic-iac.org\/wp-content\/uploads\/sites\/6\/2015\/12\/D3RLichtensteincopie.jpg\" alt=\"Roy Lichtenstein. Face of Barcelona (1992)\" width=\"1690\" height=\"1704\" srcset=\"https:\/\/barcelona2016.aic-iac.org\/wp-content\/uploads\/sites\/2\/2015\/12\/D3RLichtensteincopie.jpg 1690w, https:\/\/barcelona2016.aic-iac.org\/wp-content\/uploads\/sites\/2\/2015\/12\/D3RLichtensteincopie-140x140.jpg 140w, https:\/\/barcelona2016.aic-iac.org\/wp-content\/uploads\/sites\/2\/2015\/12\/D3RLichtensteincopie-300x302.jpg 300w, https:\/\/barcelona2016.aic-iac.org\/wp-content\/uploads\/sites\/2\/2015\/12\/D3RLichtensteincopie-940x948.jpg 940w\" sizes=\"auto, (max-width: 1690px) 100vw, 1690px\" \/><p id=\"caption-attachment-1104\" class=\"wp-caption-text\">Roy Lichtenstein. Face of Barcelona (1992)<\/p><\/div>\n<\/td>\n<\/tr>\n<\/tbody>\n<\/table>\n<table>\n<tbody>\n<tr>\n<td>\n<p><span style=\"text-decoration: underline;\">Cer\u00e1mica, escultura y espacio p\u00fablico: visiones urbanas, art\u00edsticas y antropol\u00f3gicas<\/span><\/p>\n<p>Este es un apartado muy innovador y del que esperamos que haya un antes y un despu\u00e9s del congreso de Barcelona. Debe hacerse un estudio profundo del significado de la cer\u00e1mica en el espacio p\u00fablico, con todo lo que ello implica de relaciones con la configuraci\u00f3n urbana de la ciudad y las relaciones sociales que implica. Queremos que los aspectos antropol\u00f3gicos est\u00e9n presentes en el debate que haremos sobre lo que significa la presencia de la cer\u00e1mica en el espacio p\u00fablico, procurando conocer como la cer\u00e1mica puede hacer mejor nuestras ciudades y c\u00f3mo la cer\u00e1mica puede ser un elemento importante en aspectos como una mejor eficiencia energ\u00e9tica, disminuci\u00f3n de los gastos de mantenimiento de mobiliario urbano, mejoras en la escultura p\u00fablica y otros similares.<\/p>\n<p>&nbsp;<\/p>\n<\/td>\n<td>\n<p>Pocas veces hemos visto esculturas p\u00fablicas hechas por ceramistas o con cer\u00e1mica, aunque es un material perfecto para hacerlo dado que es un material casi inalterable a las condiciones atmosf\u00e9ricas (sobre todo en cuanto a humedad y temperatura) y, a diferencia otros materiales mucho m\u00e1s usados, como el bronce o el acero corten, tiene unas posibilidades crom\u00e1ticas muy superiores. Hay que reivindicar la cer\u00e1mica como materia prima para la escultura y otros usos de los espacios p\u00fablicos de nuestros pueblos y ciudades.<\/p>\n<p>Tenemos buenos ejemplos de escultura p\u00fablica con cer\u00e1mica en Barcelona, \u200b\u200bcomo la &#8220;Cara de Barcelona&#8221; de Roy Lichtenstein, &#8220;Dona i ocell\u201d de Joan Mir\u00f3, &#8220;Castilla&#8221; en la Plaza de la Fuente Castellana, de Madola o \u201cSol i Sombra\u201d de Beverly Pepper. Seguro que en otras ciudades del pa\u00eds y del mundo encontraremos m\u00e1s esculturas que pueden servir de modelo e inspiraci\u00f3n para ceramistas y para responsables del urbanismo, as\u00ed como responsables pol\u00edticos, que a menudo son los que tienen la \u00faltima palabra en estas cuestiones, dado que casi siempre son actuaciones financiadas con dinero p\u00fablico donde el intervencionismo pol\u00edtico es notable.<\/p>\n<\/td>\n<\/tr>\n<tr>\n<td>\n<p><span style=\"text-decoration: underline;\">Programa:<\/span><\/p>\n<p>09.00h Panel y debate<\/p>\n<p>Tema: Cer\u00e1mica, escultura y espacio p\u00fablico: visiones urbanas, art\u00edsticas y antropol\u00f3gicas<\/p>\n<p>10.30h Pausa &#8211; caf\u00e9<\/p>\n<p>11.00h Ponencias<\/p>\n<p>13.00h Almuerzo buffet en el foyer del auditorio del DHub<\/p>\n<\/td>\n<td>\n<p><span style=\"text-decoration: underline;\">Participantes:<\/span><\/p>\n<p><a href=\"http:\/\/www.angelgarraza.es\/\">Angel Garraza<\/a>,\u00a0<br \/>ceramista con trabajos significativos en espacios urbanos. Profesor de cer\u00e1mica en la Universidad de Pa\u00eds Vasco.<\/p>\n<p><a href=\"https:\/\/en.wikipedia.org\/wiki\/Gloria_Moure\">Gloria Moure<\/a>,\u00a0<br \/>historiadora del arte, cr\u00edtica y comisaria de exposiciones<\/p>\n<p><a href=\"http:\/\/www.fredericamat.net\/en\/\">Frederic Amat<\/a>\u00a0,\u00a0<br \/>artista visual y escen\u00f3grafo<\/p>\n<p><span style=\"text-decoration: underline;\">Moderator:<\/span><\/p>\n<p>Oriol Calvo,\u00a0<br \/>anthropologist and director of ceramics museum in Argentona. Manager of Spanish Association of Ceramics Cities and general coordinator of IAC2016<\/p>\n<p><span style=\"text-decoration: underline;\">Ponencias:<\/span><\/p>\n<p>Elisa Ullauri \u201cEl museo en la calle. Mediaci\u00f3n cultural del patrimonio cer\u00e1mico-urbano\u201d<\/p>\n<p>S\u00e9rgio Vicente i Virg\u00ednia Fr\u00f3is<br \/>\u201cCeramic public sculptures: a new relationship between art, local government and industry\u201d<\/p>\n<p>Silvia Noriko Tagusagawa \u201cCeramics and its poetics: Transcending boundaries\u201d<\/p>\n<p>Roberta Griffith<br \/>\u201cCeramic collaboration of Josep Llorens Artigas and Joan Mir\u00f3\u201d<\/p>\n<\/td>\n<\/tr>\n<\/tbody>\n<\/table>\n<p>&nbsp;<\/p>\n","protected":false,"raw":"<table>\r\n<tbody>\r\n<tr>\r\n<td colspan=\"2\">\r\n[caption id=\"attachment_1104\" align=\"alignnone\" width=\"1690\"]<img class=\"wp-image-1104 size-full\" src=\"https:\/\/barcelona2016.aic-iac.org\/wp-content\/uploads\/sites\/6\/2015\/12\/D3RLichtensteincopie.jpg\" alt=\"Roy Lichtenstein. Face of Barcelona (1992)\" width=\"1690\" height=\"1704\" \/> Roy Lichtenstein. Face of Barcelona (1992)[\/caption]\r\n<\/td>\r\n<\/tr>\r\n<\/tbody>\r\n<\/table>\r\n<table>\r\n<tbody>\r\n<tr>\r\n<td>\r\n<p><span style=\"text-decoration: underline;\">Cer\u00e1mica, escultura y espacio p\u00fablico: visiones urbanas, art\u00edsticas y antropol\u00f3gicas<\/span><\/p>\r\n<p>Este es un apartado muy innovador y del que esperamos que haya un antes y un despu\u00e9s del congreso de Barcelona. Debe hacerse un estudio profundo del significado de la cer\u00e1mica en el espacio p\u00fablico, con todo lo que ello implica de relaciones con la configuraci\u00f3n urbana de la ciudad y las relaciones sociales que implica. Queremos que los aspectos antropol\u00f3gicos est\u00e9n presentes en el debate que haremos sobre lo que significa la presencia de la cer\u00e1mica en el espacio p\u00fablico, procurando conocer como la cer\u00e1mica puede hacer mejor nuestras ciudades y c\u00f3mo la cer\u00e1mica puede ser un elemento importante en aspectos como una mejor eficiencia energ\u00e9tica, disminuci\u00f3n de los gastos de mantenimiento de mobiliario urbano, mejoras en la escultura p\u00fablica y otros similares.<\/p>\r\n<p>&nbsp;<\/p>\r\n<\/td>\r\n<td>\r\n<p>Pocas veces hemos visto esculturas p\u00fablicas hechas por ceramistas o con cer\u00e1mica, aunque es un material perfecto para hacerlo dado que es un material casi inalterable a las condiciones atmosf\u00e9ricas (sobre todo en cuanto a humedad y temperatura) y, a diferencia otros materiales mucho m\u00e1s usados, como el bronce o el acero corten, tiene unas posibilidades crom\u00e1ticas muy superiores. Hay que reivindicar la cer\u00e1mica como materia prima para la escultura y otros usos de los espacios p\u00fablicos de nuestros pueblos y ciudades.<\/p>\r\n<p>Tenemos buenos ejemplos de escultura p\u00fablica con cer\u00e1mica en Barcelona, \u200b\u200bcomo la \"Cara de Barcelona\" de Roy Lichtenstein, \"Dona i ocell\u201d de Joan Mir\u00f3, \"Castilla\" en la Plaza de la Fuente Castellana, de Madola o \u201cSol i Sombra\u201d de Beverly Pepper. Seguro que en otras ciudades del pa\u00eds y del mundo encontraremos m\u00e1s esculturas que pueden servir de modelo e inspiraci\u00f3n para ceramistas y para responsables del urbanismo, as\u00ed como responsables pol\u00edticos, que a menudo son los que tienen la \u00faltima palabra en estas cuestiones, dado que casi siempre son actuaciones financiadas con dinero p\u00fablico donde el intervencionismo pol\u00edtico es notable.<\/p>\r\n<\/td>\r\n<\/tr>\r\n<tr>\r\n<td>\r\n<p><span style=\"text-decoration: underline;\">Programa:<\/span><\/p>\r\n<p>09.00h Panel y debate<\/p>\r\n<p>Tema: Cer\u00e1mica, escultura y espacio p\u00fablico: visiones urbanas, art\u00edsticas y antropol\u00f3gicas<\/p>\r\n<p>10.30h Pausa - caf\u00e9<\/p>\r\n<p>11.00h Ponencias<\/p>\r\n<p>13.00h Almuerzo buffet en el foyer del auditorio del DHub<\/p>\r\n<\/td>\r\n<td>\r\n<p><span style=\"text-decoration: underline;\">Participantes:<\/span><\/p>\r\n<p><a href=\"http:\/\/www.angelgarraza.es\/\">Angel Garraza<\/a>,\u00a0<br \/>ceramista con trabajos significativos en espacios urbanos. Profesor de cer\u00e1mica en la Universidad de Pa\u00eds Vasco.<\/p>\r\n<p><a href=\"https:\/\/en.wikipedia.org\/wiki\/Gloria_Moure\">Gloria Moure<\/a>,\u00a0<br \/>historiadora del arte, cr\u00edtica y comisaria de exposiciones<\/p>\r\n<p><a href=\"http:\/\/www.fredericamat.net\/en\/\">Frederic Amat<\/a>\u00a0,\u00a0<br \/>artista visual y escen\u00f3grafo<\/p>\r\n<p><span style=\"text-decoration: underline;\">Moderator:<\/span><\/p>\r\n<p>Oriol Calvo,\u00a0<br \/>anthropologist and director of ceramics museum in Argentona. Manager of Spanish Association of Ceramics Cities and general coordinator of IAC2016<\/p>\r\n<p><span style=\"text-decoration: underline;\">Ponencias:<\/span><\/p>\r\n<p>Elisa Ullauri \u201cEl museo en la calle. Mediaci\u00f3n cultural del patrimonio cer\u00e1mico-urbano\u201d<\/p>\r\n<p>S\u00e9rgio Vicente i Virg\u00ednia Fr\u00f3is<br \/>\u201cCeramic public sculptures: a new relationship between art, local government and industry\u201d<\/p>\r\n<p>Silvia Noriko Tagusagawa \u201cCeramics and its poetics: Transcending boundaries\u201d<\/p>\r\n<p>Roberta Griffith<br \/>\u201cCeramic collaboration of Josep Llorens Artigas and Joan Mir\u00f3\u201d<\/p>\r\n<\/td>\r\n<\/tr>\r\n<\/tbody>\r\n<\/table>\r\n<p>&nbsp;<\/p>"},"excerpt":{"rendered":"<p>Sesione de debate: &#8220;Cer\u00e1mica, escultura y espacio p\u00fablico: visiones urbanas, art\u00edsticas y antropol\u00f3gicas&#8221;<\/p>\n","protected":false,"raw":"Sesione de debate: \"Cer\u00e1mica, escultura y espacio p\u00fablico: visiones urbanas, art\u00edsticas y antropol\u00f3gicas\""},"author":4,"featured_media":1104,"parent":14,"menu_order":0,"comment_status":"closed","ping_status":"closed","template":"","meta":{"_en_post_content":"<table>\r\n<tbody>\r\n<tr>\r\n<td colspan=\"2\">\r\n[caption id=\"attachment_1104\" align=\"alignnone\" width=\"1690\"]<img class=\"wp-image-1104 size-full\" src=\"https:\/\/barcelona2016.aic-iac.org\/wp-content\/uploads\/sites\/6\/2015\/12\/D3RLichtensteincopie.jpg\" alt=\"Roy Lichtenstein. Face of Barcelona (1992)\" width=\"1690\" height=\"1704\" \/> Roy Lichtenstein. Face of Barcelona (1992)[\/caption]\r\n<\/td>\r\n<\/tr>\r\n<\/tbody>\r\n<\/table>\r\n<table>\r\n<tbody>\r\n<tr>\r\n<td>\r\n<p><span style=\"text-decoration: underline;\">Ceramics, Sculpture and Public Spaces: Urban, Artistic and Antropological Visions<\/span><\/p>\r\n<p>In this session, we hope to be proactive and document a \"before\" and \"after\" within the General Assembly. We wish to dialog and focus on the significance of ceramics in public spaces that would interact with urban planning and the social relationships that evolve. We want the discussion to include anthropological aspects to ascertain how ceramics can better our cities and how ceramics can become an important element in energy efficiency, decreased maintenance costs and improvements in the aesthetics of public sculpture environments.<\/p>\r\n<p>Rarely have we seen public sculptures done by ceramists or made of ceramics, although it is a perfect material virtually unalterable by atmospheric conditions (humidity and temperature) and, unlike other more frequently used materials like bronze or Corten steel, it has far superior chromatic possibilities. We must advocate using ceramics as a raw material for sculpture and other uses of public spaces in our towns and cities.<\/p>\r\n<p>&nbsp;<\/p>\r\n<\/td>\r\n<td>\r\n<p>A recent example of ceramics used in creative ways in urban settings can be seen in WABA (World Association of Brick Artists) a group including Ulla Vioti, Robert Harrison, Jacques Kaufmann, Gwen Heeney and Fritz Vehring, who have used bricks in public spaces in international settings.<\/p>\r\n<p>Other examples of public sculpture using ceramics is located in Barcelona, -\u201cBarcelona Face\u201d by Roy Lichtenstein, \u201cWoman and Bird\u201d by Joan Mir\u00f3, \u201cCastella\u201d in Pla\u00e7a de la Font Castellana, by Madola. Surely, in other cities around the world we can find more sculptures that may serve as models and inspiration for both ceramists and policy makers in charge of urban planning who often have the last word in these matters. These initiatives are almost always funded by public money where political intervention is significant.<\/p>\r\n<\/td>\r\n<\/tr>\r\n<tr>\r\n<td>\r\n<p><span style=\"text-decoration: underline;\">Program:<\/span><a href=\"https:\/\/barcelona2016.aic-iac.org\/september-12-general-assembly\/\"><span style=\"text-decoration: underline;\"><br \/><\/span><\/a><br \/>09:00<br \/>Panel and discussion topic:<br \/>\"Ceramics, sculpture and public space: urban, artistic and anthropological visions\" opening by the spekers.<\/p>\r\n<p>10:30\u00a0<br \/>Pause \u2013 coffee break<\/p>\r\n<p>11:00<br \/>Papers\u00a0<\/p>\r\n<p>13:00 <br \/>Lunch in the foyer of the conference room<\/p>\r\n<\/td>\r\n<td>\r\n<p><span style=\"text-decoration: underline;\">Speakers:<\/span><\/p>\r\n<p><a href=\"http:\/\/www.angelgarraza.es\/\">Angel Garraza<\/a>, <br \/>ceramist with important works in public space and ceramics professor in University of Basque Country.<\/p>\r\n<p><a href=\"https:\/\/en.wikipedia.org\/wiki\/Gloria_Moure\">Gloria Moure<\/a>, <br \/>art historian, critic and curator<\/p>\r\n<p><a href=\"http:\/\/www.fredericamat.net\/en\/\">Frederic Amat<\/a> , <br \/>visual artist and scenographer<\/p>\r\n<p><span style=\"text-decoration: underline;\">Moderator:<\/span><\/p>\r\n<p>Oriol Calvo, <br \/>anthropologist and director of ceramics museum in Argentona. Manager of Spanish Association of Ceramics Cities and general coordinator of IAC2016<\/p>\r\n<p><span style=\"text-decoration: underline;\">Papers presented by:<\/span><\/p>\r\n<p>Elisa Ullauri \u201cEl museo en la calle. Mediaci\u00f3n cultural del patrimonio cer\u00e1mico-urbano\u201d<\/p>\r\n<p>S\u00e9rgio Vicente i Virg\u00ednia Fr\u00f3is<br \/>\u201cCeramic public sculptures: a new relationship between art, local government and industry\u201d<\/p>\r\n<p>Silvia Noriko Tagusagawa \u201cCeramics and its poetics: Transcending boundaries\u201d<\/p>\r\n<p>Roberta Griffith<br \/>\u201cCeramic collaboration of Josep Llorens Artigas and Joan Mir\u00f3\u201d<\/p>\r\n<\/td>\r\n<\/tr>\r\n<\/tbody>\r\n<\/table>\r\n<p>&nbsp;<\/p>","_en_post_name":"15th-september-thursday-11-14-00h","_en_post_excerpt":"Debate session: Ceramics, sculpture and public space: urban, artistic and anthropological visions","_en_post_title":"DEBATE SESSION 4\u2014THURSDAY 15.09.2016","_fr_post_content":"<table>\r\n<tbody>\r\n<tr>\r\n<td colspan=\"2\">\r\n[caption id=\"attachment_1104\" align=\"alignnone\" width=\"1690\"]<img class=\"wp-image-1104 size-full\" src=\"https:\/\/barcelona2016.aic-iac.org\/wp-content\/uploads\/sites\/6\/2015\/12\/D3RLichtensteincopie.jpg\" alt=\"Roy Lichtenstein. Face of Barcelona (1992)\" width=\"1690\" height=\"1704\" \/> Roy Lichtenstein. Face of Barcelona (1992)[\/caption]\r\n<\/td>\r\n<\/tr>\r\n<\/tbody>\r\n<\/table>\r\n<table>\r\n<tbody>\r\n<tr>\r\n<td>\r\n<p><span style=\"text-decoration: underline;\">C\u00e9ramique, sculpture et espace public: visions urbaines, artistiques et anthropologiques<\/span><\/p>\r\n<p>(Description seulement en anglais)<\/p>\r\n<p>In this session, we hope to be proactive and document a \"before\" and \"after\" within the General Assembly. We wish to dialog and focus on the significance of ceramics in public spaces that would interact with urban planning and the social relationships that evolve. We want the discussion to include anthropological aspects to ascertain how ceramics can better our cities and how ceramics can become an important element in energy efficiency, decreased maintenance costs and improvements in the aesthetics of public sculpture environments.<\/p>\r\n<p>Rarely have we seen public sculptures done by ceramists or made of ceramics, although it is a perfect material virtually unalterable by atmospheric conditions (humidity and temperature) and, unlike other more frequently used materials like bronze or Corten steel, it has far superior chromatic possibilities. We must advocate using ceramics as a raw material for sculpture and other uses of public spaces in our towns and cities.<\/p>\r\n<p>&nbsp;<\/p>\r\n<\/td>\r\n<td>\r\n<p>A recent example of ceramics used in creative ways in urban settings can be seen in WABA (World Association of Brick Artists) a group including Ulla Vioti, Robert Harrison, Jacques Kaufmann, Gwen Heeney and Fritz Vehring, who have used bricks in public spaces in international settings.<\/p>\r\n<p>Other examples of public sculpture using ceramics is located in Barcelona, -\u201cBarcelona Face\u201d by Roy Lichtenstein, \u201cWoman and Bird\u201d by Joan Mir\u00f3, \u201cCastella\u201d in Pla\u00e7a de la Font Castellana, by Madola. Surely, in other cities around the world we can find more sculptures that may serve as models and inspiration for both ceramists and policy makers in charge of urban planning who often have the last word in these matters. These initiatives are almost always funded by public money where political intervention is significant.<\/p>\r\n<\/td>\r\n<\/tr>\r\n<tr>\r\n<td>\r\n<p><span style=\"text-decoration: underline;\">Programme:<\/span><a href=\"https:\/\/barcelona2016.aic-iac.org\/september-12-general-assembly\/\"><span style=\"text-decoration: underline;\"><br \/><\/span><\/a><br \/>09:00<br \/>Table ronde et d\u00e9bats: \u00ab C\u00e9ramique, sculpture et espace public: visions urbaines, artistiques et anthropologiques \u00bb Ouverture de la session par les conf\u00e9renciers-\u00e8res.<\/p>\r\n<p>10:30\u00a0<br \/>Pause \u2013 coffee break<\/p>\r\n<p>11:00<br \/>Session ouverte aux contributions s\u00e9lectionn\u00e9es autour du th\u00e8me \u00ab\u00a0C\u00e9ramique, sculpture et espace public: visions urbaines, artistiques et anthropologiques\u00bb.<\/p>\r\n<p>13:00 <br \/>D\u00e9jeuner dans le hall de la salle des conf\u00e9rences<\/p>\r\n<\/td>\r\n<td>\r\n<p><span style=\"text-decoration: underline;\">Conf\u00e9renciers-\u00e8res: <\/span><\/p>\r\n<p><a href=\"http:\/\/www.angelgarraza.es\/\">Angel Garraza<\/a>, <br \/>c\u00e9ramiste qui a beaucoup produit dans les espaces publics<\/p>\r\n<p><a href=\"https:\/\/en.wikipedia.org\/wiki\/Gloria_Moure\">Gloria Moure<\/a>, <br \/>historienne de l\u2019art, critique et commissaire d\u2019expositions<\/p>\r\n<p><a href=\"http:\/\/www.fredericamat.net\/en\/\">Frederic Amat<\/a> , <br \/>artiste visuel et sc\u00e9nographe, ayant r\u00e9alis\u00e9 plusieurs interventions dans l\u2019espace public.<\/p>\r\n<p><span style=\"text-decoration: underline;\">Moderateur:<\/span><\/p>\r\n<p>Oriol Calvo, <br \/>anthropologue, directeur du Mus\u00e9e du Cantir d\u2019Argentona et g\u00e9rant de l\u2019Association Espagnole des Villes de la C\u00e9ramique.<\/p>\r\n<p><span style=\"text-decoration: underline;\">Contributeurs-trices au d\u00e9bat:<br \/><\/span><\/p>\r\n<p>Elisa Ullauri \u201cEl museo en la calle. Mediaci\u00f3n cultural del patrimonio cer\u00e1mico-urbano\u201d<\/p>\r\n<p>S\u00e9rgio Vicente i Virg\u00ednia Fr\u00f3is<br \/>\u201cCeramic public sculptures: a new relationship between art, local government and industry\u201d<\/p>\r\n<p>Silvia Noriko Tagusagawa \u201cCeramics and its poetics: Transcending boundaries\u201d<\/p>\r\n<p>Roberta Griffith<br \/>\u201cCeramic collaboration of Josep Llorens Artigas and Joan Mir\u00f3\u201d<\/p>\r\n<\/td>\r\n<\/tr>\r\n<\/tbody>\r\n<\/table>\r\n<p>&nbsp;<\/p>","_fr_post_name":"15th-september-thursday-11-14-00h","_fr_post_excerpt":"C\u00e9ramique, sculpture et espace public: visions urbaines, artistiques et anthropologiques","_fr_post_title":"Session de d\u00e9bats 4 - Jeudi 15.09.2016","_es_post_content":"<table>\r\n<tbody>\r\n<tr>\r\n<td colspan=\"2\">\r\n[caption id=\"attachment_1104\" align=\"alignnone\" width=\"1690\"]<img class=\"wp-image-1104 size-full\" src=\"https:\/\/barcelona2016.aic-iac.org\/wp-content\/uploads\/sites\/6\/2015\/12\/D3RLichtensteincopie.jpg\" alt=\"Roy Lichtenstein. Face of Barcelona (1992)\" width=\"1690\" height=\"1704\" \/> Roy Lichtenstein. Face of Barcelona (1992)[\/caption]\r\n<\/td>\r\n<\/tr>\r\n<\/tbody>\r\n<\/table>\r\n<table>\r\n<tbody>\r\n<tr>\r\n<td>\r\n<p><span style=\"text-decoration: underline;\">Cer\u00e1mica, escultura y espacio p\u00fablico: visiones urbanas, art\u00edsticas y antropol\u00f3gicas<\/span><\/p>\r\n<p>Este es un apartado muy innovador y del que esperamos que haya un antes y un despu\u00e9s del congreso de Barcelona. Debe hacerse un estudio profundo del significado de la cer\u00e1mica en el espacio p\u00fablico, con todo lo que ello implica de relaciones con la configuraci\u00f3n urbana de la ciudad y las relaciones sociales que implica. Queremos que los aspectos antropol\u00f3gicos est\u00e9n presentes en el debate que haremos sobre lo que significa la presencia de la cer\u00e1mica en el espacio p\u00fablico, procurando conocer como la cer\u00e1mica puede hacer mejor nuestras ciudades y c\u00f3mo la cer\u00e1mica puede ser un elemento importante en aspectos como una mejor eficiencia energ\u00e9tica, disminuci\u00f3n de los gastos de mantenimiento de mobiliario urbano, mejoras en la escultura p\u00fablica y otros similares.<\/p>\r\n<p>&nbsp;<\/p>\r\n<\/td>\r\n<td>\r\n<p>Pocas veces hemos visto esculturas p\u00fablicas hechas por ceramistas o con cer\u00e1mica, aunque es un material perfecto para hacerlo dado que es un material casi inalterable a las condiciones atmosf\u00e9ricas (sobre todo en cuanto a humedad y temperatura) y, a diferencia otros materiales mucho m\u00e1s usados, como el bronce o el acero corten, tiene unas posibilidades crom\u00e1ticas muy superiores. Hay que reivindicar la cer\u00e1mica como materia prima para la escultura y otros usos de los espacios p\u00fablicos de nuestros pueblos y ciudades.<\/p>\r\n<p>Tenemos buenos ejemplos de escultura p\u00fablica con cer\u00e1mica en Barcelona, \u200b\u200bcomo la \"Cara de Barcelona\" de Roy Lichtenstein, \"Dona i ocell\u201d de Joan Mir\u00f3, \"Castilla\" en la Plaza de la Fuente Castellana, de Madola o \u201cSol i Sombra\u201d de Beverly Pepper. Seguro que en otras ciudades del pa\u00eds y del mundo encontraremos m\u00e1s esculturas que pueden servir de modelo e inspiraci\u00f3n para ceramistas y para responsables del urbanismo, as\u00ed como responsables pol\u00edticos, que a menudo son los que tienen la \u00faltima palabra en estas cuestiones, dado que casi siempre son actuaciones financiadas con dinero p\u00fablico donde el intervencionismo pol\u00edtico es notable.<\/p>\r\n<\/td>\r\n<\/tr>\r\n<tr>\r\n<td>\r\n<p><span style=\"text-decoration: underline;\">Programa:<\/span><\/p>\r\n<p>09.00h Panel y debate<\/p>\r\n<p>Tema: Cer\u00e1mica, escultura y espacio p\u00fablico: visiones urbanas, art\u00edsticas y antropol\u00f3gicas<\/p>\r\n<p>10.30h Pausa - caf\u00e9<\/p>\r\n<p>11.00h Ponencias<\/p>\r\n<p>13.00h Almuerzo buffet en el foyer del auditorio del DHub<\/p>\r\n<\/td>\r\n<td>\r\n<p><span style=\"text-decoration: underline;\">Participantes:<\/span><\/p>\r\n<p><a href=\"http:\/\/www.angelgarraza.es\/\">Angel Garraza<\/a>,\u00a0<br \/>ceramista con trabajos significativos en espacios urbanos. Profesor de cer\u00e1mica en la Universidad de Pa\u00eds Vasco.<\/p>\r\n<p><a href=\"https:\/\/en.wikipedia.org\/wiki\/Gloria_Moure\">Gloria Moure<\/a>,\u00a0<br \/>historiadora del arte, cr\u00edtica y comisaria de exposiciones<\/p>\r\n<p><a href=\"http:\/\/www.fredericamat.net\/en\/\">Frederic Amat<\/a>\u00a0,\u00a0<br \/>artista visual y escen\u00f3grafo<\/p>\r\n<p><span style=\"text-decoration: underline;\">Moderator:<\/span><\/p>\r\n<p>Oriol Calvo,\u00a0<br \/>anthropologist and director of ceramics museum in Argentona. Manager of Spanish Association of Ceramics Cities and general coordinator of IAC2016<\/p>\r\n<p><span style=\"text-decoration: underline;\">Ponencias:<\/span><\/p>\r\n<p>Elisa Ullauri \u201cEl museo en la calle. Mediaci\u00f3n cultural del patrimonio cer\u00e1mico-urbano\u201d<\/p>\r\n<p>S\u00e9rgio Vicente i Virg\u00ednia Fr\u00f3is<br \/>\u201cCeramic public sculptures: a new relationship between art, local government and industry\u201d<\/p>\r\n<p>Silvia Noriko Tagusagawa \u201cCeramics and its poetics: Transcending boundaries\u201d<\/p>\r\n<p>Roberta Griffith<br \/>\u201cCeramic collaboration of Josep Llorens Artigas and Joan Mir\u00f3\u201d<\/p>\r\n<\/td>\r\n<\/tr>\r\n<\/tbody>\r\n<\/table>\r\n<p>&nbsp;<\/p>","_es_post_name":"15th-september-thursday-11-14-00h","_es_post_excerpt":"Sesione de debate: \"Cer\u00e1mica, escultura y espacio p\u00fablico: visiones urbanas, art\u00edsticas y antropol\u00f3gicas\"","_es_post_title":"SESIONE DE DEBATE 4 - 15.09.2016","_ca_post_content":"","_ca_post_name":"","_ca_post_excerpt":"","_ca_post_title":"","edit_language":"es","footnotes":""},"class_list":["post-700","page","type-page","status-publish","has-post-thumbnail","hentry"],"_links":{"self":[{"href":"https:\/\/barcelona2016.aic-iac.org\/es\/wp-json\/wp\/v2\/pages\/700","targetHints":{"allow":["GET"]}}],"collection":[{"href":"https:\/\/barcelona2016.aic-iac.org\/es\/wp-json\/wp\/v2\/pages"}],"about":[{"href":"https:\/\/barcelona2016.aic-iac.org\/es\/wp-json\/wp\/v2\/types\/page"}],"author":[{"embeddable":true,"href":"https:\/\/barcelona2016.aic-iac.org\/es\/wp-json\/wp\/v2\/users\/4"}],"replies":[{"embeddable":true,"href":"https:\/\/barcelona2016.aic-iac.org\/es\/wp-json\/wp\/v2\/comments?post=700"}],"version-history":[{"count":26,"href":"https:\/\/barcelona2016.aic-iac.org\/es\/wp-json\/wp\/v2\/pages\/700\/revisions"}],"predecessor-version":[{"id":2113,"href":"https:\/\/barcelona2016.aic-iac.org\/es\/wp-json\/wp\/v2\/pages\/700\/revisions\/2113"}],"up":[{"embeddable":true,"href":"https:\/\/barcelona2016.aic-iac.org\/es\/wp-json\/wp\/v2\/pages\/14"}],"wp:featuredmedia":[{"embeddable":true,"href":"https:\/\/barcelona2016.aic-iac.org\/es\/wp-json\/wp\/v2\/media\/1104"}],"wp:attachment":[{"href":"https:\/\/barcelona2016.aic-iac.org\/es\/wp-json\/wp\/v2\/media?parent=700"}],"curies":[{"name":"wp","href":"https:\/\/api.w.org\/{rel}","templated":true}]}}