{"id":766,"date":"2015-12-28T15:53:56","date_gmt":"2015-12-28T14:53:56","guid":{"rendered":"http:\/\/barcelona2016.aic-iac.org\/?page_id=766"},"modified":"2016-09-06T10:23:16","modified_gmt":"2016-09-06T09:23:16","slug":"evening-12th-september-monday","status":"publish","type":"page","link":"https:\/\/barcelona2016.aic-iac.org\/es\/program\/ceramic-evenings-september-12-to-15\/evening-12th-september-monday\/","title":{"rendered":"D\u00cdA 1 - LUNES 12.09.2016, noche","raw":"D\u00cdA 1 - LUNES 12.09.2016, noche"},"content":{"rendered":"<table>\n<tbody>\n<tr>\n<td colspan=\"2\">\n<div id=\"attachment_210\" style=\"width: 2170px\" class=\"wp-caption alignnone\"><img loading=\"lazy\" decoding=\"async\" aria-describedby=\"caption-attachment-210\" class=\"wp-image-210 size-full\" src=\"https:\/\/barcelona2016.aic-iac.org\/wp-content\/uploads\/sites\/6\/2015\/09\/G4_S-Pau_night.jpg\" alt=\"G4_S-Pau_night\" width=\"2160\" height=\"1404\" srcset=\"https:\/\/barcelona2016.aic-iac.org\/wp-content\/uploads\/sites\/2\/2015\/09\/G4_S-Pau_night.jpg 2160w, https:\/\/barcelona2016.aic-iac.org\/wp-content\/uploads\/sites\/2\/2015\/09\/G4_S-Pau_night-300x195.jpg 300w, https:\/\/barcelona2016.aic-iac.org\/wp-content\/uploads\/sites\/2\/2015\/09\/G4_S-Pau_night-940x611.jpg 940w\" sizes=\"auto, (max-width: 2160px) 100vw, 2160px\" \/><p id=\"caption-attachment-210\" class=\"wp-caption-text\">Sant Pau Recinte Modernista<\/p><\/div>\n<\/td>\n<\/tr>\n<tr>\n<td>\n<p><span style=\"text-decoration: underline;\">Sant Pau &#8211; Exposici\u00f3n\u00a0internacional y\u00a0presentaci\u00f3n de los nuevos miembros de la AIC<\/span><\/p>\n<p>Velada dedicada a la inauguraci\u00f3n de la exposici\u00f3n internacional y a la introducci\u00f3n de nuevos miembros de la Academia.<\/p>\n<p>Informaci\u00f3n :<\/p>\n<p>Sant Pau Recinte Modernista<br \/>Obra creada entre el 1902 i el 1930 per l\u2019arquitecte Llu\u00eds Dom\u00e8nech i Montaner (1850 &#8211; 1923) i<br \/>declarada Patrimoni de la Humanitat per la UNESCO. Despr\u00e9s d\u2019acollir durant un segle les<br \/>instal\u00b7lacions de l\u2019Hospital de la Santa Creu i Sant Pau, arran del trasllat de l\u2019activitat sanit\u00e0ria al<br \/>nou hospital, un ambici\u00f3s proc\u00e9s de rehabilitaci\u00f3 ha perm\u00e8s recuperar el valor patrimonial i<br \/>art\u00edstic del Recinte Modernista de Sant Pau, el complex modernista m\u00e9s gran d\u2019Europa.<\/p>\n<p>&nbsp;<\/p>\n<p>&nbsp;<\/p>\n<p>&nbsp;<\/p>\n<p>&nbsp;<\/p>\n<\/td>\n<td>19:30h<br \/>Sant Pau Recinte Modernista<br \/>\u00b7 Visita als edificis de l\u2019antic hospital de Sant Pau.<br \/>\u00b7 Inauguraci\u00f3 exposici\u00f3 \u201cMirades Cer\u00e0miques\u201d al pavell\u00f3 de Sant Rafael, amb obres de ceramistes d&#8217;Austr\u00e0lia, Nova Zelanda, Eslov\u00e8nia i Israel.<\/p>\n<p>21.00h <br \/>Sopar bufet i presentaci\u00f3 dels nous membres de l&#8217;Acad\u00e8mia.<\/p>\n<p>23:00h &#8211; Retorn a l&#8217;hotel.<\/td>\n<\/tr>\n<\/tbody>\n<\/table>\n<p>&nbsp;<\/p>\n","protected":false,"raw":"<table>\r\n<tbody>\r\n<tr>\r\n<td colspan=\"2\">\r\n[caption id=\"attachment_210\" align=\"alignnone\" width=\"2160\"]<img class=\"wp-image-210 size-full\" src=\"https:\/\/barcelona2016.aic-iac.org\/wp-content\/uploads\/sites\/6\/2015\/09\/G4_S-Pau_night.jpg\" alt=\"G4_S-Pau_night\" width=\"2160\" height=\"1404\" \/> Sant Pau Recinte Modernista[\/caption]\r\n<\/td>\r\n<\/tr>\r\n<tr>\r\n<td>\r\n<p><span style=\"text-decoration: underline;\">Sant Pau - Exposici\u00f3n\u00a0internacional y\u00a0presentaci\u00f3n de los nuevos miembros de la AIC<\/span><\/p>\r\n<p>Velada dedicada a la inauguraci\u00f3n de la exposici\u00f3n internacional y a la introducci\u00f3n de nuevos miembros de la Academia.<\/p>\r\n<p>Informaci\u00f3n :<\/p>\r\n<p>Sant Pau Recinte Modernista<br \/>Obra creada entre el 1902 i el 1930 per l\u2019arquitecte Llu\u00eds Dom\u00e8nech i Montaner (1850 - 1923) i<br \/>declarada Patrimoni de la Humanitat per la UNESCO. Despr\u00e9s d\u2019acollir durant un segle les<br \/>instal\u00b7lacions de l\u2019Hospital de la Santa Creu i Sant Pau, arran del trasllat de l\u2019activitat sanit\u00e0ria al<br \/>nou hospital, un ambici\u00f3s proc\u00e9s de rehabilitaci\u00f3 ha perm\u00e8s recuperar el valor patrimonial i<br \/>art\u00edstic del Recinte Modernista de Sant Pau, el complex modernista m\u00e9s gran d\u2019Europa.<\/p>\r\n<p>&nbsp;<\/p>\r\n<p>&nbsp;<\/p>\r\n<p>&nbsp;<\/p>\r\n<p>&nbsp;<\/p>\r\n<\/td>\r\n<td>19:30h<br \/>Sant Pau Recinte Modernista<br \/>\u00b7 Visita als edificis de l\u2019antic hospital de Sant Pau.<br \/>\u00b7 Inauguraci\u00f3 exposici\u00f3 \u201cMirades Cer\u00e0miques\u201d al pavell\u00f3 de Sant Rafael, amb obres de ceramistes d'Austr\u00e0lia, Nova Zelanda, Eslov\u00e8nia i Israel.<br \/><br \/>21.00h <br \/>Sopar bufet i presentaci\u00f3 dels nous membres de l'Acad\u00e8mia.<br \/><br \/>23:00h - Retorn a l'hotel.<\/td>\r\n<\/tr>\r\n<\/tbody>\r\n<\/table>\r\n<p>&nbsp;<\/p>"},"excerpt":{"rendered":"<p>Sant Pau &#8211; Exposici\u00f3n internacional y presentaci\u00f3n de los nuevos miembros de la AIC<\/p>\n","protected":false,"raw":"Sant Pau - Exposici\u00f3n internacional y presentaci\u00f3n de los nuevos miembros de la AIC"},"author":4,"featured_media":210,"parent":146,"menu_order":0,"comment_status":"closed","ping_status":"closed","template":"","meta":{"_en_post_content":"<table>\r\n<tbody>\r\n<tr>\r\n<td colspan=\"2\">\r\n[caption id=\"attachment_210\" align=\"alignnone\" width=\"2160\"]<img class=\"wp-image-210 size-full\" src=\"https:\/\/barcelona2016.aic-iac.org\/wp-content\/uploads\/sites\/6\/2015\/09\/G4_S-Pau_night.jpg\" alt=\"G4_S-Pau_night\" width=\"2160\" height=\"1404\" \/> Sant Pau Recinte Modernista[\/caption]\r\n<\/td>\r\n<\/tr>\r\n<tr>\r\n<td>\r\n<p><span style=\"text-decoration: underline;\"><a href=\"https:\/\/www.santpaubarcelona.org\/en\">Sant Pau\u2014Asian ceramic evening<\/a><\/span><\/p>\r\n<p>1902 \u2013 1930 - Architect: Llu\u00eds Dom\u00e8nech i Montaner<br \/>World Heritage by UNESCO<\/p>\r\n<p>Evening dedicated to the opening of international and introduction of new members of the Academy.<\/p>\r\n<p><span style=\"text-decoration: underline;\">Sant Pau Modernist Site<\/span><\/p>\r\n<p>Work created between 1902 and 1930 by the architect Lluis Domenech i Montaner (1850 - 1923) and declared World Heritage Site by UNESCO. After housing the facilities of the Santa Creu and Sant Pau Hospital for a century, following the transfer of healthcare activity to the new hospital, an ambitious rehabilitation process has restored the heritage and artistic value of the Sant Pau Modernist Site, the largest Modernist complex in Europe.<\/p>\r\n<p>&nbsp;<\/p>\r\n<\/td>\r\n<td>\r\n<p>19:30<br \/>Sant Pau Modernist Site<\/p>\r\n<ul>\r\n<li>Visit to the buildings of the former Sant Pau Hospital.<\/li>\r\n<li>Inauguration of the exhibition \u201cCeramic Perspectives\u201d in the Sant Rafael Pavilion, with works by ceramists from Australia, New Zealand, Slovenia and Israel.<\/li>\r\n<\/ul>\r\n<p>21:00\u00a0<br \/> Dinner buffet and presentation of new members of the Academy.<\/p>\r\n<p>&nbsp;<\/p>\r\n<p>23.00 <br \/>Depart to hotels<\/p>\r\n<\/td>\r\n<\/tr>\r\n<\/tbody>\r\n<\/table>\r\n<p>&nbsp;<\/p>\r\n<p>&nbsp;<\/p>","_en_post_name":"evening-12th-september-monday","_en_post_excerpt":"Opening reception and visit of Chinese celadon exhibition in Asian House","_en_post_title":"DAY 1\u2014MONDAY 12.09.2016, EVENING","_fr_post_content":"<table>\r\n<tbody>\r\n<tr>\r\n<td colspan=\"2\">\r\n[caption id=\"attachment_210\" align=\"alignnone\" width=\"2160\"]<img class=\"wp-image-210 size-full\" src=\"https:\/\/barcelona2016.aic-iac.org\/wp-content\/uploads\/sites\/6\/2015\/09\/G4_S-Pau_night.jpg\" alt=\"G4_S-Pau_night\" width=\"2160\" height=\"1404\" \/> Sant Pau Recinte Modernista[\/caption]\r\n<\/td>\r\n<\/tr>\r\n<tr>\r\n<td>\r\n<p><span style=\"text-decoration: underline;\"><a href=\"http:\/\/www.santpaubarcelona.org\/fr\">Sant Pau Recinte Modernista<\/a><\/span><\/p>\r\n<p>1902 \u2013 1930 - Architecte: Llu\u00eds Dom\u00e8nech i Montaner. Inscrite au Patrimoine Mondial de l\u2019UNESCO<\/p>\r\n<p>Soir\u00e9e consacr\u00e9e \u00e0 l\u2019inauguration de l\u2019exposition internationale et pr\u00e9sentation des nouveaux membres de l\u2019Acad\u00e9mie<\/p>\r\n<p>&nbsp;<\/p>\r\n<p>&nbsp;<\/p>\r\n<\/td>\r\n<td>\r\n<p>19.30<br \/> Sant Pau Recinte Modernista<\/p>\r\n<ul>\r\n<li>Visite de l\u2019enceinte Moderniste de l\u2019ancien H\u00f4pital de Sant Pau<\/li>\r\n<\/ul>\r\n<ul>\r\n<li>Pavillon de San Rafael. Inauguration des expositions:\r\n<p>- \u201cCeramic Perspectives\u201d<\/p>\r\n<\/li>\r\n<\/ul>\r\n<p>21.00<br \/>D\u00eener et pr\u00e9sentation des nouveaux membres de l\u2019Acad\u00e9mie<\/p>\r\n<p>23.00<br \/> Retour \u00e0 l\u2019h\u00f4tel en autobus<\/p>\r\n<\/td>\r\n<\/tr>\r\n<\/tbody>\r\n<\/table>\r\n<table>\r\n<tbody>\r\n<tr>\r\n<td>\u00a0<\/td>\r\n<\/tr>\r\n<\/tbody>\r\n<\/table>\r\n<table>\r\n<tbody>\r\n<tr>\r\n<td>\u00a0<\/td>\r\n<td>\u00a0<\/td>\r\n<\/tr>\r\n<\/tbody>\r\n<\/table>\r\n<p>&nbsp;<\/p>\r\n<p>&nbsp;<\/p>","_fr_post_name":"evening-12th-september-monday","_fr_post_excerpt":"Soir\u00e9e consacr\u00e9e \u00e0 l\u2019inauguration de l\u2019exposition internationale et pr\u00e9sentation des nouveaux membres de l\u2019Acad\u00e9mie","_fr_post_title":"Jour 1 - lundi 12.09.2016, soir\u00e9e","_es_post_content":"<table>\r\n<tbody>\r\n<tr>\r\n<td colspan=\"2\">\r\n[caption id=\"attachment_210\" align=\"alignnone\" width=\"2160\"]<img class=\"wp-image-210 size-full\" src=\"https:\/\/barcelona2016.aic-iac.org\/wp-content\/uploads\/sites\/6\/2015\/09\/G4_S-Pau_night.jpg\" alt=\"G4_S-Pau_night\" width=\"2160\" height=\"1404\" \/> Sant Pau Recinte Modernista[\/caption]\r\n<\/td>\r\n<\/tr>\r\n<tr>\r\n<td>\r\n<p><span style=\"text-decoration: underline;\">Sant Pau - Exposici\u00f3n\u00a0internacional y\u00a0presentaci\u00f3n de los nuevos miembros de la AIC<\/span><\/p>\r\n<p>Velada dedicada a la inauguraci\u00f3n de la exposici\u00f3n internacional y a la introducci\u00f3n de nuevos miembros de la Academia.<\/p>\r\n<p>Informaci\u00f3n :<\/p>\r\n<p>Sant Pau Recinte Modernista<br \/>Obra creada entre el 1902 i el 1930 per l\u2019arquitecte Llu\u00eds Dom\u00e8nech i Montaner (1850 - 1923) i<br \/>declarada Patrimoni de la Humanitat per la UNESCO. Despr\u00e9s d\u2019acollir durant un segle les<br \/>instal\u00b7lacions de l\u2019Hospital de la Santa Creu i Sant Pau, arran del trasllat de l\u2019activitat sanit\u00e0ria al<br \/>nou hospital, un ambici\u00f3s proc\u00e9s de rehabilitaci\u00f3 ha perm\u00e8s recuperar el valor patrimonial i<br \/>art\u00edstic del Recinte Modernista de Sant Pau, el complex modernista m\u00e9s gran d\u2019Europa.<\/p>\r\n<p>&nbsp;<\/p>\r\n<p>&nbsp;<\/p>\r\n<p>&nbsp;<\/p>\r\n<p>&nbsp;<\/p>\r\n<\/td>\r\n<td>19:30h<br \/>Sant Pau Recinte Modernista<br \/>\u00b7 Visita als edificis de l\u2019antic hospital de Sant Pau.<br \/>\u00b7 Inauguraci\u00f3 exposici\u00f3 \u201cMirades Cer\u00e0miques\u201d al pavell\u00f3 de Sant Rafael, amb obres de ceramistes d'Austr\u00e0lia, Nova Zelanda, Eslov\u00e8nia i Israel.<br \/><br \/>21.00h <br \/>Sopar bufet i presentaci\u00f3 dels nous membres de l'Acad\u00e8mia.<br \/><br \/>23:00h - Retorn a l'hotel.<\/td>\r\n<\/tr>\r\n<\/tbody>\r\n<\/table>\r\n<p>&nbsp;<\/p>","_es_post_name":"evening-12th-september-monday","_es_post_excerpt":"Sant Pau - Exposici\u00f3n internacional y presentaci\u00f3n de los nuevos miembros de la AIC","_es_post_title":"D\u00cdA 1 - LUNES 12.09.2016, noche","_ca_post_content":"","_ca_post_name":"","_ca_post_excerpt":"","_ca_post_title":"","edit_language":"es","footnotes":""},"class_list":["post-766","page","type-page","status-publish","has-post-thumbnail","hentry"],"_links":{"self":[{"href":"https:\/\/barcelona2016.aic-iac.org\/es\/wp-json\/wp\/v2\/pages\/766","targetHints":{"allow":["GET"]}}],"collection":[{"href":"https:\/\/barcelona2016.aic-iac.org\/es\/wp-json\/wp\/v2\/pages"}],"about":[{"href":"https:\/\/barcelona2016.aic-iac.org\/es\/wp-json\/wp\/v2\/types\/page"}],"author":[{"embeddable":true,"href":"https:\/\/barcelona2016.aic-iac.org\/es\/wp-json\/wp\/v2\/users\/4"}],"replies":[{"embeddable":true,"href":"https:\/\/barcelona2016.aic-iac.org\/es\/wp-json\/wp\/v2\/comments?post=766"}],"version-history":[{"count":41,"href":"https:\/\/barcelona2016.aic-iac.org\/es\/wp-json\/wp\/v2\/pages\/766\/revisions"}],"predecessor-version":[{"id":2128,"href":"https:\/\/barcelona2016.aic-iac.org\/es\/wp-json\/wp\/v2\/pages\/766\/revisions\/2128"}],"up":[{"embeddable":true,"href":"https:\/\/barcelona2016.aic-iac.org\/es\/wp-json\/wp\/v2\/pages\/146"}],"wp:featuredmedia":[{"embeddable":true,"href":"https:\/\/barcelona2016.aic-iac.org\/es\/wp-json\/wp\/v2\/media\/210"}],"wp:attachment":[{"href":"https:\/\/barcelona2016.aic-iac.org\/es\/wp-json\/wp\/v2\/media?parent=766"}],"curies":[{"name":"wp","href":"https:\/\/api.w.org\/{rel}","templated":true}]}}