{"id":768,"date":"2015-12-28T15:58:39","date_gmt":"2015-12-28T14:58:39","guid":{"rendered":"http:\/\/barcelona2016.aic-iac.org\/?page_id=768"},"modified":"2016-09-06T10:37:08","modified_gmt":"2016-09-06T09:37:08","slug":"evening-13th-september-tuesday","status":"publish","type":"page","link":"https:\/\/barcelona2016.aic-iac.org\/es\/program\/ceramic-evenings-september-12-to-15\/evening-13th-september-tuesday\/","title":{"rendered":"D\u00cdA 2 - MARTES 13.09.2016, noche","raw":"D\u00cdA 2 - MARTES 13.09.2016, noche"},"content":{"rendered":"<table style=\"height: 973px;\" width=\"622\">\n<tbody>\n<tr>\n<td colspan=\"2\"><span class=\"caption\"><span style=\"text-decoration: underline;\"><img loading=\"lazy\" decoding=\"async\" class=\"wp-image-538 size-full\" src=\"https:\/\/barcelona2016.aic-iac.org\/wp-content\/uploads\/sites\/6\/2015\/09\/G3_La_Pedrera.jpg\" alt=\"La Pedrera \" width=\"1600\" height=\"1200\" srcset=\"https:\/\/barcelona2016.aic-iac.org\/wp-content\/uploads\/sites\/2\/2015\/09\/G3_La_Pedrera.jpg 1600w, https:\/\/barcelona2016.aic-iac.org\/wp-content\/uploads\/sites\/2\/2015\/09\/G3_La_Pedrera-300x225.jpg 300w, https:\/\/barcelona2016.aic-iac.org\/wp-content\/uploads\/sites\/2\/2015\/09\/G3_La_Pedrera-940x705.jpg 940w\" sizes=\"auto, (max-width: 1600px) 100vw, 1600px\" \/><\/span>La Pedrera<\/span><\/td>\n<\/tr>\n<tr>\n<td>\n<p><span style=\"text-decoration: underline;\">La Pedrera &#8211; Velada dedicada a la UNESCO<\/span><\/p>\n<p>Informaci\u00f3n sobre la actividad:<\/p>\n<p><a href=\"http:\/\/www.lapedrera.com\">La Pedrera &#8211; Casa Mil\u00e0 \/ Casa Mil\u00e0<\/a><\/p>\n<p>La Pedrera &#8211; Casa Mil\u00e0<br \/>Obra creada el 1906, per l\u2019arquitecte Antoni Gaud\u00ed i Cornet (1852-1926) i declarada Patrimoni de<br \/>la Humanitat per la UNESCO. \u00c9s un dels edificis m\u00e9s importants i emblem\u00e0tics de Gaud\u00ed. En<br \/>l\u2019actualitat \u00e9s la seu de la Fundaci\u00f3 Catalunya &#8211; La Pedrera, que porta a terme projectes de<br \/>car\u00e0cter social, mediambiental, educatiu i cultural que beneficien directament a gaireb\u00e9 400.000<br \/>persones. A La Pedrera s\u2019hi organitzen importants activitats culturals i exposicions d\u2019art.<\/p>\n<\/td>\n<td>VETLLADA DEDICADA A LA RELACI\u00d3 UNESCO &#8211; AIC<\/p>\n<p>19.30h &#8211; La Pedrera. <br \/>Activitats:<br \/>Taula rodona amb responsables de la UNESCO sobre la relaci\u00f3 entre aquesta i l&#8217;AIC, at\u00e8s que l&#8217;AIC \u00e9s membre col\u00b7laborador de la UNESCO. Amb la participaci\u00f3 de:<br \/>&#8211; Laetitia Fontaine, enginyera, investigadora a l\u2019Institut CRAterre i a l\u2019Escola Nacional<br \/>Superior d\u2019Arquitectura de Grenoble (Fran\u00e7a)<br \/>&#8211; Patrick Gallaud, Vice-president de l\u2019oficina d\u2019enlla\u00e7 UNESCO &#8211; ONGs<br \/>&#8211; St\u00e9phanie le Follic Hadida, Historiadora de l\u2019art i delegada de l\u2019AIC a la UNESCO<\/p>\n<p>21:00h &#8211; Sopar bufet.<\/p>\n<p>22:30h &#8211; Sortida cap a l&#8217;hotel (autob\u00fas).<\/p>\n<p>Activitat realitzada amb la col\u00b7laboraci\u00f3 de la Fundaci\u00f3 Catalunya La Pedrera.<\/p>\n<p><span style=\"text-decoration: underline;\">Nota important: <\/span><br \/>Aquesta activitat t\u00e9 un aforament m\u00e0xim de 250 persones, pel que els<br \/>congressistes que hi vulguin assistir hauran d\u2019obtenir una invitaci\u00f3 v\u00e0lida a l\u2019espai d\u2019informaci\u00f3 del<br \/>Congr\u00e9s al Disseny Hub. Un cop exhaurides les 250 invitacions, no se\u2019n lliuraran m\u00e9s.<\/p>\n<\/td>\n<\/tr>\n<\/tbody>\n<\/table>\n<p>&nbsp;<\/p>\n","protected":false,"raw":"<table style=\"height: 973px;\" width=\"622\">\r\n<tbody>\r\n<tr>\r\n<td colspan=\"2\"><span class=\"caption\"><span style=\"text-decoration: underline;\"><img class=\"wp-image-538 size-full\" src=\"https:\/\/barcelona2016.aic-iac.org\/wp-content\/uploads\/sites\/6\/2015\/09\/G3_La_Pedrera.jpg\" alt=\"La Pedrera \" width=\"1600\" height=\"1200\" \/><\/span>La Pedrera<\/span><\/td>\r\n<\/tr>\r\n<tr>\r\n<td>\r\n<p><span style=\"text-decoration: underline;\">La Pedrera - Velada dedicada a la UNESCO<\/span><\/p>\r\n<p>Informaci\u00f3n sobre la actividad:<\/p>\r\n<p><a href=\"http:\/\/www.lapedrera.com\">La Pedrera - Casa Mil\u00e0 \/ Casa Mil\u00e0<\/a><\/p>\r\n<p>La Pedrera - Casa Mil\u00e0<br \/>Obra creada el 1906, per l\u2019arquitecte Antoni Gaud\u00ed i Cornet (1852-1926) i declarada Patrimoni de<br \/>la Humanitat per la UNESCO. \u00c9s un dels edificis m\u00e9s importants i emblem\u00e0tics de Gaud\u00ed. En<br \/>l\u2019actualitat \u00e9s la seu de la Fundaci\u00f3 Catalunya - La Pedrera, que porta a terme projectes de<br \/>car\u00e0cter social, mediambiental, educatiu i cultural que beneficien directament a gaireb\u00e9 400.000<br \/>persones. A La Pedrera s\u2019hi organitzen importants activitats culturals i exposicions d\u2019art.<\/p>\r\n<\/td>\r\n<td>VETLLADA DEDICADA A LA RELACI\u00d3 UNESCO - AIC\r\n<p>19.30h - La Pedrera. <br \/>Activitats:<br \/>Taula rodona amb responsables de la UNESCO sobre la relaci\u00f3 entre aquesta i l'AIC, at\u00e8s que l'AIC \u00e9s membre col\u00b7laborador de la UNESCO. Amb la participaci\u00f3 de:<br \/>- Laetitia Fontaine, enginyera, investigadora a l\u2019Institut CRAterre i a l\u2019Escola Nacional<br \/>Superior d\u2019Arquitectura de Grenoble (Fran\u00e7a)<br \/>- Patrick Gallaud, Vice-president de l\u2019oficina d\u2019enlla\u00e7 UNESCO - ONGs<br \/>- St\u00e9phanie le Follic Hadida, Historiadora de l\u2019art i delegada de l\u2019AIC a la UNESCO<\/p>\r\n<p>21:00h - Sopar bufet.<\/p>\r\n<p>22:30h - Sortida cap a l'hotel (autob\u00fas).<\/p>\r\n<p>Activitat realitzada amb la col\u00b7laboraci\u00f3 de la Fundaci\u00f3 Catalunya La Pedrera.<\/p>\r\n<p><span style=\"text-decoration: underline;\">Nota important: <\/span><br \/>Aquesta activitat t\u00e9 un aforament m\u00e0xim de 250 persones, pel que els<br \/>congressistes que hi vulguin assistir hauran d\u2019obtenir una invitaci\u00f3 v\u00e0lida a l\u2019espai d\u2019informaci\u00f3 del<br \/>Congr\u00e9s al Disseny Hub. Un cop exhaurides les 250 invitacions, no se\u2019n lliuraran m\u00e9s.<\/p>\r\n<\/td>\r\n<\/tr>\r\n<\/tbody>\r\n<\/table>\r\n<p>&nbsp;<\/p>"},"excerpt":{"rendered":"<p>Velada dedicada a la UNESCO<\/p>\n","protected":false,"raw":"Velada dedicada a la UNESCO"},"author":4,"featured_media":538,"parent":146,"menu_order":0,"comment_status":"closed","ping_status":"closed","template":"","meta":{"_en_post_content":"<table style=\"height: 973px;\" width=\"622\">\r\n<tbody>\r\n<tr>\r\n<td colspan=\"2\"><span class=\"caption\"><span style=\"text-decoration: underline;\"><img class=\"wp-image-538 size-full\" src=\"https:\/\/barcelona2016.aic-iac.org\/wp-content\/uploads\/sites\/6\/2015\/09\/G3_La_Pedrera.jpg\" alt=\"La Pedrera \" width=\"1600\" height=\"1200\" \/><\/span>La Pedrera<\/span>\r\n<p>&nbsp;<\/p>\r\n<\/td>\r\n<\/tr>\r\n<tr>\r\n<td>\r\n<p><span style=\"text-decoration: underline;\">La Pedrera - UNESCO evening<\/span><\/p>\r\n<p>Work created in 1906 by the architect Antoni Gaud\u00ed i Cornet (1852-1926) and declared World Heritage Site by UNESCO. It is one of Gaud\u00ed's most important and emblematic buildings. Currently it is the headquarters of the Fundaci\u00f3 Catalunya-La Pedrera, which carries out projects of a social, environmental, educational and cultural nature that directly benefit nearly 400,000 people. Important cultural activities and art exhibitions are held at La Pedrera.<\/p>\r\n<p>Information about this activity:<br \/><a href=\"http:\/\/www.lapedrera.com\/en\/home\">La Pedrera\u2014Mil\u00e0 House \/ Casa Mil\u00e0<\/a><\/p>\r\n<p>&nbsp;<\/p>\r\n<p>&nbsp;<\/p>\r\n<\/td>\r\n<td>\r\n<p>EVENING DEDICATED TO THE RELATIONSHIP UNESCO - AIC<\/p>\r\n<p>19.30 h - La Pedrera. Activities:<\/p>\r\n<p>Roundtable with UNESCO officials on the relationship between this body and the IAC, given that the IAC is a collaborating member of UNESCO. With the participation of:<\/p>\r\n<p>- Laetitia Fontaine, engineer, researcher at the CRAterre Institute and at the National School of Architecture of Grenoble (France)<\/p>\r\n<p>- Patrick Gallaud, Vice-president of the liaison office UNESCO - NGOs<\/p>\r\n<p>- St\u00e9phanie le Follic Hadida, Art historian and IAC delegate to UNESCO<\/p>\r\n<p>21:00 h - Dinner buffet<\/p>\r\n<p>22:30 h - Return to hotel (bus)<\/p>\r\n<p>Activity carried out in collaboration with Fundaci\u00f3 Catalunya-La Pedrera<\/p>\r\n<p>&nbsp;<\/p>\r\n<p>&nbsp;<\/p>\r\n<p>&nbsp;<\/p>\r\n<\/td>\r\n<\/tr>\r\n<\/tbody>\r\n<\/table>\r\n<p>&nbsp;<\/p>","_en_post_name":"evening-13th-september-tuesday","_en_post_excerpt":"This is one of A. Gaud\u00ed's most important and emblematic buildings, declared World Heritage by UNESCO","_en_post_title":"DAY 2\u2014TUESDAY 13.09.2016, EVENING","_fr_post_content":"<table style=\"height: 973px;\" width=\"622\">\r\n<tbody>\r\n<tr>\r\n<td colspan=\"2\"><span class=\"caption\"><span style=\"text-decoration: underline;\"><img class=\"wp-image-538 size-full\" src=\"https:\/\/barcelona2016.aic-iac.org\/wp-content\/uploads\/sites\/6\/2015\/09\/G3_La_Pedrera.jpg\" alt=\"La Pedrera \" width=\"1600\" height=\"1200\" \/><\/span>La Pedrera<\/span><\/td>\r\n<\/tr>\r\n<tr>\r\n<td>\r\n<p><span style=\"text-decoration: underline;\">La Pedrera <br \/><\/span><\/p>\r\n<p>1906 - Architecte: Antoni Gaud\u00ed<\/p>\r\n<p>Il s\u2019agit d\u2019un des b\u00e2timents les plus importants et embl\u00e9matiques d\u2019Antoni Gaudi, inscrit au Patrimoine Mondial de l\u2019UNESCO, r\u00e9cemment le si\u00e8ge de la Fondation La Pedrera, avec d\u2019importantes activit\u00e9 culturelles et expositions artistiques.<\/p>\r\n<p>&nbsp;<\/p>\r\n<p>&nbsp;<\/p>\r\n<p>&nbsp;<\/p>\r\n<\/td>\r\n<td>\r\n<p>19:30<br \/>La Pedrera (Casa Mil\u00e0)<\/p>\r\n<p>Soir\u00e9e consacr\u00e9e \u00e0 l\u2019UNESCO<\/p>\r\n<ul>\r\n<li>D\u00e9bat avec des repr\u00e9sentants de l'UNESCO et de l'Acad\u00e9mie pour \u00e9voquer la relation entre l'UNESCO et l\u2019AIC, l\u2019un des partenaires officiels pour le secteur culture de l'UNESCO.<\/li>\r\n<li>avec la participation de :<\/li>\r\n<\/ul>\r\n<p>- Laetitia Fontaine, engineer, researcher at the CRAterre Institute and at the National School of Architecture of Grenoble (France)<\/p>\r\n<p>- Patrick Gallaud, Vice-president of the liaison office UNESCO - NGOs<\/p>\r\n<p>- St\u00e9phanie le Follic Hadida, Art historian and IAC delegate to UNESCO<\/p>\r\n<p>21:00<br \/>D\u00eener buffet<\/p>\r\n<p>22:30 <br \/>Retour \u00e0 l'h\u00f4tel<\/p>\r\n<\/td>\r\n<\/tr>\r\n<\/tbody>\r\n<\/table>\r\n<p>&nbsp;<\/p>","_fr_post_name":"evening-13th-september-tuesday","_fr_post_excerpt":"Soir\u00e9e consacr\u00e9e \u00e0 l\u2019UNESCO","_fr_post_title":"jour 2 - mardi 13.09.2016, soir\u00e9e","_es_post_content":"<table style=\"height: 973px;\" width=\"622\">\r\n<tbody>\r\n<tr>\r\n<td colspan=\"2\"><span class=\"caption\"><span style=\"text-decoration: underline;\"><img class=\"wp-image-538 size-full\" src=\"https:\/\/barcelona2016.aic-iac.org\/wp-content\/uploads\/sites\/6\/2015\/09\/G3_La_Pedrera.jpg\" alt=\"La Pedrera \" width=\"1600\" height=\"1200\" \/><\/span>La Pedrera<\/span><\/td>\r\n<\/tr>\r\n<tr>\r\n<td>\r\n<p><span style=\"text-decoration: underline;\">La Pedrera - Velada dedicada a la UNESCO<\/span><\/p>\r\n<p>Informaci\u00f3n sobre la actividad:<\/p>\r\n<p><a href=\"http:\/\/www.lapedrera.com\">La Pedrera - Casa Mil\u00e0 \/ Casa Mil\u00e0<\/a><\/p>\r\n<p>La Pedrera - Casa Mil\u00e0<br \/>Obra creada el 1906, per l\u2019arquitecte Antoni Gaud\u00ed i Cornet (1852-1926) i declarada Patrimoni de<br \/>la Humanitat per la UNESCO. \u00c9s un dels edificis m\u00e9s importants i emblem\u00e0tics de Gaud\u00ed. En<br \/>l\u2019actualitat \u00e9s la seu de la Fundaci\u00f3 Catalunya - La Pedrera, que porta a terme projectes de<br \/>car\u00e0cter social, mediambiental, educatiu i cultural que beneficien directament a gaireb\u00e9 400.000<br \/>persones. A La Pedrera s\u2019hi organitzen importants activitats culturals i exposicions d\u2019art.<\/p>\r\n<\/td>\r\n<td>VETLLADA DEDICADA A LA RELACI\u00d3 UNESCO - AIC\r\n<p>19.30h - La Pedrera. <br \/>Activitats:<br \/>Taula rodona amb responsables de la UNESCO sobre la relaci\u00f3 entre aquesta i l'AIC, at\u00e8s que l'AIC \u00e9s membre col\u00b7laborador de la UNESCO. Amb la participaci\u00f3 de:<br \/>- Laetitia Fontaine, enginyera, investigadora a l\u2019Institut CRAterre i a l\u2019Escola Nacional<br \/>Superior d\u2019Arquitectura de Grenoble (Fran\u00e7a)<br \/>- Patrick Gallaud, Vice-president de l\u2019oficina d\u2019enlla\u00e7 UNESCO - ONGs<br \/>- St\u00e9phanie le Follic Hadida, Historiadora de l\u2019art i delegada de l\u2019AIC a la UNESCO<\/p>\r\n<p>21:00h - Sopar bufet.<\/p>\r\n<p>22:30h - Sortida cap a l'hotel (autob\u00fas).<\/p>\r\n<p>Activitat realitzada amb la col\u00b7laboraci\u00f3 de la Fundaci\u00f3 Catalunya La Pedrera.<\/p>\r\n<p><span style=\"text-decoration: underline;\">Nota important: <\/span><br \/>Aquesta activitat t\u00e9 un aforament m\u00e0xim de 250 persones, pel que els<br \/>congressistes que hi vulguin assistir hauran d\u2019obtenir una invitaci\u00f3 v\u00e0lida a l\u2019espai d\u2019informaci\u00f3 del<br \/>Congr\u00e9s al Disseny Hub. Un cop exhaurides les 250 invitacions, no se\u2019n lliuraran m\u00e9s.<\/p>\r\n<\/td>\r\n<\/tr>\r\n<\/tbody>\r\n<\/table>\r\n<p>&nbsp;<\/p>","_es_post_name":"evening-13th-september-tuesday","_es_post_excerpt":"Velada dedicada a la UNESCO","_es_post_title":"D\u00cdA 2 - MARTES 13.09.2016, noche","_ca_post_content":"","_ca_post_name":"","_ca_post_excerpt":"","_ca_post_title":"","edit_language":"es","footnotes":""},"class_list":["post-768","page","type-page","status-publish","has-post-thumbnail","hentry"],"_links":{"self":[{"href":"https:\/\/barcelona2016.aic-iac.org\/es\/wp-json\/wp\/v2\/pages\/768","targetHints":{"allow":["GET"]}}],"collection":[{"href":"https:\/\/barcelona2016.aic-iac.org\/es\/wp-json\/wp\/v2\/pages"}],"about":[{"href":"https:\/\/barcelona2016.aic-iac.org\/es\/wp-json\/wp\/v2\/types\/page"}],"author":[{"embeddable":true,"href":"https:\/\/barcelona2016.aic-iac.org\/es\/wp-json\/wp\/v2\/users\/4"}],"replies":[{"embeddable":true,"href":"https:\/\/barcelona2016.aic-iac.org\/es\/wp-json\/wp\/v2\/comments?post=768"}],"version-history":[{"count":36,"href":"https:\/\/barcelona2016.aic-iac.org\/es\/wp-json\/wp\/v2\/pages\/768\/revisions"}],"predecessor-version":[{"id":2139,"href":"https:\/\/barcelona2016.aic-iac.org\/es\/wp-json\/wp\/v2\/pages\/768\/revisions\/2139"}],"up":[{"embeddable":true,"href":"https:\/\/barcelona2016.aic-iac.org\/es\/wp-json\/wp\/v2\/pages\/146"}],"wp:featuredmedia":[{"embeddable":true,"href":"https:\/\/barcelona2016.aic-iac.org\/es\/wp-json\/wp\/v2\/media\/538"}],"wp:attachment":[{"href":"https:\/\/barcelona2016.aic-iac.org\/es\/wp-json\/wp\/v2\/media?parent=768"}],"curies":[{"name":"wp","href":"https:\/\/api.w.org\/{rel}","templated":true}]}}