{"id":1144,"date":"2016-01-28T14:18:16","date_gmt":"2016-01-28T13:18:16","guid":{"rendered":"http:\/\/barcelona2016.aic-iac.org\/?page_id=1144"},"modified":"2016-09-06T09:18:31","modified_gmt":"2016-09-06T08:18:31","slug":"the-general-assembly-of-the-academy-session-2","status":"publish","type":"page","link":"https:\/\/barcelona2016.aic-iac.org\/fr\/the-general-assembly-of-the-academy-session-2\/","title":{"rendered":"L\u2019ASSEMBL\u00c9E G\u00c9N\u00c9RALE DE L\u2019ACAD\u00c9MIE - session 2","raw":"L\u2019ASSEMBL\u00c9E G\u00c9N\u00c9RALE DE L\u2019ACAD\u00c9MIE - session 2"},"content":{"rendered":"<table>\n<tbody>\n<tr>\n<td colspan=\"2\">\n<div id=\"attachment_68\" style=\"width: 650px\" class=\"wp-caption alignnone\"><img loading=\"lazy\" decoding=\"async\" aria-describedby=\"caption-attachment-68\" class=\"wp-image-68 size-full\" src=\"https:\/\/barcelona2016.aic-iac.org\/wp-content\/uploads\/sites\/6\/2015\/09\/auditoiredhub.jpg\" alt=\"auditoiredhub\" width=\"640\" height=\"450\" srcset=\"https:\/\/barcelona2016.aic-iac.org\/wp-content\/uploads\/sites\/2\/2015\/09\/auditoiredhub.jpg 640w, https:\/\/barcelona2016.aic-iac.org\/wp-content\/uploads\/sites\/2\/2015\/09\/auditoiredhub-300x211.jpg 300w\" sizes=\"auto, (max-width: 640px) 100vw, 640px\" \/><p id=\"caption-attachment-68\" class=\"wp-caption-text\">DHUB auditorium for general assembly<\/p><\/div>\n<\/td>\n<\/tr>\n<tr>\n<td>\u00a0<\/td>\n<td>\u00a0<\/td>\n<\/tr>\n<tr>\n<td>\n<p>\u00a0Si le Congr\u00e8s de l\u2019AIC signifie l\u2019ensemble des activit\u00e9s g\u00e9n\u00e9r\u00e9es par la venue de l\u2019AIC dans un pays, l\u2019Assembl\u00e9e G\u00e9n\u00e9rale est le moment formel de la vie de l\u2019Acad\u00e9mie, qui aura lieu en deux sessions, qui aborderont des sujets propres \u00e0 son fonctionnement: responsabilit\u00e9s du Conseil, \u00e9tat des comptes, mouvements des membres affili\u00e9s, activit\u00e9s, projets futurs et autres propositions de la part des membres.<\/p>\n<p>Comme les deux temps de l\u2019Assembl\u00e9e de l\u2019Acad\u00e9mie ne sont ouvertes qu\u2019aux membres titulaires de celle-ci, les non membres assistant au Congr\u00e8s disposeront ainsi de temps libre pour se rendre \u00e0 des expositions, visiter des b\u00e2timents uniques, des mus\u00e9es ou d\u00e9couvrir la ville.<\/p>\n<\/td>\n<td>\n<p>Ces deux sessions sont exclusivement r\u00e9serv\u00e9es aux membres de l\u2019AIC.<\/p>\n<p><span style=\"text-decoration: underline;\">Lundi 12 Septembre 08.30h &#8211; 14.00h<\/span><\/p>\n<p>Assembl\u00e9e G\u00e9n\u00e9rale de l\u2019AIC (1\u00e8re session)<br \/>(Il y aura une br\u00e8ve pause caf\u00e9)<\/p>\n<p><span style=\"text-decoration: underline;\">Jeudi 15 Septembre 15.00 &#8211; 17.30h<\/span><\/p>\n<p>Assembl\u00e9e G\u00e9n\u00e9rale de l\u2019AIC (2\u00e8me session)<\/p>\n<p>17:30 \u00e0 19h30 <br \/>Temps libre<\/p>\n<\/td>\n<\/tr>\n<\/tbody>\n<\/table>\n<p>&nbsp;<\/p>\n","protected":false,"raw":"<table>\r\n<tbody>\r\n<tr>\r\n<td colspan=\"2\">\r\n[caption id=\"attachment_68\" align=\"alignnone\" width=\"640\"]<img class=\"wp-image-68 size-full\" src=\"https:\/\/barcelona2016.aic-iac.org\/wp-content\/uploads\/sites\/6\/2015\/09\/auditoiredhub.jpg\" alt=\"auditoiredhub\" width=\"640\" height=\"450\" \/> DHUB auditorium for general assembly[\/caption]\r\n<\/td>\r\n<\/tr>\r\n<tr>\r\n<td>\u00a0<\/td>\r\n<td>\u00a0<\/td>\r\n<\/tr>\r\n<tr>\r\n<td>\r\n<p>\u00a0Si le Congr\u00e8s de l\u2019AIC signifie l\u2019ensemble des activit\u00e9s g\u00e9n\u00e9r\u00e9es par la venue de l\u2019AIC dans un pays, l\u2019Assembl\u00e9e G\u00e9n\u00e9rale est le moment formel de la vie de l\u2019Acad\u00e9mie, qui aura lieu en deux sessions, qui aborderont des sujets propres \u00e0 son fonctionnement: responsabilit\u00e9s du Conseil, \u00e9tat des comptes, mouvements des membres affili\u00e9s, activit\u00e9s, projets futurs et autres propositions de la part des membres.<\/p>\r\n<p>Comme les deux temps de l\u2019Assembl\u00e9e de l\u2019Acad\u00e9mie ne sont ouvertes qu\u2019aux membres titulaires de celle-ci, les non membres assistant au Congr\u00e8s disposeront ainsi de temps libre pour se rendre \u00e0 des expositions, visiter des b\u00e2timents uniques, des mus\u00e9es ou d\u00e9couvrir la ville.<\/p>\r\n<\/td>\r\n<td>\r\n<p>Ces deux sessions sont exclusivement r\u00e9serv\u00e9es aux membres de l\u2019AIC.<\/p>\r\n<p><span style=\"text-decoration: underline;\">Lundi 12 Septembre 08.30h - 14.00h<\/span><\/p>\r\n<p>Assembl\u00e9e G\u00e9n\u00e9rale de l\u2019AIC (1\u00e8re session)<br \/>(Il y aura une br\u00e8ve pause caf\u00e9)<\/p>\r\n<p><span style=\"text-decoration: underline;\">Jeudi 15 Septembre 15.00 - 17.30h<\/span><\/p>\r\n<p>Assembl\u00e9e G\u00e9n\u00e9rale de l\u2019AIC (2\u00e8me session)<\/p>\r\n<p>17:30 \u00e0 19h30 <br \/>Temps libre<\/p>\r\n<\/td>\r\n<\/tr>\r\n<\/tbody>\r\n<\/table>\r\n<p>&nbsp;<\/p>"},"excerpt":{"rendered":"<p>L&rsquo;Assembl\u00e9e G\u00e9n\u00e9rale est exclusivement r\u00e9serv\u00e9e aux membres de l\u2019AIC<\/p>\n","protected":false,"raw":"L'Assembl\u00e9e G\u00e9n\u00e9rale est exclusivement r\u00e9serv\u00e9e aux membres de l\u2019AIC"},"author":9,"featured_media":68,"parent":0,"menu_order":10,"comment_status":"closed","ping_status":"closed","template":"","meta":{"_en_post_content":"<table>\r\n<tbody>\r\n<tr>\r\n<td colspan=\"2\">\r\n[caption id=\"attachment_68\" align=\"alignnone\" width=\"640\"]<img class=\"wp-image-68 size-full\" src=\"https:\/\/barcelona2016.aic-iac.org\/wp-content\/uploads\/sites\/6\/2015\/09\/auditoiredhub.jpg\" alt=\"auditoiredhub\" width=\"640\" height=\"450\" \/> DHUB auditorium for general assembly[\/caption]\r\n<\/td>\r\n<\/tr>\r\n<tr>\r\n<td>\u00a0<\/td>\r\n<td>\u00a0<\/td>\r\n<\/tr>\r\n<tr>\r\n<td>\r\n<p>The members meetings traditionally called the General Assembly of the International Academy of Ceramics will take place on Monday and Thursday mornings. These sessions deal with issues related to the academy\u2019s\u2019 functioning and serve as a means of communication on numerous topics related to the business and future planning of the academy. Various topics include: Council members are introduced, statement of accounts, affiliate member\u2019s activities, future projects, communications, and other proposals that arise from members. The Academy's General Assemblies are open exclusively to members. Conference attendees who are not members will be asked to use this free time to visit exhibits, museums and unique buildings, or explore the city.<\/p>\r\n<\/td>\r\n<td>\r\n<p>These two sessions are open exclusively to IAC members.<br \/><strong><br \/><\/strong><span style=\"text-decoration: underline;\">12th September, Monday<\/span><br \/>08:30 Registration welcome<br \/>09:30 General Assembly of the IAC (session 1)<strong><br \/><\/strong>(There will be a short pause for coffee in the middle of this session)<\/p>\r\n<p><span style=\"text-decoration: underline;\">15th September, Thursday<\/span><br \/>15:00\u00a0\u2013 17h30<br \/>General Assembly of the IAC (session 2)<br \/><strong><br \/><\/strong>17:30 - 19:30<br \/>Free time at the Dhub<\/p>\r\n<\/td>\r\n<\/tr>\r\n<\/tbody>\r\n<\/table>\r\n<p>&nbsp;<\/p>","_en_post_name":"the-general-assembly-of-the-academy-session-2","_en_post_excerpt":"","_en_post_title":"THE GENERAL ASSEMBLY OF THE ACADEMY\u2014SESSION 2","_fr_post_content":"<table>\r\n<tbody>\r\n<tr>\r\n<td colspan=\"2\">\r\n[caption id=\"attachment_68\" align=\"alignnone\" width=\"640\"]<img class=\"wp-image-68 size-full\" src=\"https:\/\/barcelona2016.aic-iac.org\/wp-content\/uploads\/sites\/6\/2015\/09\/auditoiredhub.jpg\" alt=\"auditoiredhub\" width=\"640\" height=\"450\" \/> DHUB auditorium for general assembly[\/caption]\r\n<\/td>\r\n<\/tr>\r\n<tr>\r\n<td>\u00a0<\/td>\r\n<td>\u00a0<\/td>\r\n<\/tr>\r\n<tr>\r\n<td>\r\n<p>\u00a0Si le Congr\u00e8s de l\u2019AIC signifie l\u2019ensemble des activit\u00e9s g\u00e9n\u00e9r\u00e9es par la venue de l\u2019AIC dans un pays, l\u2019Assembl\u00e9e G\u00e9n\u00e9rale est le moment formel de la vie de l\u2019Acad\u00e9mie, qui aura lieu en deux sessions, qui aborderont des sujets propres \u00e0 son fonctionnement: responsabilit\u00e9s du Conseil, \u00e9tat des comptes, mouvements des membres affili\u00e9s, activit\u00e9s, projets futurs et autres propositions de la part des membres.<\/p>\r\n<p>Comme les deux temps de l\u2019Assembl\u00e9e de l\u2019Acad\u00e9mie ne sont ouvertes qu\u2019aux membres titulaires de celle-ci, les non membres assistant au Congr\u00e8s disposeront ainsi de temps libre pour se rendre \u00e0 des expositions, visiter des b\u00e2timents uniques, des mus\u00e9es ou d\u00e9couvrir la ville.<\/p>\r\n<\/td>\r\n<td>\r\n<p>Ces deux sessions sont exclusivement r\u00e9serv\u00e9es aux membres de l\u2019AIC.<\/p>\r\n<p><span style=\"text-decoration: underline;\">Lundi 12 Septembre 08.30h - 14.00h<\/span><\/p>\r\n<p>Assembl\u00e9e G\u00e9n\u00e9rale de l\u2019AIC (1\u00e8re session)<br \/>(Il y aura une br\u00e8ve pause caf\u00e9)<\/p>\r\n<p><span style=\"text-decoration: underline;\">Jeudi 15 Septembre 15.00 - 17.30h<\/span><\/p>\r\n<p>Assembl\u00e9e G\u00e9n\u00e9rale de l\u2019AIC (2\u00e8me session)<\/p>\r\n<p>17:30 \u00e0 19h30 <br \/>Temps libre<\/p>\r\n<\/td>\r\n<\/tr>\r\n<\/tbody>\r\n<\/table>\r\n<p>&nbsp;<\/p>","_fr_post_name":"the-general-assembly-of-the-academy-session-2","_fr_post_excerpt":"L'Assembl\u00e9e G\u00e9n\u00e9rale est exclusivement r\u00e9serv\u00e9e aux membres de l\u2019AIC","_fr_post_title":"L\u2019ASSEMBL\u00c9E G\u00c9N\u00c9RALE DE L\u2019ACAD\u00c9MIE - session 2","_es_post_content":"<table>\r\n<tbody>\r\n<tr>\r\n<td colspan=\"2\">\r\n[caption id=\"attachment_68\" align=\"alignnone\" width=\"640\"]<img class=\"wp-image-68 size-full\" src=\"https:\/\/barcelona2016.aic-iac.org\/wp-content\/uploads\/sites\/6\/2015\/09\/auditoiredhub.jpg\" alt=\"auditoiredhub\" width=\"640\" height=\"450\" \/> DHUB auditorium for general assembly[\/caption]\r\n<\/td>\r\n<\/tr>\r\n<tr>\r\n<td>\u00a0<\/td>\r\n<td>\u00a0<\/td>\r\n<\/tr>\r\n<tr>\r\n<td>\r\n<p>Estas dos sesiones asamblearias se ocupan de cuestiones relacionadas con el funcionamiento de la academia y sirven como un medio de comunicaci\u00f3n sobre numerosos temas relacionados con la actividad y la planificaci\u00f3n futura de la academia, como la presentaci\u00f3n de los miembros del consejo directivo, el estado de cuentas, las actividades de los miembros afiliados, proyectos futuros, Ponencias y otras propuestas que surgen de los miembros. La Asamblea General de la Academia est\u00e1 abierta exclusivamente a los socios. Los asistentes al congreso que no sean miembros podr\u00e1n dedicar este tiempo libre para visitar exposiciones, museos y edificios singulares, o explorar la ciudad.<\/p>\r\n<\/td>\r\n<td>\r\n<p>Estas dos sesiones est\u00e1n abiertas exclusivamente a los miembros de la AIC.<\/p>\r\n<p><span style=\"text-decoration: underline;\">Lunes 12 de septiembre 08.30h - 14.00h<\/span><\/p>\r\n<p>Asamblea General de la IAC (1\u00aa sesi\u00f3n)<br \/>(Habr\u00e1 una breve pausa para el caf\u00e9)<\/p>\r\n<p><span style=\"text-decoration: underline;\">Jueves 15 de septiembre 15.00 - 17.30h<\/span><\/p>\r\n<p>Asamblea General de la IAC (2\u00aa sesi\u00f3n)<\/p>\r\n<\/td>\r\n<\/tr>\r\n<\/tbody>\r\n<\/table>\r\n<p>&nbsp;<\/p>","_es_post_name":"the-general-assembly-of-the-academy-session-2","_es_post_excerpt":"La Asamblea General de la Academia est\u00e1 abierta exclusivamente a los socios.","_es_post_title":"LA ASAMBLEA GENERAL DE LA ACADEMIA - sesione 2","_ca_post_content":"","_ca_post_name":"","_ca_post_excerpt":"","_ca_post_title":"","edit_language":"fr","footnotes":""},"class_list":["post-1144","page","type-page","status-publish","has-post-thumbnail","hentry"],"_links":{"self":[{"href":"https:\/\/barcelona2016.aic-iac.org\/fr\/wp-json\/wp\/v2\/pages\/1144","targetHints":{"allow":["GET"]}}],"collection":[{"href":"https:\/\/barcelona2016.aic-iac.org\/fr\/wp-json\/wp\/v2\/pages"}],"about":[{"href":"https:\/\/barcelona2016.aic-iac.org\/fr\/wp-json\/wp\/v2\/types\/page"}],"author":[{"embeddable":true,"href":"https:\/\/barcelona2016.aic-iac.org\/fr\/wp-json\/wp\/v2\/users\/9"}],"replies":[{"embeddable":true,"href":"https:\/\/barcelona2016.aic-iac.org\/fr\/wp-json\/wp\/v2\/comments?post=1144"}],"version-history":[{"count":22,"href":"https:\/\/barcelona2016.aic-iac.org\/fr\/wp-json\/wp\/v2\/pages\/1144\/revisions"}],"predecessor-version":[{"id":2087,"href":"https:\/\/barcelona2016.aic-iac.org\/fr\/wp-json\/wp\/v2\/pages\/1144\/revisions\/2087"}],"wp:featuredmedia":[{"embeddable":true,"href":"https:\/\/barcelona2016.aic-iac.org\/fr\/wp-json\/wp\/v2\/media\/68"}],"wp:attachment":[{"href":"https:\/\/barcelona2016.aic-iac.org\/fr\/wp-json\/wp\/v2\/media?parent=1144"}],"curies":[{"name":"wp","href":"https:\/\/api.w.org\/{rel}","templated":true}]}}