{"id":2385,"date":"2016-09-29T16:54:19","date_gmt":"2016-09-29T15:54:19","guid":{"rendered":"http:\/\/barcelona2016.aic-iac.org\/?page_id=2385"},"modified":"2016-10-03T10:10:47","modified_gmt":"2016-10-03T09:10:47","slug":"new-members-ceremony","status":"publish","type":"page","link":"https:\/\/barcelona2016.aic-iac.org\/fr\/congress-archives-2016\/new-members-ceremony\/","title":{"rendered":"C\u00e9r\u00e9monie des nouveaux membres","raw":"C\u00e9r\u00e9monie des nouveaux membres"},"content":{"rendered":"<table>\n<tbody>\n<tr>\n<td>\n<p><a href=\"https:\/\/barcelona2016.aic-iac.org\/congress-archives-2016\/new-members-ceremony\/\">&gt;&gt; Cliquez ici, pour consulter les photographies de la c\u00e9r\u00e9monie des dipl\u00f4mes des nouveaux membres 2015.<\/a><\/p>\n<p>Un mot de passe figurant sur la newsletter AIC est demand\u00e9 pour l&rsquo;acc\u00e8s \u00e0 cette section.<\/p>\n<p><strong>Merci de conserver ces images pour votre usage personnel<\/strong> et de ne pas les partager sur les r\u00e9seaux sociaux, sans l\u2019accord des personnes figurants sur les photos.<\/p>\n<\/td>\n<td><img loading=\"lazy\" decoding=\"async\" class=\"alignnone size-full wp-image-2403\" src=\"https:\/\/barcelona2016.aic-iac.org\/wp-content\/uploads\/sites\/6\/2016\/09\/IMG_8249.jpg\" alt=\"img_8249\" width=\"3000\" height=\"2000\" srcset=\"https:\/\/barcelona2016.aic-iac.org\/wp-content\/uploads\/sites\/2\/2016\/09\/IMG_8249.jpg 3000w, https:\/\/barcelona2016.aic-iac.org\/wp-content\/uploads\/sites\/2\/2016\/09\/IMG_8249-300x200.jpg 300w, https:\/\/barcelona2016.aic-iac.org\/wp-content\/uploads\/sites\/2\/2016\/09\/IMG_8249-940x627.jpg 940w\" sizes=\"auto, (max-width: 3000px) 100vw, 3000px\" \/><\/td>\n<\/tr>\n<tr>\n<td>\u00a0<\/td>\n<td>\u00a0<\/td>\n<\/tr>\n<\/tbody>\n<\/table>\n<p>&nbsp;<\/p>\n<p>&nbsp;<\/p>\n<p>&nbsp;<\/p>\n","protected":true,"raw":"<table>\r\n<tbody>\r\n<tr>\r\n<td>\r\n<p><a href=\"https:\/\/barcelona2016.aic-iac.org\/congress-archives-2016\/new-members-ceremony\/\">&gt;&gt; Cliquez ici, pour consulter les photographies de la c\u00e9r\u00e9monie des dipl\u00f4mes des nouveaux membres 2015.<\/a><\/p>\r\n<p>Un mot de passe figurant sur la newsletter AIC est demand\u00e9 pour l'acc\u00e8s \u00e0 cette section.<\/p>\r\n<p><strong>Merci de conserver ces images pour votre usage personnel<\/strong> et de ne pas les partager sur les r\u00e9seaux sociaux, sans l\u2019accord des personnes figurants sur les photos.<\/p>\r\n<\/td>\r\n<td><img class=\"alignnone size-full wp-image-2403\" src=\"https:\/\/barcelona2016.aic-iac.org\/wp-content\/uploads\/sites\/6\/2016\/09\/IMG_8249.jpg\" alt=\"img_8249\" width=\"3000\" height=\"2000\" \/><\/td>\r\n<\/tr>\r\n<tr>\r\n<td>\u00a0<\/td>\r\n<td>\u00a0<\/td>\r\n<\/tr>\r\n<\/tbody>\r\n<\/table>\r\n<p>&nbsp;<\/p>\r\n<p>&nbsp;<\/p>\r\n<p>&nbsp;<\/p>"},"excerpt":{"rendered":"<p>Un mot de passe figurant sur la newsletter AIC est demand\u00e9 pour cette section.<\/p>\n","protected":true,"raw":"Un mot de passe figurant sur la newsletter AIC est demand\u00e9 pour cette section."},"author":4,"featured_media":2403,"parent":2249,"menu_order":0,"comment_status":"closed","ping_status":"closed","template":"","meta":{"_en_post_content":"<table>\r\n<tbody>\r\n<tr>\r\n<td colspan=\"2\"><img class=\"alignnone size-full wp-image-2403\" src=\"https:\/\/barcelona2016.aic-iac.org\/wp-content\/uploads\/sites\/6\/2016\/09\/IMG_8249.jpg\" alt=\"img_8249\" width=\"3000\" height=\"2000\" \/><\/td>\r\n<\/tr>\r\n<tr>\r\n<td colspan=\"2\">\u00a0<\/td>\r\n<\/tr>\r\n<tr>\r\n<td>\r\n<p>The diploma ceremony of the IAC new member 2015, was held successfully in the fabulous courtyard of the Palau M\u00fasica. About 70 new members received their diploma on this occasion.<\/p>\r\n<\/td>\r\n<td>\r\n<p><strong>Thank you for keeping these images for your own use<\/strong> and not share them on social media, without the consent of those people appearing in the pictures.<\/p>\r\n<\/td>\r\n<\/tr>\r\n<tr>\r\n<td>\u00a0<\/td>\r\n<td>\u00a0<\/td>\r\n<\/tr>\r\n<tr>\r\n<td colspan=\"2\"><img class=\"alignnone size-full wp-image-2583\" src=\"https:\/\/barcelona2016.aic-iac.org\/wp-content\/uploads\/sites\/6\/2016\/09\/diploma83.jpg\" alt=\"diploma83\" width=\"2000\" height=\"1333\" \/><\/td>\r\n<\/tr>\r\n<\/tbody>\r\n<\/table>\r\n<p>\u200b<\/p>\r\n<p>&nbsp;<\/p>\r\n<p>[gallery ids=\"2403,2501,2502,2503,2504,2505,2507,2508,2509,2510,2511,2512,2513,2514,2515,2516,2517,2518,2519,2520,2521,2522,2523,2524,2525,2526,2527,2528,2529,2530,2531,2532,2533,2534,2535,2536,2538,2539,2540,2541,2542,2544,2546,2547,2548,2549,2550,2551,2552,2553,2554,2556,2557,2558,2559,2560,2561,2562,2563,2564,2565,2566,2567,2568,2569,2571,2572,2574,2575,2577,2578,2581,2582,2583,2584\"]<\/p>","_en_post_name":"new-members-ceremony","_en_post_excerpt":"Access to this page is exclusively reserved to the IAC members. Please contact the IAC office if you have forgotten the password of this web page ","_en_post_title":"New Members ceremony","_fr_post_content":"<table>\r\n<tbody>\r\n<tr>\r\n<td>\r\n<p><a href=\"https:\/\/barcelona2016.aic-iac.org\/congress-archives-2016\/new-members-ceremony\/\">&gt;&gt; Cliquez ici, pour consulter les photographies de la c\u00e9r\u00e9monie des dipl\u00f4mes des nouveaux membres 2015.<\/a><\/p>\r\n<p>Un mot de passe figurant sur la newsletter AIC est demand\u00e9 pour l'acc\u00e8s \u00e0 cette section.<\/p>\r\n<p><strong>Merci de conserver ces images pour votre usage personnel<\/strong> et de ne pas les partager sur les r\u00e9seaux sociaux, sans l\u2019accord des personnes figurants sur les photos.<\/p>\r\n<\/td>\r\n<td><img class=\"alignnone size-full wp-image-2403\" src=\"https:\/\/barcelona2016.aic-iac.org\/wp-content\/uploads\/sites\/6\/2016\/09\/IMG_8249.jpg\" alt=\"img_8249\" width=\"3000\" height=\"2000\" \/><\/td>\r\n<\/tr>\r\n<tr>\r\n<td>\u00a0<\/td>\r\n<td>\u00a0<\/td>\r\n<\/tr>\r\n<\/tbody>\r\n<\/table>\r\n<p>&nbsp;<\/p>\r\n<p>&nbsp;<\/p>\r\n<p>&nbsp;<\/p>","_fr_post_name":"new-members-ceremony","_fr_post_excerpt":"Un mot de passe figurant sur la newsletter AIC est demand\u00e9 pour cette section.","_fr_post_title":"C\u00e9r\u00e9monie des nouveaux membres","_es_post_content":"","_es_post_name":"","_es_post_excerpt":"","_es_post_title":"","_ca_post_content":"","_ca_post_name":"","_ca_post_excerpt":"","_ca_post_title":"","edit_language":"fr","footnotes":""},"class_list":["post-2385","page","type-page","status-publish","post-password-required","hentry"],"_links":{"self":[{"href":"https:\/\/barcelona2016.aic-iac.org\/fr\/wp-json\/wp\/v2\/pages\/2385","targetHints":{"allow":["GET"]}}],"collection":[{"href":"https:\/\/barcelona2016.aic-iac.org\/fr\/wp-json\/wp\/v2\/pages"}],"about":[{"href":"https:\/\/barcelona2016.aic-iac.org\/fr\/wp-json\/wp\/v2\/types\/page"}],"author":[{"embeddable":true,"href":"https:\/\/barcelona2016.aic-iac.org\/fr\/wp-json\/wp\/v2\/users\/4"}],"replies":[{"embeddable":true,"href":"https:\/\/barcelona2016.aic-iac.org\/fr\/wp-json\/wp\/v2\/comments?post=2385"}],"version-history":[{"count":49,"href":"https:\/\/barcelona2016.aic-iac.org\/fr\/wp-json\/wp\/v2\/pages\/2385\/revisions"}],"predecessor-version":[{"id":2644,"href":"https:\/\/barcelona2016.aic-iac.org\/fr\/wp-json\/wp\/v2\/pages\/2385\/revisions\/2644"}],"up":[{"embeddable":true,"href":"https:\/\/barcelona2016.aic-iac.org\/fr\/wp-json\/wp\/v2\/pages\/2249"}],"wp:featuredmedia":[{"embeddable":true,"href":"https:\/\/barcelona2016.aic-iac.org\/fr\/wp-json\/wp\/v2\/media\/2403"}],"wp:attachment":[{"href":"https:\/\/barcelona2016.aic-iac.org\/fr\/wp-json\/wp\/v2\/media?parent=2385"}],"curies":[{"name":"wp","href":"https:\/\/api.w.org\/{rel}","templated":true}]}}