{"id":2661,"date":"2018-09-20T10:23:17","date_gmt":"2018-09-20T09:23:17","guid":{"rendered":"http:\/\/barcelona2016.aic-iac.org\/?page_id=2661"},"modified":"2018-09-21T19:46:47","modified_gmt":"2018-09-21T18:46:47","slug":"","status":"publish","type":"page","link":"https:\/\/barcelona2016.aic-iac.org\/fr\/congress-archives-2016\/laetitia-fontaine\/","title":{"rendered":"","raw":""},"content":{"rendered":"","protected":false,"raw":""},"excerpt":{"rendered":"","protected":false,"raw":""},"author":1291,"featured_media":2707,"parent":2249,"menu_order":0,"comment_status":"closed","ping_status":"closed","template":"","meta":{"_en_post_content":"<table>\r\n<tbody>\r\n<tr>\r\n<td>\r\n<p><img class=\"alignnone size-full wp-image-2707\" src=\"https:\/\/barcelona2016.aic-iac.org\/wp-content\/uploads\/sites\/2\/2018\/09\/Front-page-Presentation-Laetitia-Fontaine.jpg\" alt=\"\" width=\"3000\" height=\"2250\" \/><\/p>\r\n<\/td>\r\n<\/tr>\r\n<tr>\r\n<td>\r\n<p>EARTH! BUILDING MATERIAL FOR TODAY'S CHALLENGES<br \/><br \/>Par LAETITIA FONTAINE |\u00a0CRAterre Lab, \u00c9cole Nationale Sup\u00e9rieure d'Architecture de Grenoble (France)<\/p>\r\n<\/td>\r\n<\/tr>\r\n<\/tbody>\r\n<\/table>\r\n<table>\r\n<tbody>\r\n<tr>\r\n<td>De tous les \u00e9co-mat\u00e9riaux de construction, la terre est celui qui poss\u00e8de la charge symbolique la plus forte. Elle invite \u00e0 la magie, \u00e0 l\u2019\u00e9motion et \u00e0 la cr\u00e9ativit\u00e9. Elle est une ressource universelle qui g\u00e9n\u00e8re une prodigieuse diversit\u00e9 d\u2019architectures vernaculaires et contemporaines. Ces mati\u00e8res premi\u00e8res inspirent un nouveau rapport au monde, o\u00f9 les habitants construisent \u00e0 partir de ce qu\u2019ils ont sous les pieds et \u00e0 port\u00e9e de main.<\/td>\r\n<td>Mais la terre est aussi une \u00e9nigme. Ce mat\u00e9riau si commun et pourtant si \u00e9trange est constitu\u00e9 de grains (cailloux, graviers, sables, silts et argiles), d\u2019eau et d\u2019air qui forment un sol avec une histoire g\u00e9ologique. A partir de ces trois \u00e9l\u00e9ments, on obtient un mat\u00e9riau solide qui permet de construire un mur, une structure, un \u00e9difice. C\u2019est ainsi que l\u2019on passe du grain \u00e0 l\u2019architecture. Tous ces grains tiennent ensemble comme par magie. Pour comprendre pourquoi ils tiennent ensemble, il faut porter un regard neuf sur la mati\u00e8re. Et en particulier sur toutes ces choses communes (terre, sable, boue, argile, fibres, eau) que l\u2019on croyait conna\u00eetre.<\/td>\r\n<\/tr>\r\n<\/tbody>\r\n<\/table>\r\n<table>\r\n<tbody>\r\n<tr>\r\n<td><hr \/><\/td>\r\n<\/tr>\r\n<\/tbody>\r\n<\/table>\r\n<table>\r\n<tbody>\r\n<tr>\r\n<td>\r\n<p>BIOGRAPHIE<\/p>\r\n<p>Laetitia Fontaine est ing\u00e9nieur mat\u00e9riaux, sp\u00e9cialis\u00e9e dans les mat\u00e9riaux de construction. Elle poursuit depuis 2004, au laboratoire CRAterre, Unit\u00e9 de recherche AE&amp;CC (architecture, environnement et cultures constructives) de l\u2019Ecole Nationale Sup\u00e9rieure d\u2019Architecture de Grenoble (ENSAG) et aux Grands Ateliers, des activit\u00e9s d\u2019enseignement, de recherche, de diffusion scientifique et d\u2019applications sur le terrain, notamment l\u2019\u00e9tude des relations entre microstructure et propri\u00e9t\u00e9s macroscopiques des mat\u00e9riaux de construction. Elle est co-responsable de l\u2019un des 3 th\u00e8mes de recherche, nomm\u00e9 Mati\u00e8re \/ Mat\u00e9riaux, du programme scientifique du laboratoire CRAterre et de l\u2019unit\u00e9 de recherche AE&amp;CC.<\/p>\r\n<\/td>\r\n<td>Laetitia Fontaine s\u2019est vue attribuer en 2008 le Prix Pour les femmes et la science de la Fondation L\u2019Or\u00e9al - UNESCO - Acad\u00e9mie des Sciences, pour son travail de recherche doctorale. Elle est co-auteur de l\u2019exposition Ma terre premi\u00e8re, pour construire demain pr\u00e9sent\u00e9e en 2009 \u00e0 la Cit\u00e9 des sciences et de l\u2019industrie \u00e0 Paris et du livre B\u00e2tir en terre, du grain de sable \u00e0 l\u2019architecture publi\u00e9 aux \u00e9ditions Belin (prix Le Go\u00fbt des sciences 2010 et prix Roberval 2010). Depuis 2012, elle est responsable du projet atelier mati\u00e8res \u00e0 construire (am\u00e0co) soutenu jusqu\u2019en 2019 dans le cadre des initiatives d\u2019excellence en formations innovantes (IDEFI), programme des Investissements d\u2019Avenir du gouvernement fran\u00e7ais.<\/td>\r\n<\/tr>\r\n<\/tbody>\r\n<\/table>\r\n<p>&nbsp;<\/p>","_en_post_name":"laetitia-fontaine","_en_post_excerpt":"Laetitia Fontaine est ing\u00e9nieur mat\u00e9riaux, sp\u00e9cialis\u00e9e dans les mat\u00e9riaux de construction. ","_en_post_title":"Laetitia Fontaine","_fr_post_content":"","_fr_post_name":"","_fr_post_excerpt":"","_fr_post_title":"","_es_post_content":"","_es_post_name":"","_es_post_excerpt":"","_es_post_title":"","_ca_post_content":"","_ca_post_name":"","_ca_post_excerpt":"","_ca_post_title":"","edit_language":"fr","footnotes":""},"class_list":["post-2661","page","type-page","status-publish","has-post-thumbnail","hentry"],"_links":{"self":[{"href":"https:\/\/barcelona2016.aic-iac.org\/fr\/wp-json\/wp\/v2\/pages\/2661","targetHints":{"allow":["GET"]}}],"collection":[{"href":"https:\/\/barcelona2016.aic-iac.org\/fr\/wp-json\/wp\/v2\/pages"}],"about":[{"href":"https:\/\/barcelona2016.aic-iac.org\/fr\/wp-json\/wp\/v2\/types\/page"}],"author":[{"embeddable":true,"href":"https:\/\/barcelona2016.aic-iac.org\/fr\/wp-json\/wp\/v2\/users\/1291"}],"replies":[{"embeddable":true,"href":"https:\/\/barcelona2016.aic-iac.org\/fr\/wp-json\/wp\/v2\/comments?post=2661"}],"version-history":[{"count":16,"href":"https:\/\/barcelona2016.aic-iac.org\/fr\/wp-json\/wp\/v2\/pages\/2661\/revisions"}],"predecessor-version":[{"id":2747,"href":"https:\/\/barcelona2016.aic-iac.org\/fr\/wp-json\/wp\/v2\/pages\/2661\/revisions\/2747"}],"up":[{"embeddable":true,"href":"https:\/\/barcelona2016.aic-iac.org\/fr\/wp-json\/wp\/v2\/pages\/2249"}],"wp:featuredmedia":[{"embeddable":true,"href":"https:\/\/barcelona2016.aic-iac.org\/fr\/wp-json\/wp\/v2\/media\/2707"}],"wp:attachment":[{"href":"https:\/\/barcelona2016.aic-iac.org\/fr\/wp-json\/wp\/v2\/media?parent=2661"}],"curies":[{"name":"wp","href":"https:\/\/api.w.org\/{rel}","templated":true}]}}