{"id":2666,"date":"2018-09-20T11:14:36","date_gmt":"2018-09-20T10:14:36","guid":{"rendered":"http:\/\/barcelona2016.aic-iac.org\/?page_id=2666"},"modified":"2018-09-21T19:46:20","modified_gmt":"2018-09-21T18:46:20","slug":"","status":"publish","type":"page","link":"https:\/\/barcelona2016.aic-iac.org\/fr\/congress-archives-2016\/roberta-griffith\/","title":{"rendered":"","raw":""},"content":{"rendered":"","protected":false,"raw":""},"excerpt":{"rendered":"","protected":false,"raw":""},"author":1291,"featured_media":2749,"parent":2249,"menu_order":0,"comment_status":"closed","ping_status":"closed","template":"","meta":{"_en_post_content":"<table>\r\n<tbody>\r\n<tr>\r\n<td>\r\n[caption id=\"attachment_2749\" align=\"alignnone\" width=\"1712\"]<img class=\"wp-image-2749 size-full\" src=\"https:\/\/barcelona2016.aic-iac.org\/wp-content\/uploads\/sites\/2\/2018\/09\/image.png\" alt=\"\" width=\"1712\" height=\"492\" \/> Mural of the Moon[\/caption]\r\n<\/td>\r\n<\/tr>\r\n<tr>\r\n<td>\r\n<p>CERAMIC COLLABORATION of JOSEP LLORENS i ARTIGAS and MIR\u00d3 i FERR\u00c0<br \/><br \/><span style=\"font-family: inherit;\">By ROBERTA GRIFFITH |\u00a0Artist, Professor Emerita Hartwick College, Oneonta NY (United States)<br \/><br \/>Josep Llorens i Artigas and Joan Mir\u00f3 i Ferr\u00e0 were born in the Catalan city of Barcelona, Spain; Artigas in 1892, Mir\u00f3 in 1893. As young men, they met in 1912, while both were attending art schools in Barcelona. Their collaboration in ceramics from 1944 through 1970 produced unique vessels, plaques, sculptures and large ceramic tile walls. These works by painter\/printmaker Joan Mir\u00f3 and ceramist Josep Llorens Artigas, along with his son Joan Gardy Artigas, were unprecedented in the history of ceramics, transcending the conventional limits defining ceramics up to that time.\u00a0What follows is an overview of the remarkable collaboration of Artigas and Mir\u00f3.<br \/><br \/>To continue reading, <a href=\"https:\/\/barcelona2016.aic-iac.org\/wp-content\/uploads\/sites\/2\/2018\/09\/Roberta-Griffith-PP-presentation-for-IAC-47th-Congress-2016.pdf\">please click here<\/a>.\u00a0<br \/>To visualize accompanying illustrations, <a href=\"https:\/\/barcelona2016.aic-iac.org\/wp-content\/uploads\/sites\/2\/2018\/09\/Roberta-Griffith-CERAMIC-COLLABORATION-of-JOSEP-LLORENS-i-ARTIGAS-and-JOAN-MIR\u00d3-i-FERR\u00c0.pdf\">please click here<\/a>.\u00a0<br \/>For credits and permissions, <a href=\"https:\/\/barcelona2016.aic-iac.org\/wp-content\/uploads\/sites\/2\/2018\/09\/PP-Presentation-Roberta-Griffith-Credits-and-Permissions.pdf\">click here<\/a>.\u00a0<\/span><\/p>\r\n<hr \/><\/td>\r\n<\/tr>\r\n<\/tbody>\r\n<\/table>\r\n<table>\r\n<tbody>\r\n<tr>\r\n<td>\r\n<p>ROBERTA GRIFFITH<br \/><br \/>Roberta Griffith received her BFA in 1960, at Chouinard Art Institute, and my MFA in 1962, at SIU-Carbondale. She is an art educator, and practicing artist, exhibiting ceramics, drawing, painting, printmaking, hot glass, and mixed-media installation art nationally and internationally in 34 solo shows and 250 invitational and juried shows.\u00a0<\/p>\r\n<p>&nbsp;<\/p>\r\n<\/td>\r\n<td>\r\n<p><span style=\"font-family: inherit;\">Her artwork is included in major museums, public and private collections in Spain, Mexico, Italy, England, Sweden, Japan and the USA. She is the North American correspondent for Cer\u00e1mica Magazine, Madrid, Spain.<br \/><br \/><br \/><\/span><\/p>\r\n<\/td>\r\n<\/tr>\r\n<\/tbody>\r\n<\/table>\r\n<p>&nbsp;<\/p>","_en_post_name":"roberta-griffith","_en_post_excerpt":"Roberta Griffith received her BFA in 1960, at Chouinard Art Institute, and my MFA in 1962, at SIU-Carbondale. ","_en_post_title":"Roberta Griffith","_fr_post_content":"","_fr_post_name":"","_fr_post_excerpt":"","_fr_post_title":"","_es_post_content":"","_es_post_name":"","_es_post_excerpt":"","_es_post_title":"","_ca_post_content":"","_ca_post_name":"","_ca_post_excerpt":"","_ca_post_title":"","edit_language":"fr","footnotes":""},"class_list":["post-2666","page","type-page","status-publish","has-post-thumbnail","hentry"],"_links":{"self":[{"href":"https:\/\/barcelona2016.aic-iac.org\/fr\/wp-json\/wp\/v2\/pages\/2666","targetHints":{"allow":["GET"]}}],"collection":[{"href":"https:\/\/barcelona2016.aic-iac.org\/fr\/wp-json\/wp\/v2\/pages"}],"about":[{"href":"https:\/\/barcelona2016.aic-iac.org\/fr\/wp-json\/wp\/v2\/types\/page"}],"author":[{"embeddable":true,"href":"https:\/\/barcelona2016.aic-iac.org\/fr\/wp-json\/wp\/v2\/users\/1291"}],"replies":[{"embeddable":true,"href":"https:\/\/barcelona2016.aic-iac.org\/fr\/wp-json\/wp\/v2\/comments?post=2666"}],"version-history":[{"count":7,"href":"https:\/\/barcelona2016.aic-iac.org\/fr\/wp-json\/wp\/v2\/pages\/2666\/revisions"}],"predecessor-version":[{"id":2748,"href":"https:\/\/barcelona2016.aic-iac.org\/fr\/wp-json\/wp\/v2\/pages\/2666\/revisions\/2748"}],"up":[{"embeddable":true,"href":"https:\/\/barcelona2016.aic-iac.org\/fr\/wp-json\/wp\/v2\/pages\/2249"}],"wp:featuredmedia":[{"embeddable":true,"href":"https:\/\/barcelona2016.aic-iac.org\/fr\/wp-json\/wp\/v2\/media\/2749"}],"wp:attachment":[{"href":"https:\/\/barcelona2016.aic-iac.org\/fr\/wp-json\/wp\/v2\/media?parent=2666"}],"curies":[{"name":"wp","href":"https:\/\/api.w.org\/{rel}","templated":true}]}}