{"id":298,"date":"2015-09-11T14:49:07","date_gmt":"2015-09-11T13:49:07","guid":{"rendered":"http:\/\/barcelona2016.aic-iac.org\/?page_id=298"},"modified":"2016-05-27T16:57:12","modified_gmt":"2016-05-27T15:57:12","slug":"website-on-ceramics-and-achitecture-and-public-space","status":"publish","type":"page","link":"https:\/\/barcelona2016.aic-iac.org\/fr\/website-on-ceramics-and-achitecture-and-public-space\/","title":{"rendered":"SITE INTERNET PERMANENT SUR LA C\u00c9RAMIQUE ET L\u2019ARCHITECTURE DANS L\u2019ESPACE PUBLIC","raw":"SITE INTERNET PERMANENT SUR LA C\u00c9RAMIQUE ET L\u2019ARCHITECTURE DANS L\u2019ESPACE PUBLIC"},"content":{"rendered":"<table>\n<tbody>\n<tr>\n<td>\n<p>A l&rsquo;occasion du Congr\u00e8s de Barcelone, nous proposons l\u2019\u00e9laboration d\u2019un site internet sp\u00e9cialis\u00e9 en\u00a0: <strong>Architecture et C\u00e9ramique<\/strong>.<\/p>\n<p>Nous souhaitons qu\u2019il soit le point de r\u00e9f\u00e9rence en la mati\u00e8re, o\u00f9 seront publi\u00e9es les contributions apport\u00e9es pendant la rencontre de Barcelone ainsi que des informations sur la c\u00e9ramique et l\u2019architecture et leurs d\u00e9veloppements apr\u00e8s le Congr\u00e8s 2016.<\/p>\n<p>L\u2019Association des c\u00e9ramistes Catalans sera charg\u00e9e de la maintenance du site en collaboration avec plusieurs institutions de la ville.<\/p>\n<\/td>\n<td>\n<div id=\"attachment_137\" style=\"width: 380px\" class=\"wp-caption alignnone\"><img loading=\"lazy\" decoding=\"async\" aria-describedby=\"caption-attachment-137\" class=\"wp-image-137 size-full\" src=\"https:\/\/barcelona2016.aic-iac.org\/wp-content\/uploads\/sites\/6\/2015\/09\/santa-caterina-market-tiles-close-up-e1368704401572-copie.jpg\" alt=\"santa-caterina-market-tiles-close-up-e1368704401572 - copie\" width=\"370\" height=\"304\" srcset=\"https:\/\/barcelona2016.aic-iac.org\/wp-content\/uploads\/sites\/2\/2015\/09\/santa-caterina-market-tiles-close-up-e1368704401572-copie.jpg 370w, https:\/\/barcelona2016.aic-iac.org\/wp-content\/uploads\/sites\/2\/2015\/09\/santa-caterina-market-tiles-close-up-e1368704401572-copie-300x246.jpg 300w\" sizes=\"auto, (max-width: 370px) 100vw, 370px\" \/><p id=\"caption-attachment-137\" class=\"wp-caption-text\">Detail, Santa Market<\/p><\/div>\n<\/td>\n<\/tr>\n<\/tbody>\n<\/table>\n<p>&nbsp;<\/p>\n","protected":false,"raw":"<table>\r\n<tbody>\r\n<tr>\r\n<td>\r\n<p>A l'occasion du Congr\u00e8s de Barcelone, nous proposons l\u2019\u00e9laboration d\u2019un site internet sp\u00e9cialis\u00e9 en\u00a0: <strong>Architecture et C\u00e9ramique<\/strong>.<\/p>\r\n<p>Nous souhaitons qu\u2019il soit le point de r\u00e9f\u00e9rence en la mati\u00e8re, o\u00f9 seront publi\u00e9es les contributions apport\u00e9es pendant la rencontre de Barcelone ainsi que des informations sur la c\u00e9ramique et l\u2019architecture et leurs d\u00e9veloppements apr\u00e8s le Congr\u00e8s 2016.<\/p>\r\n<p>L\u2019Association des c\u00e9ramistes Catalans sera charg\u00e9e de la maintenance du site en collaboration avec plusieurs institutions de la ville.<\/p>\r\n<\/td>\r\n<td>\r\n[caption id=\"attachment_137\" align=\"alignnone\" width=\"370\"]<img class=\"wp-image-137 size-full\" src=\"https:\/\/barcelona2016.aic-iac.org\/wp-content\/uploads\/sites\/6\/2015\/09\/santa-caterina-market-tiles-close-up-e1368704401572-copie.jpg\" alt=\"santa-caterina-market-tiles-close-up-e1368704401572 - copie\" width=\"370\" height=\"304\" \/> Detail, Santa Market[\/caption]\r\n<\/td>\r\n<\/tr>\r\n<\/tbody>\r\n<\/table>\r\n<p>&nbsp;<\/p>"},"excerpt":{"rendered":"<p>Un site internet sp\u00e9cialis\u00e9 en architecture et c\u00e9ramique.<\/p>\n","protected":false,"raw":"Un site internet sp\u00e9cialis\u00e9 en architecture et c\u00e9ramique."},"author":4,"featured_media":137,"parent":0,"menu_order":7,"comment_status":"closed","ping_status":"closed","template":"","meta":{"_en_post_content":"<table>\r\n<tbody>\r\n<tr>\r\n<td>\r\n<p>As a legacy of the Barcelona Congress we propose constituting a website specializing in Architecture and Ceramics.<\/p>\r\n<p>We want it to be the point of reference on this subject, the space where contributions made during the gathering in Barcelona are published, as well as all ceramics-related news and future developments after 2016.<\/p>\r\n<p>The Association of Catalan Ceramists will be responsible for maintenance of the site with the collaboration of various city institutions.<\/p>\r\n<\/td>\r\n<td>\r\n[caption id=\"attachment_137\" align=\"alignnone\" width=\"370\"]<img class=\"wp-image-137 size-full\" src=\"https:\/\/barcelona2016.aic-iac.org\/wp-content\/uploads\/sites\/6\/2015\/09\/santa-caterina-market-tiles-close-up-e1368704401572-copie.jpg\" alt=\"santa-caterina-market-tiles-close-up-e1368704401572 - copie\" width=\"370\" height=\"304\" \/> Detail, Santa Market[\/caption]\r\n<\/td>\r\n<\/tr>\r\n<\/tbody>\r\n<\/table>\r\n<p>&nbsp;<\/p>","_en_post_name":"website-on-ceramics-and-achitecture-and-public-space","_en_post_excerpt":"A website specializing in Architecture and Ceramics.","_en_post_title":"WEBSITE ON CERAMICS AND ACHITECTURE AND PUBLIC SPACES","_fr_post_content":"<table>\r\n<tbody>\r\n<tr>\r\n<td>\r\n<p>A l'occasion du Congr\u00e8s de Barcelone, nous proposons l\u2019\u00e9laboration d\u2019un site internet sp\u00e9cialis\u00e9 en\u00a0: <strong>Architecture et C\u00e9ramique<\/strong>.<\/p>\r\n<p>Nous souhaitons qu\u2019il soit le point de r\u00e9f\u00e9rence en la mati\u00e8re, o\u00f9 seront publi\u00e9es les contributions apport\u00e9es pendant la rencontre de Barcelone ainsi que des informations sur la c\u00e9ramique et l\u2019architecture et leurs d\u00e9veloppements apr\u00e8s le Congr\u00e8s 2016.<\/p>\r\n<p>L\u2019Association des c\u00e9ramistes Catalans sera charg\u00e9e de la maintenance du site en collaboration avec plusieurs institutions de la ville.<\/p>\r\n<\/td>\r\n<td>\r\n[caption id=\"attachment_137\" align=\"alignnone\" width=\"370\"]<img class=\"wp-image-137 size-full\" src=\"https:\/\/barcelona2016.aic-iac.org\/wp-content\/uploads\/sites\/6\/2015\/09\/santa-caterina-market-tiles-close-up-e1368704401572-copie.jpg\" alt=\"santa-caterina-market-tiles-close-up-e1368704401572 - copie\" width=\"370\" height=\"304\" \/> Detail, Santa Market[\/caption]\r\n<\/td>\r\n<\/tr>\r\n<\/tbody>\r\n<\/table>\r\n<p>&nbsp;<\/p>","_fr_post_name":"website-on-ceramics-and-achitecture-and-public-space","_fr_post_excerpt":"Un site internet sp\u00e9cialis\u00e9 en architecture et c\u00e9ramique.","_fr_post_title":"SITE INTERNET PERMANENT SUR LA C\u00c9RAMIQUE ET L\u2019ARCHITECTURE DANS L\u2019ESPACE PUBLIC","_es_post_content":"<table>\r\n<tbody>\r\n<tr>\r\n<td>\r\n<p class=\"normal\" style=\"text-align: justify; line-height: normal;\"><span lang=\"ES\" style=\"font-family: Calibri;\">Como legado del Congreso de Barcelona se propone constituir una p\u00e1gina web especializada en Arquitectura y Cer\u00e1mica. Queremos que sea el punto de referencia en esta materia, el espacio donde se publiquen las contribuciones hechas durante la reuni\u00f3n en Barcelona, as\u00ed como noticias e informaciones relevantes relacionadas con la cer\u00e1mica, la arquitectura y el espacio p\u00fablico despu\u00e9s de 2016.<\/span><\/p>\r\n<p class=\"normal\" style=\"text-align: justify; line-height: normal;\"><span lang=\"ES\" style=\"font-family: Calibri;\">La Asociaci\u00f3n de Ceramistas de Catalu\u00f1a ser\u00e1 el encargado de mantenimiento del sitio con la colaboraci\u00f3n de otras instituciones vinculadas a dicha tem\u00e1tica.<\/span><\/p>\r\n<\/td>\r\n<td>\r\n[caption id=\"attachment_137\" align=\"alignnone\" width=\"370\"]<img class=\"wp-image-137 size-full\" src=\"https:\/\/barcelona2016.aic-iac.org\/wp-content\/uploads\/sites\/6\/2015\/09\/santa-caterina-market-tiles-close-up-e1368704401572-copie.jpg\" alt=\"santa-caterina-market-tiles-close-up-e1368704401572 - copie\" width=\"370\" height=\"304\" \/> Detail, Santa Market[\/caption]\r\n<\/td>\r\n<\/tr>\r\n<\/tbody>\r\n<\/table>\r\n<p>&nbsp;<\/p>","_es_post_name":"website-on-ceramics-and-achitecture-and-public-space","_es_post_excerpt":"una p\u00e1gina web especializada en Arquitectura y Cer\u00e1mica.","_es_post_title":"SITIO WEB PERMANENTE SOBRE CER\u00c1MICA, ARQUITECTURA Y ESPACIO P\u00daBLICO","_ca_post_content":"","_ca_post_name":"","_ca_post_excerpt":"","_ca_post_title":"","edit_language":"fr","footnotes":""},"class_list":["post-298","page","type-page","status-publish","has-post-thumbnail","hentry"],"_links":{"self":[{"href":"https:\/\/barcelona2016.aic-iac.org\/fr\/wp-json\/wp\/v2\/pages\/298","targetHints":{"allow":["GET"]}}],"collection":[{"href":"https:\/\/barcelona2016.aic-iac.org\/fr\/wp-json\/wp\/v2\/pages"}],"about":[{"href":"https:\/\/barcelona2016.aic-iac.org\/fr\/wp-json\/wp\/v2\/types\/page"}],"author":[{"embeddable":true,"href":"https:\/\/barcelona2016.aic-iac.org\/fr\/wp-json\/wp\/v2\/users\/4"}],"replies":[{"embeddable":true,"href":"https:\/\/barcelona2016.aic-iac.org\/fr\/wp-json\/wp\/v2\/comments?post=298"}],"version-history":[{"count":6,"href":"https:\/\/barcelona2016.aic-iac.org\/fr\/wp-json\/wp\/v2\/pages\/298\/revisions"}],"predecessor-version":[{"id":302,"href":"https:\/\/barcelona2016.aic-iac.org\/fr\/wp-json\/wp\/v2\/pages\/298\/revisions\/302"}],"wp:featuredmedia":[{"embeddable":true,"href":"https:\/\/barcelona2016.aic-iac.org\/fr\/wp-json\/wp\/v2\/media\/137"}],"wp:attachment":[{"href":"https:\/\/barcelona2016.aic-iac.org\/fr\/wp-json\/wp\/v2\/media?parent=298"}],"curies":[{"name":"wp","href":"https:\/\/api.w.org\/{rel}","templated":true}]}}