{"id":772,"date":"2015-12-28T16:05:34","date_gmt":"2015-12-28T15:05:34","guid":{"rendered":"http:\/\/barcelona2016.aic-iac.org\/?page_id=772"},"modified":"2016-09-06T13:08:27","modified_gmt":"2016-09-06T12:08:27","slug":"evening-14th-september-wednesday","status":"publish","type":"page","link":"https:\/\/barcelona2016.aic-iac.org\/fr\/program\/ceramic-evenings-september-12-to-15\/evening-14th-september-wednesday\/","title":{"rendered":"jour 3 - Mercredi 14.09.2016, soir\u00e9e","raw":"jour 3 - Mercredi 14.09.2016, soir\u00e9e"},"content":{"rendered":"<table>\n<tbody>\n<tr>\n<td colspan=\"2\">\n<div id=\"attachment_537\" style=\"width: 3514px\" class=\"wp-caption alignnone\"><img loading=\"lazy\" decoding=\"async\" aria-describedby=\"caption-attachment-537\" class=\"wp-image-537 size-full\" src=\"https:\/\/barcelona2016.aic-iac.org\/wp-content\/uploads\/sites\/6\/2015\/09\/G2_CaixaForum.jpg\" alt=\"Caixa Forum\" width=\"3504\" height=\"2336\" srcset=\"https:\/\/barcelona2016.aic-iac.org\/wp-content\/uploads\/sites\/2\/2015\/09\/G2_CaixaForum.jpg 3504w, https:\/\/barcelona2016.aic-iac.org\/wp-content\/uploads\/sites\/2\/2015\/09\/G2_CaixaForum-300x200.jpg 300w, https:\/\/barcelona2016.aic-iac.org\/wp-content\/uploads\/sites\/2\/2015\/09\/G2_CaixaForum-940x627.jpg 940w\" sizes=\"auto, (max-width: 3504px) 100vw, 3504px\" \/><p id=\"caption-attachment-537\" class=\"wp-caption-text\">Caixa Forum<\/p><\/div>\n<\/td>\n<\/tr>\n<tr>\n<td>\n<p><span style=\"text-decoration: underline;\">Caixaforum barcelone<br \/><\/span><\/p>\n<p>Soir\u00e9e d\u00e9di\u00e9e \u00e0 la visite du centre culturel <a href=\"http:\/\/obrasocial.lacaixa.es\/laCaixaFoundation\/home_en.html\">CaixaForum<\/a> et pr\u00e9sentation du prochain Congr\u00e8s de l\u2019AIC 2018 \u00e0 Yingge (Taiwan)<\/p>\n<p>1912 &#8211; Architecte: Josep Puig i Cadafalch<\/p>\n<p>CaixaForum se trouve dans un des principaux b\u00e2timents modernistes de Barcelone. Il s\u2019agit d\u2019une fabrique textile que l\u2019entrepreneur Casimir Casaramona commanda \u00e0 l\u2019architecte Puig i Cadafalch, un des trois architectes catalans les plus repr\u00e9sentatifs du modernisme. Le b\u00e2timent est une pi\u00e8ce unique de l\u2019architecture moderniste industrielle des d\u00e9buts du XX\u00e8me si\u00e8cle.<\/p>\n<p>&nbsp;<\/p>\n<p><div id=\"attachment_774\" style=\"width: 678px\" class=\"wp-caption alignnone\"><img loading=\"lazy\" decoding=\"async\" aria-describedby=\"caption-attachment-774\" class=\"wp-image-774 size-full\" src=\"https:\/\/barcelona2016.aic-iac.org\/wp-content\/uploads\/sites\/6\/2015\/12\/56-3739187-caixa-forum.jpg\" alt=\"56-3739187-caixa-forum\" width=\"668\" height=\"426\" srcset=\"https:\/\/barcelona2016.aic-iac.org\/wp-content\/uploads\/sites\/2\/2015\/12\/56-3739187-caixa-forum.jpg 668w, https:\/\/barcelona2016.aic-iac.org\/wp-content\/uploads\/sites\/2\/2015\/12\/56-3739187-caixa-forum-300x191.jpg 300w\" sizes=\"auto, (max-width: 668px) 100vw, 668px\" \/><p id=\"caption-attachment-774\" class=\"wp-caption-text\">Caixa Forum<\/p><\/div>\n<\/td>\n<td>\n<p>19:30<br \/> CaixaForum Barcelona<\/p>\n<ul>\n<li>Visit to the headquarters of CaixaForum, the \u00ab\u00a0Casaramona Factory\u00a0\u00bb (1912) with audio guides.<\/li>\n<li>Visit to the temporary exhibition \u201cThe Ming Dynasty, Empire of Gold\u201d.<\/li>\n<\/ul>\n<p>20:45\u00a0 <br \/>CaixaForum Auditorium. Activities:<\/p>\n<ul>\n<li>Bienvenue de la direction de CaixaForum<\/li>\n<li>Partenaire du Congr\u00e8s AIC<\/li>\n<li><span id=\"result_box\" class=\"\" lang=\"fr\"><span class=\"\"> Dipl\u00f4mes<\/span> de reconnaissance <span class=\"\">aux<\/span> <span class=\"\">collaborateur du Congr\u00e8s AIC<\/span> en Espagne: <span class=\"\">Barcelone<\/span> <span class=\"\">1979:<\/span> <span class=\"\">Elisenda<\/span> Sala, Val\u00e8ncia &#8211; Madrid <span class=\"\">1986<\/span>: Enric <span class=\"\">Mestre<\/span> et Arcadi Blasco, <span class=\"\">Barcelone<\/span> 2016: <span class=\"\">Emili<\/span> Sempere.<\/span><\/li>\n<li><span id=\"result_box\" class=\"\" lang=\"fr\"><span class=\"\">Distinction :<\/span> membre d&rsquo;honneur de l&rsquo;AIC.<\/span><\/li>\n<\/ul>\n<p>21:30\u00a0 D\u00eener buffet.<\/p>\n<p>23.00<br \/> Retour \u00e0 l\u2019h\u00f4tel en autobus<\/p>\n<p>&nbsp;<\/p>\n<p>&nbsp;<\/p>\n<p>&nbsp;<\/p>\n<\/td>\n<\/tr>\n<\/tbody>\n<\/table>\n<p>&nbsp;<\/p>\n","protected":false,"raw":"<table>\r\n<tbody>\r\n<tr>\r\n<td colspan=\"2\">\r\n[caption id=\"attachment_537\" align=\"alignnone\" width=\"3504\"]<img class=\"wp-image-537 size-full\" src=\"https:\/\/barcelona2016.aic-iac.org\/wp-content\/uploads\/sites\/6\/2015\/09\/G2_CaixaForum.jpg\" alt=\"Caixa Forum\" width=\"3504\" height=\"2336\" \/> Caixa Forum[\/caption]\r\n<\/td>\r\n<\/tr>\r\n<tr>\r\n<td>\r\n<p><span style=\"text-decoration: underline;\">Caixaforum barcelone<br \/><\/span><\/p>\r\n<p>Soir\u00e9e d\u00e9di\u00e9e \u00e0 la visite du centre culturel <a href=\"http:\/\/obrasocial.lacaixa.es\/laCaixaFoundation\/home_en.html\">CaixaForum<\/a> et pr\u00e9sentation du prochain Congr\u00e8s de l\u2019AIC 2018 \u00e0 Yingge (Taiwan)<\/p>\r\n<p>1912 - Architecte: Josep Puig i Cadafalch<\/p>\r\n<p>CaixaForum se trouve dans un des principaux b\u00e2timents modernistes de Barcelone. Il s\u2019agit d\u2019une fabrique textile que l\u2019entrepreneur Casimir Casaramona commanda \u00e0 l\u2019architecte Puig i Cadafalch, un des trois architectes catalans les plus repr\u00e9sentatifs du modernisme. Le b\u00e2timent est une pi\u00e8ce unique de l\u2019architecture moderniste industrielle des d\u00e9buts du XX\u00e8me si\u00e8cle.<\/p>\r\n<p>&nbsp;<\/p>\r\n[caption id=\"attachment_774\" align=\"alignnone\" width=\"668\"]<img class=\"wp-image-774 size-full\" src=\"https:\/\/barcelona2016.aic-iac.org\/wp-content\/uploads\/sites\/6\/2015\/12\/56-3739187-caixa-forum.jpg\" alt=\"56-3739187-caixa-forum\" width=\"668\" height=\"426\" \/> Caixa Forum[\/caption]\r\n<\/td>\r\n<td>\r\n<p>19:30<br \/> CaixaForum Barcelona<\/p>\r\n<ul>\r\n<li>Visit to the headquarters of CaixaForum, the \"Casaramona Factory\" (1912) with audio guides.<\/li>\r\n<li>Visit to the temporary exhibition \u201cThe Ming Dynasty, Empire of Gold\u201d.<\/li>\r\n<\/ul>\r\n<p>20:45\u00a0 <br \/>CaixaForum Auditorium. Activities:<\/p>\r\n<ul>\r\n<li>Bienvenue de la direction de CaixaForum<\/li>\r\n<li>Partenaire du Congr\u00e8s AIC<\/li>\r\n<li><span id=\"result_box\" class=\"\" lang=\"fr\"><span class=\"\"> Dipl\u00f4mes<\/span> de reconnaissance <span class=\"\">aux<\/span> <span class=\"\">collaborateur du Congr\u00e8s AIC<\/span> en Espagne: <span class=\"\">Barcelone<\/span> <span class=\"\">1979:<\/span> <span class=\"\">Elisenda<\/span> Sala, Val\u00e8ncia - Madrid <span class=\"\">1986<\/span>: Enric <span class=\"\">Mestre<\/span> et Arcadi Blasco, <span class=\"\">Barcelone<\/span> 2016: <span class=\"\">Emili<\/span> Sempere.<\/span><\/li>\r\n<li><span id=\"result_box\" class=\"\" lang=\"fr\"><span class=\"\">Distinction :<\/span> membre d'honneur de l'AIC.<\/span><\/li>\r\n<\/ul>\r\n<p>21:30\u00a0 D\u00eener buffet.<\/p>\r\n<p>23.00<br \/> Retour \u00e0 l\u2019h\u00f4tel en autobus<\/p>\r\n<p>&nbsp;<\/p>\r\n<p>&nbsp;<\/p>\r\n<p>&nbsp;<\/p>\r\n<\/td>\r\n<\/tr>\r\n<\/tbody>\r\n<\/table>\r\n<p>&nbsp;<\/p>"},"excerpt":{"rendered":"<p>Soir\u00e9e d\u00e9di\u00e9e \u00e0 la visite du centre culturel CaixaForum et pr\u00e9sentation du prochain Congr\u00e8s de l\u2019AIC 2018 \u00e0 Yingge (Taiwan)<\/p>\n","protected":false,"raw":"Soir\u00e9e d\u00e9di\u00e9e \u00e0 la visite du centre culturel CaixaForum et pr\u00e9sentation du prochain Congr\u00e8s de l\u2019AIC 2018 \u00e0 Yingge (Taiwan)"},"author":4,"featured_media":537,"parent":146,"menu_order":0,"comment_status":"closed","ping_status":"closed","template":"","meta":{"_en_post_content":"<table>\r\n<tbody>\r\n<tr>\r\n<td colspan=\"2\">\r\n[caption id=\"attachment_537\" align=\"alignnone\" width=\"3504\"]<img class=\"wp-image-537 size-full\" src=\"https:\/\/barcelona2016.aic-iac.org\/wp-content\/uploads\/sites\/6\/2015\/09\/G2_CaixaForum.jpg\" alt=\"Caixa Forum\" width=\"3504\" height=\"2336\" \/> Caixa Forum[\/caption]\r\n<\/td>\r\n<\/tr>\r\n<tr>\r\n<td>\r\n<p><span style=\"text-decoration: underline;\">Caixaforum Cermic evening<\/span><\/p>\r\n<p><a href=\"https:\/\/barcelona2016.aic-iac.org\/iac-congress\/\">Link to CaixaForum Barcelona<\/a><\/p>\r\n<p>1912 - Architect: Josep Puig i Cadafalch<\/p>\r\n<p>Currently this building houses the cultural center <em>CaixaForum Barcelona<\/em>, which organizes important cultural events and art exhibitions.<\/p>\r\n<p><strong>INFORMATION ABOUT THE ACTIVITY:<\/strong><\/p>\r\n<p><a href=\"http:\/\/www.obrasocial.lacaixa.es\/nuestroscentros\/caixaforumbarcelona_es.html\"><strong>CaixaForum Barcelona<\/strong><\/a><strong> (former Casaramona factory)<\/strong><\/p>\r\n<p>Work created in 1912 by the architect Josep Puig i Cadafalch (1867-1956). This magnificent building, made entirely of brick, now houses the cultural centre CaixaForum Barcelona, which organizes important cultural events and art exhibitions. During the visit to the<\/p>\r\n<p>building and temporary exhibitions CaixaForum will be open exclusively to delegates of the Congress. Following the visit, the act of recognition will be held in the CaixaForum auditorium.<\/p>\r\n<p><strong><u>\u00a0<\/u><\/strong><\/p>\r\n<p>&nbsp;<\/p>\r\n<p>&nbsp;<\/p>\r\n<p>&nbsp;<\/p>\r\n<\/td>\r\n<td rowspan=\"2\">\r\n<p>19:30<br \/> CaixaForum Barcelona<\/p>\r\n<ul>\r\n<li>Visit to the headquarters of CaixaForum, the \"Casaramona Factory\" (1912) with audio guides.<\/li>\r\n<li>Visit to the temporary exhibition \u201cThe Ming Dynasty, Empire of Gold\u201d.<\/li>\r\n<\/ul>\r\n<p>20:45\u00a0 <br \/>CaixaForum Auditorium. Activities:<\/p>\r\n<ul>\r\n<li>Welcome by the director of CaixaForum<\/li>\r\n<li>Act of recognition of the corporate sponsors and collaborating institutions of the IAC Congress 2016.<\/li>\r\n<li>Presentation of diplomas of recognition to the promoters of the meetings of the IAC in Spain: Barcelona 1979: Elisenda Sala Val\u00e8ncia \u2013 Madrid 1986: Enric Mestre and Arcadi Blasco (EDP) Barcelona 2016: Emili Sempere<\/li>\r\n<li>Presentation of the distinction of Honorary Member of the AIC to the person who will be named at the appropriate time.<\/li>\r\n<\/ul>\r\n<p>21:30\u00a0 Dinner buffet.<\/p>\r\n<p>23.00 Return to hotel (bus).<\/p>\r\n<p>Event held in collaboration with CaixaForum Barcelona \u2013 Fundaci\u00f3 la Caixa<\/p>\r\n<p><strong>\u00a0<\/strong><\/p>\r\n<p><strong><u><br \/> <\/u><\/strong><\/p>\r\n<\/td>\r\n<\/tr>\r\n<tr>\r\n<td>\u00a0<\/td>\r\n<\/tr>\r\n<\/tbody>\r\n<\/table>\r\n<p>&nbsp;<\/p>","_en_post_name":"evening-14th-september-wednesday","_en_post_excerpt":"Currently this building houses the cultural center CaixaForum Barcelona, which organizes important cultural events and art exhibitions.","_en_post_title":"DAY 3\u2014WEDNESDAY 14.09.2016, EVENING","_fr_post_content":"<table>\r\n<tbody>\r\n<tr>\r\n<td colspan=\"2\">\r\n[caption id=\"attachment_537\" align=\"alignnone\" width=\"3504\"]<img class=\"wp-image-537 size-full\" src=\"https:\/\/barcelona2016.aic-iac.org\/wp-content\/uploads\/sites\/6\/2015\/09\/G2_CaixaForum.jpg\" alt=\"Caixa Forum\" width=\"3504\" height=\"2336\" \/> Caixa Forum[\/caption]\r\n<\/td>\r\n<\/tr>\r\n<tr>\r\n<td>\r\n<p><span style=\"text-decoration: underline;\">Caixaforum barcelone<br \/><\/span><\/p>\r\n<p>Soir\u00e9e d\u00e9di\u00e9e \u00e0 la visite du centre culturel <a href=\"http:\/\/obrasocial.lacaixa.es\/laCaixaFoundation\/home_en.html\">CaixaForum<\/a> et pr\u00e9sentation du prochain Congr\u00e8s de l\u2019AIC 2018 \u00e0 Yingge (Taiwan)<\/p>\r\n<p>1912 - Architecte: Josep Puig i Cadafalch<\/p>\r\n<p>CaixaForum se trouve dans un des principaux b\u00e2timents modernistes de Barcelone. Il s\u2019agit d\u2019une fabrique textile que l\u2019entrepreneur Casimir Casaramona commanda \u00e0 l\u2019architecte Puig i Cadafalch, un des trois architectes catalans les plus repr\u00e9sentatifs du modernisme. Le b\u00e2timent est une pi\u00e8ce unique de l\u2019architecture moderniste industrielle des d\u00e9buts du XX\u00e8me si\u00e8cle.<\/p>\r\n<p>&nbsp;<\/p>\r\n[caption id=\"attachment_774\" align=\"alignnone\" width=\"668\"]<img class=\"wp-image-774 size-full\" src=\"https:\/\/barcelona2016.aic-iac.org\/wp-content\/uploads\/sites\/6\/2015\/12\/56-3739187-caixa-forum.jpg\" alt=\"56-3739187-caixa-forum\" width=\"668\" height=\"426\" \/> Caixa Forum[\/caption]\r\n<\/td>\r\n<td>\r\n<p>19:30<br \/> CaixaForum Barcelona<\/p>\r\n<ul>\r\n<li>Visit to the headquarters of CaixaForum, the \"Casaramona Factory\" (1912) with audio guides.<\/li>\r\n<li>Visit to the temporary exhibition \u201cThe Ming Dynasty, Empire of Gold\u201d.<\/li>\r\n<\/ul>\r\n<p>20:45\u00a0 <br \/>CaixaForum Auditorium. Activities:<\/p>\r\n<ul>\r\n<li>Bienvenue de la direction de CaixaForum<\/li>\r\n<li>Partenaire du Congr\u00e8s AIC<\/li>\r\n<li><span id=\"result_box\" class=\"\" lang=\"fr\"><span class=\"\"> Dipl\u00f4mes<\/span> de reconnaissance <span class=\"\">aux<\/span> <span class=\"\">collaborateur du Congr\u00e8s AIC<\/span> en Espagne: <span class=\"\">Barcelone<\/span> <span class=\"\">1979:<\/span> <span class=\"\">Elisenda<\/span> Sala, Val\u00e8ncia - Madrid <span class=\"\">1986<\/span>: Enric <span class=\"\">Mestre<\/span> et Arcadi Blasco, <span class=\"\">Barcelone<\/span> 2016: <span class=\"\">Emili<\/span> Sempere.<\/span><\/li>\r\n<li><span id=\"result_box\" class=\"\" lang=\"fr\"><span class=\"\">Distinction :<\/span> membre d'honneur de l'AIC.<\/span><\/li>\r\n<\/ul>\r\n<p>21:30\u00a0 D\u00eener buffet.<\/p>\r\n<p>23.00<br \/> Retour \u00e0 l\u2019h\u00f4tel en autobus<\/p>\r\n<p>&nbsp;<\/p>\r\n<p>&nbsp;<\/p>\r\n<p>&nbsp;<\/p>\r\n<\/td>\r\n<\/tr>\r\n<\/tbody>\r\n<\/table>\r\n<p>&nbsp;<\/p>","_fr_post_name":"evening-14th-september-wednesday","_fr_post_excerpt":"Soir\u00e9e d\u00e9di\u00e9e \u00e0 la visite du centre culturel CaixaForum et pr\u00e9sentation du prochain Congr\u00e8s de l\u2019AIC 2018 \u00e0 Yingge (Taiwan)","_fr_post_title":"jour 3 - Mercredi 14.09.2016, soir\u00e9e","_es_post_content":"<table>\r\n<tbody>\r\n<tr>\r\n<td colspan=\"2\">\r\n[caption id=\"attachment_537\" align=\"alignnone\" width=\"3504\"]<img class=\"wp-image-537 size-full\" src=\"https:\/\/barcelona2016.aic-iac.org\/wp-content\/uploads\/sites\/6\/2015\/09\/G2_CaixaForum.jpg\" alt=\"Caixa Forum\" width=\"3504\" height=\"2336\" \/> Caixa Forum[\/caption]\r\n<\/td>\r\n<\/tr>\r\n<tr>\r\n<td>\r\n<p><span style=\"text-decoration: underline;\">\u00a0Velada en Caixaforum - presentaci\u00f3n de las futuras reuniones de la Academia<\/span><\/p>\r\n<p>Informaci\u00f3n sobre la actividad:<\/p>\r\n<p><a href=\"http:\/\/www.obrasocial.lacaixa.es\/nuestroscentros\/caixaforumbarcelona_es.html\">CaixaForum Barcelona<\/a> (antigua f\u00e1brica Casaramona)<\/p>\r\n<p>1912 - Arquitecto: Josep Puig i Cadafalch<\/p>\r\n<p>Este magn\u00edfico edificio, hecho enteramente de ladrillo, alberga actualmente el centro cultural CaixaForum Barcelona, que organiza importantes eventos culturales y exposiciones de arte.<\/p>\r\n<p>INFORMACI\u00d3 SOBRE L'ACTIVITAT:<\/p>\r\n<p>CaixaForum Barcelona (antiga f\u00e0brica Casaramona) Obra creada el 1912, per l\u2019arquitecte Josep Puig i Cadafalch (1867-1956). Aquest magn\u00edfic edifici, fet completament de ma\u00f3, acull actualment el centre cultural CaixaForum Barcelona, que organitza importants esdeveniments culturals i exposicions d'art. Es fa la visita a l'edifici i exposicions temporals en horari obert exclusivament als delegats del Congr\u00e9s. Despr\u00e9s es far\u00e0 l\u2019acte de reconeixement a l\u2019auditori del CaixaForum.<\/p>\r\n<\/td>\r\n<td rowspan=\"2\">\r\n<p>Acte de reconeixement als patrocinadors i collaboradors del congr\u00e9s i als responsables de les reunions de l'AIC a Espanya<\/p>\r\n<p>19.30h - CaixaForum Barcelona. Activitats:<\/p>\r\n<p>- Visita a la seu de CaixaForum, la \"F\u00e0brica Casaramona\" (1912) amb audioguies.<br \/>- Visita a l\u2019exposici\u00f3 temporal \u201cLa dinastia Ming, L'Imperi d'or\u201d.<\/p>\r\n<p>20.45h - Auditori del CaixaForum. Activitats:<\/p>\r\n<p>- Benvinguda a c\u00e0rrec del director de CaixaForum.<br \/>- Acte de reconeixement a les empreses patrocinadores i institucions col\u00b7laboradores del congr\u00e9s AIC 2016.<br \/>- Lliurament de diplomes de reconeixement als impulsors de les reunions de l\u2019AIC a<br \/>Espanya:<br \/>Barcelona 1979: Elisenda Sala.<br \/>Val\u00e8ncia \u2013 Madrid 1986: Enric Mestre i Arcadi Blasco (EDP).<br \/>Barcelona 2016: Emili Sempere.<br \/>- Lliurament de la distinci\u00f3 de Membre d\u2019Honor de l\u2019AIC a la persona que s\u2019anunciar\u00e0 oportunament.<\/p>\r\n<p>21.30h - Sopar bufet.<\/p>\r\n<p>23.00h - Retorn a l'hotel (autob\u00fas).<\/p>\r\n<p>Acte realitzat amb la col\u00b7laboraci\u00f3 de CaixaForum Barcelona \u2013 Fundaci\u00f3 la Caixa.<\/p>\r\n<\/td>\r\n<\/tr>\r\n<tr>\r\n<td>\u00a0<\/td>\r\n<\/tr>\r\n<\/tbody>\r\n<\/table>\r\n<p>&nbsp;<\/p>","_es_post_name":"evening-14th-september-wednesday","_es_post_excerpt":"Velada en Caixaforum - Acte de reconeixement als patrocinadors i collaboradors del congr\u00e9s i als responsables de les reunions de l'AIC a Espanya","_es_post_title":"D\u00cdA 3 - MI\u00c9RCOLES 14.09.2016, noche","_ca_post_content":"","_ca_post_name":"","_ca_post_excerpt":"","_ca_post_title":"","edit_language":"fr","footnotes":""},"class_list":["post-772","page","type-page","status-publish","has-post-thumbnail","hentry"],"_links":{"self":[{"href":"https:\/\/barcelona2016.aic-iac.org\/fr\/wp-json\/wp\/v2\/pages\/772","targetHints":{"allow":["GET"]}}],"collection":[{"href":"https:\/\/barcelona2016.aic-iac.org\/fr\/wp-json\/wp\/v2\/pages"}],"about":[{"href":"https:\/\/barcelona2016.aic-iac.org\/fr\/wp-json\/wp\/v2\/types\/page"}],"author":[{"embeddable":true,"href":"https:\/\/barcelona2016.aic-iac.org\/fr\/wp-json\/wp\/v2\/users\/4"}],"replies":[{"embeddable":true,"href":"https:\/\/barcelona2016.aic-iac.org\/fr\/wp-json\/wp\/v2\/comments?post=772"}],"version-history":[{"count":25,"href":"https:\/\/barcelona2016.aic-iac.org\/fr\/wp-json\/wp\/v2\/pages\/772\/revisions"}],"predecessor-version":[{"id":2160,"href":"https:\/\/barcelona2016.aic-iac.org\/fr\/wp-json\/wp\/v2\/pages\/772\/revisions\/2160"}],"up":[{"embeddable":true,"href":"https:\/\/barcelona2016.aic-iac.org\/fr\/wp-json\/wp\/v2\/pages\/146"}],"wp:featuredmedia":[{"embeddable":true,"href":"https:\/\/barcelona2016.aic-iac.org\/fr\/wp-json\/wp\/v2\/media\/537"}],"wp:attachment":[{"href":"https:\/\/barcelona2016.aic-iac.org\/fr\/wp-json\/wp\/v2\/media?parent=772"}],"curies":[{"name":"wp","href":"https:\/\/api.w.org\/{rel}","templated":true}]}}