{"id":779,"date":"2015-12-28T16:23:57","date_gmt":"2015-12-28T15:23:57","guid":{"rendered":"http:\/\/barcelona2016.aic-iac.org\/?page_id=779"},"modified":"2016-09-06T13:42:06","modified_gmt":"2016-09-06T12:42:06","slug":"evening-16th-september-friday","status":"publish","type":"page","link":"https:\/\/barcelona2016.aic-iac.org\/fr\/program\/ceramic-evenings-september-12-to-15\/evening-16th-september-friday\/","title":{"rendered":"jour 5 - vendredi 16.09.2016, soir\u00e9e de cl\u00f4ture","raw":"jour 5 - vendredi 16.09.2016, soir\u00e9e de cl\u00f4ture"},"content":{"rendered":"<table>\n<tbody>\n<tr>\n<td colspan=\"2\">\n<div id=\"attachment_1666\" style=\"width: 583px\" class=\"wp-caption alignnone\"><img loading=\"lazy\" decoding=\"async\" aria-describedby=\"caption-attachment-1666\" class=\"wp-image-1666 size-full\" src=\"https:\/\/barcelona2016.aic-iac.org\/wp-content\/uploads\/sites\/6\/2015\/12\/Fa\u00e7ana-_ret_br.jpg\" alt=\"Fa\u00e7ana _ret_br\" width=\"573\" height=\"697\" srcset=\"https:\/\/barcelona2016.aic-iac.org\/wp-content\/uploads\/sites\/2\/2015\/12\/Fa\u00e7ana-_ret_br.jpg 573w, https:\/\/barcelona2016.aic-iac.org\/wp-content\/uploads\/sites\/2\/2015\/12\/Fa\u00e7ana-_ret_br-300x365.jpg 300w\" sizes=\"auto, (max-width: 573px) 100vw, 573px\" \/><p id=\"caption-attachment-1666\" class=\"wp-caption-text\">Pottery museum of Argentona<\/p><\/div>\n<\/td>\n<\/tr>\n<tr>\n<td>\n<p><span style=\"text-decoration: underline;\">Soir\u00e9e de cl\u00f4ture du Congr\u00e8s \u00e0 Argentona<\/span><\/p>\n<p>19:30<\/p>\n<p>Visite libre\u00a0:<\/p>\n<ul>\n<li>Mus\u00e9e de la Poterie \u00ab\u00a0Museu du C\u00e0ntir\u00a0\u00bb<\/li>\n<li>Exposition: Joan Serra (AIC) \u00ab\u00a0Protopeces\u00a0\u00bb<\/li>\n<li>Exposition: Mia Llauder (AIC) \u00ab\u00a0Retrats\u00a0\u00bb<\/li>\n<li>Maison moderniste de l\u2019architecte J. Puig i Cadafalch<\/li>\n<li>Place de l\u2019Eglise: D\u00eener et f\u00eate de fin de congr\u00e8s<\/li>\n<\/ul>\n<p>23:00 <br \/>Retour \u00e0 Barcelone<\/p>\n<\/td>\n<td>\n<p>&nbsp;<\/p>\n<\/td>\n<\/tr>\n<\/tbody>\n<\/table>\n<p>&nbsp;<\/p>\n","protected":false,"raw":"<table>\r\n<tbody>\r\n<tr>\r\n<td colspan=\"2\">\r\n[caption id=\"attachment_1666\" align=\"alignnone\" width=\"573\"]<img class=\"wp-image-1666 size-full\" src=\"https:\/\/barcelona2016.aic-iac.org\/wp-content\/uploads\/sites\/6\/2015\/12\/Fa\u00e7ana-_ret_br.jpg\" alt=\"Fa\u00e7ana _ret_br\" width=\"573\" height=\"697\" \/> Pottery museum of Argentona[\/caption]\r\n<\/td>\r\n<\/tr>\r\n<tr>\r\n<td>\r\n<p><span style=\"text-decoration: underline;\">Soir\u00e9e de cl\u00f4ture du Congr\u00e8s \u00e0 Argentona<\/span><\/p>\r\n<p>19:30<\/p>\r\n<p>Visite libre\u00a0:<\/p>\r\n<ul>\r\n<li>Mus\u00e9e de la Poterie \u00ab\u00a0Museu du C\u00e0ntir\u00a0\u00bb<\/li>\r\n<li>Exposition: Joan Serra (AIC) \u00ab\u00a0Protopeces\u00a0\u00bb<\/li>\r\n<li>Exposition: Mia Llauder (AIC) \u00ab\u00a0Retrats\u00a0\u00bb<\/li>\r\n<li>Maison moderniste de l\u2019architecte J. Puig i Cadafalch<\/li>\r\n<li>Place de l\u2019Eglise: D\u00eener et f\u00eate de fin de congr\u00e8s<\/li>\r\n<\/ul>\r\n<p>23:00 <br \/>Retour \u00e0 Barcelone<\/p>\r\n<\/td>\r\n<td>\r\n<p>&nbsp;<\/p>\r\n<\/td>\r\n<\/tr>\r\n<\/tbody>\r\n<\/table>\r\n<p>&nbsp;<\/p>"},"excerpt":{"rendered":"<p>Le d\u00eener et soir\u00e9e de cl\u00f4ture du Congr\u00e8s<\/p>\n","protected":false,"raw":"Le d\u00eener et soir\u00e9e de cl\u00f4ture du Congr\u00e8s"},"author":4,"featured_media":1666,"parent":146,"menu_order":0,"comment_status":"closed","ping_status":"closed","template":"","meta":{"_en_post_content":"<table>\r\n<tbody>\r\n<tr>\r\n<td colspan=\"2\">\r\n[caption id=\"attachment_1666\" align=\"alignnone\" width=\"573\"]<img class=\"wp-image-1666 size-full\" src=\"https:\/\/barcelona2016.aic-iac.org\/wp-content\/uploads\/sites\/6\/2015\/12\/Fa\u00e7ana-_ret_br.jpg\" alt=\"Fa\u00e7ana _ret_br\" width=\"573\" height=\"697\" \/> Pottery museum of Argentona[\/caption]\r\n<\/td>\r\n<\/tr>\r\n<tr>\r\n<td>\r\n<p><span style=\"text-decoration: underline;\">Visit and Farewell dinner in Argantona<br \/><\/span><\/p>\r\n<p>19.30<br \/> Argentona. Visits:<\/p>\r\n<ul>\r\n<li>Summer house of Puig i Cadafalch<\/li>\r\n<li>Museu del C\u00e0ntir<\/li>\r\n<li>Exhibition by Joan Serra \u201cPROTOPECES\u201d<\/li>\r\n<li>Exhibition by Mia Llauder \u201cRETRATS\u201d<\/li>\r\n<\/ul>\r\n<p>21.00<br \/>Dinner and end-of-Congress party in Pla\u00e7a de l'Esgl\u00e9sia<\/p>\r\n<p>23.00\u00a0<br \/> Return to Barcelona (bus)<\/p>\r\n<\/td>\r\n<td>\u00a0Visit to the puig i cadafalch house, Museu del C\u00e0ntir exhibitions, dinner and end of Congress party\r\n<p>&nbsp;<\/p>\r\n<\/td>\r\n<\/tr>\r\n<\/tbody>\r\n<\/table>\r\n<p>&nbsp;<\/p>","_en_post_name":"evening-16th-september-friday","_en_post_excerpt":"This is the only evening that we will be leaving the city of Barcelona. This will be the farewell dinner and a special ceramic activity and dancing is planned.","_en_post_title":"DAY 5\u2014FRIDAY 16.09.2016, EVENING","_fr_post_content":"<table>\r\n<tbody>\r\n<tr>\r\n<td colspan=\"2\">\r\n[caption id=\"attachment_1666\" align=\"alignnone\" width=\"573\"]<img class=\"wp-image-1666 size-full\" src=\"https:\/\/barcelona2016.aic-iac.org\/wp-content\/uploads\/sites\/6\/2015\/12\/Fa\u00e7ana-_ret_br.jpg\" alt=\"Fa\u00e7ana _ret_br\" width=\"573\" height=\"697\" \/> Pottery museum of Argentona[\/caption]\r\n<\/td>\r\n<\/tr>\r\n<tr>\r\n<td>\r\n<p><span style=\"text-decoration: underline;\">Soir\u00e9e de cl\u00f4ture du Congr\u00e8s \u00e0 Argentona<\/span><\/p>\r\n<p>19:30<\/p>\r\n<p>Visite libre\u00a0:<\/p>\r\n<ul>\r\n<li>Mus\u00e9e de la Poterie \u00ab\u00a0Museu du C\u00e0ntir\u00a0\u00bb<\/li>\r\n<li>Exposition: Joan Serra (AIC) \u00ab\u00a0Protopeces\u00a0\u00bb<\/li>\r\n<li>Exposition: Mia Llauder (AIC) \u00ab\u00a0Retrats\u00a0\u00bb<\/li>\r\n<li>Maison moderniste de l\u2019architecte J. Puig i Cadafalch<\/li>\r\n<li>Place de l\u2019Eglise: D\u00eener et f\u00eate de fin de congr\u00e8s<\/li>\r\n<\/ul>\r\n<p>23:00 <br \/>Retour \u00e0 Barcelone<\/p>\r\n<\/td>\r\n<td>\r\n<p>&nbsp;<\/p>\r\n<\/td>\r\n<\/tr>\r\n<\/tbody>\r\n<\/table>\r\n<p>&nbsp;<\/p>","_fr_post_name":"evening-16th-september-friday","_fr_post_excerpt":"Le d\u00eener et soir\u00e9e de cl\u00f4ture du Congr\u00e8s","_fr_post_title":"jour 5 - vendredi 16.09.2016, soir\u00e9e de cl\u00f4ture","_es_post_content":"<table>\r\n<tbody>\r\n<tr>\r\n<td colspan=\"2\">\r\n[caption id=\"attachment_1666\" align=\"alignnone\" width=\"573\"]<img class=\"wp-image-1666 size-full\" src=\"https:\/\/barcelona2016.aic-iac.org\/wp-content\/uploads\/sites\/6\/2015\/12\/Fa\u00e7ana-_ret_br.jpg\" alt=\"Fa\u00e7ana _ret_br\" width=\"573\" height=\"697\" \/> Pottery museum of Argentona[\/caption]\r\n<\/td>\r\n<\/tr>\r\n<tr>\r\n<td>\r\n<p><span style=\"text-decoration: underline;\">Visitas y cena de fin de congreso en Argentona<br \/><\/span><\/p>\r\n<p>19:30h\u00a0<br \/> Argentona. Visites:<br \/>- Casa d'estiueig de Puig i Cadafalch<br \/>- Museu del C\u00e0ntir<br \/>- Exposici\u00f3 de Joan Serra \u201cPROTOPECES\u201d<br \/>- Exposici\u00f3 de Mia Llauder \u201cRETRATS\u201d<\/p>\r\n<p>21.00h\u00a0<br \/> Sopar i festa de fi de congr\u00e9s a la Pla\u00e7a de l'Esgl\u00e9sia.<\/p>\r\n<p>23:00h <br \/>Retorn a Barcelona (autob\u00fas).<\/p>\r\n<\/td>\r\n<td>Visita casa Puig i Cadaflch, Museu del C\u00e0ntir, exposicions, sopar I festa de fi de Congr\u00e9s.<\/td>\r\n<\/tr>\r\n<\/tbody>\r\n<\/table>\r\n<p>&nbsp;<\/p>","_es_post_name":"evening-16th-september-friday","_es_post_excerpt":"Visita casa Puig i Cadaflch, Museu del C\u00e0ntir, exposicions, sopar I festa de fi de Congr\u00e9s. ","_es_post_title":"D\u00cdA 5 - viernes 16.09.2016, NOCHE","_ca_post_content":"","_ca_post_name":"","_ca_post_excerpt":"","_ca_post_title":"","edit_language":"fr","footnotes":""},"class_list":["post-779","page","type-page","status-publish","has-post-thumbnail","hentry"],"_links":{"self":[{"href":"https:\/\/barcelona2016.aic-iac.org\/fr\/wp-json\/wp\/v2\/pages\/779","targetHints":{"allow":["GET"]}}],"collection":[{"href":"https:\/\/barcelona2016.aic-iac.org\/fr\/wp-json\/wp\/v2\/pages"}],"about":[{"href":"https:\/\/barcelona2016.aic-iac.org\/fr\/wp-json\/wp\/v2\/types\/page"}],"author":[{"embeddable":true,"href":"https:\/\/barcelona2016.aic-iac.org\/fr\/wp-json\/wp\/v2\/users\/4"}],"replies":[{"embeddable":true,"href":"https:\/\/barcelona2016.aic-iac.org\/fr\/wp-json\/wp\/v2\/comments?post=779"}],"version-history":[{"count":21,"href":"https:\/\/barcelona2016.aic-iac.org\/fr\/wp-json\/wp\/v2\/pages\/779\/revisions"}],"predecessor-version":[{"id":2177,"href":"https:\/\/barcelona2016.aic-iac.org\/fr\/wp-json\/wp\/v2\/pages\/779\/revisions\/2177"}],"up":[{"embeddable":true,"href":"https:\/\/barcelona2016.aic-iac.org\/fr\/wp-json\/wp\/v2\/pages\/146"}],"wp:featuredmedia":[{"embeddable":true,"href":"https:\/\/barcelona2016.aic-iac.org\/fr\/wp-json\/wp\/v2\/media\/1666"}],"wp:attachment":[{"href":"https:\/\/barcelona2016.aic-iac.org\/fr\/wp-json\/wp\/v2\/media?parent=779"}],"curies":[{"name":"wp","href":"https:\/\/api.w.org\/{rel}","templated":true}]}}